{"id":968,"date":"2023-02-15T20:48:10","date_gmt":"2023-02-15T20:48:10","guid":{"rendered":"https:\/\/kiwi-kulturinitiative.de\/index.html\/?page_id=968"},"modified":"2024-12-15T16:18:01","modified_gmt":"2024-12-15T16:18:01","slug":"gaby-kuebert-schmuck-design","status":"publish","type":"page","link":"https:\/\/kiwi-kulturinitiative.de\/index.html\/gaby-kuebert-schmuck-design\/","title":{"rendered":"Gaby K\u00fcbert"},"content":{"rendered":"\n<p class=\"has-text-color has-larger-font-size wp-block-paragraph\" style=\"color:#4f0c7b\"><strong>Gaby K\u00fcbert<\/strong><\/p>\n\n\n\n<figure class=\"wp-block-image size-large is-resized\"><img loading=\"lazy\" decoding=\"async\" width=\"743\" height=\"1024\" src=\"https:\/\/kiwi-kulturinitiative.de\/wp-content\/uploads\/2023\/06\/Gaby-Kuebert-Kette-SchaumkoralleOnyx-743x1024.jpg\" alt=\"\" class=\"wp-image-1154\" style=\"aspect-ratio:0.7251552795031055;width:459px;height:auto\" srcset=\"https:\/\/kiwi-kulturinitiative.de\/wp-content\/uploads\/2023\/06\/Gaby-Kuebert-Kette-SchaumkoralleOnyx-743x1024.jpg 743w, https:\/\/kiwi-kulturinitiative.de\/wp-content\/uploads\/2023\/06\/Gaby-Kuebert-Kette-SchaumkoralleOnyx-218x300.jpg 218w, https:\/\/kiwi-kulturinitiative.de\/wp-content\/uploads\/2023\/06\/Gaby-Kuebert-Kette-SchaumkoralleOnyx-768x1058.jpg 768w, https:\/\/kiwi-kulturinitiative.de\/wp-content\/uploads\/2023\/06\/Gaby-Kuebert-Kette-SchaumkoralleOnyx-1114x1536.jpg 1114w, https:\/\/kiwi-kulturinitiative.de\/wp-content\/uploads\/2023\/06\/Gaby-Kuebert-Kette-SchaumkoralleOnyx-1486x2048.jpg 1486w, https:\/\/kiwi-kulturinitiative.de\/wp-content\/uploads\/2023\/06\/Gaby-Kuebert-Kette-SchaumkoralleOnyx.jpg 1655w\" sizes=\"auto, (max-width: 743px) 100vw, 743px\" \/><\/figure>\n\n\n\n<p class=\"wp-block-paragraph\">Gaby K\u00fcbert, Kette Schaumkoralle+Onyx mit Magnetverschluss, 46 cm lang<br><br>Mein Name ist Gaby K\u00fcbert und ich wohne seit 1982 in Klein-Winternheim.&nbsp;<\/p>\n\n\n\n<p class=\"wp-block-paragraph\">Seit ca. 10 Jahren fertige ich Schmuck aus S\u00fc\u00dfwasserperlen und Halbedelsteinen an. <br>Gerne gehe ich auch auf individuelle Gestaltungsw\u00fcnsche ein.&nbsp;<\/p>\n\n\n\n<p class=\"wp-block-paragraph\">Ich w\u00fcrde mich freuen Sie auf der Ausstellung begr\u00fc\u00dfen zu d\u00fcrfen!<\/p>\n\n\n\n<figure class=\"wp-block-image size-large is-resized\"><img loading=\"lazy\" decoding=\"async\" width=\"1024\" height=\"1024\" src=\"https:\/\/kiwi-kulturinitiative.de\/wp-content\/uploads\/2023\/02\/InCollage_20221013_233202451-1-1024x1024.jpg\" alt=\"\" class=\"wp-image-970\" style=\"width:461px;height:auto\" srcset=\"https:\/\/kiwi-kulturinitiative.de\/wp-content\/uploads\/2023\/02\/InCollage_20221013_233202451-1-1024x1024.jpg 1024w, https:\/\/kiwi-kulturinitiative.de\/wp-content\/uploads\/2023\/02\/InCollage_20221013_233202451-1-300x300.jpg 300w, https:\/\/kiwi-kulturinitiative.de\/wp-content\/uploads\/2023\/02\/InCollage_20221013_233202451-1-150x150.jpg 150w, https:\/\/kiwi-kulturinitiative.de\/wp-content\/uploads\/2023\/02\/InCollage_20221013_233202451-1-768x768.jpg 768w, https:\/\/kiwi-kulturinitiative.de\/wp-content\/uploads\/2023\/02\/InCollage_20221013_233202451-1-1536x1536.jpg 1536w, https:\/\/kiwi-kulturinitiative.de\/wp-content\/uploads\/2023\/02\/InCollage_20221013_233202451-1-2048x2048.jpg 2048w\" sizes=\"auto, (max-width: 1024px) 100vw, 1024px\" \/><\/figure>\n\n\n\n<p class=\"wp-block-paragraph\"><\/p>\n\n\n\n<p class=\"wp-block-paragraph\"><\/p>\n","protected":false},"excerpt":{"rendered":"<p>Gaby K\u00fcbert Gaby K\u00fcbert, Kette Schaumkoralle+Onyx mit Magnetverschluss, 46 cm lang Mein Name ist Gaby K\u00fcbert und ich wohne seit 1982 in Klein-Winternheim.&nbsp; Seit ca. 10 Jahren fertige ich Schmuck [&hellip;]<\/p>\n","protected":false},"author":1,"featured_media":0,"parent":0,"menu_order":0,"comment_status":"closed","ping_status":"closed","template":"","meta":{"_crdt_document":"","footnotes":""},"class_list":["post-968","page","type-page","status-publish","hentry","wpbf-post"],"_links":{"self":[{"href":"https:\/\/kiwi-kulturinitiative.de\/index.html\/wp-json\/wp\/v2\/pages\/968","targetHints":{"allow":["GET"]}}],"collection":[{"href":"https:\/\/kiwi-kulturinitiative.de\/index.html\/wp-json\/wp\/v2\/pages"}],"about":[{"href":"https:\/\/kiwi-kulturinitiative.de\/index.html\/wp-json\/wp\/v2\/types\/page"}],"author":[{"embeddable":true,"href":"https:\/\/kiwi-kulturinitiative.de\/index.html\/wp-json\/wp\/v2\/users\/1"}],"replies":[{"embeddable":true,"href":"https:\/\/kiwi-kulturinitiative.de\/index.html\/wp-json\/wp\/v2\/comments?post=968"}],"version-history":[{"count":9,"href":"https:\/\/kiwi-kulturinitiative.de\/index.html\/wp-json\/wp\/v2\/pages\/968\/revisions"}],"predecessor-version":[{"id":2134,"href":"https:\/\/kiwi-kulturinitiative.de\/index.html\/wp-json\/wp\/v2\/pages\/968\/revisions\/2134"}],"wp:attachment":[{"href":"https:\/\/kiwi-kulturinitiative.de\/index.html\/wp-json\/wp\/v2\/media?parent=968"}],"curies":[{"name":"wp","href":"https:\/\/api.w.org\/{rel}","templated":true}]}}