{"id":919,"date":"2023-02-14T17:14:26","date_gmt":"2023-02-14T17:14:26","guid":{"rendered":"https:\/\/kiwi-kulturinitiative.de\/index.html\/?page_id=919"},"modified":"2023-06-12T10:09:58","modified_gmt":"2023-06-12T10:09:58","slug":"anna-christina-nendza","status":"publish","type":"page","link":"https:\/\/kiwi-kulturinitiative.de\/index.html\/anna-christina-nendza\/","title":{"rendered":"Anna Christina Nendza"},"content":{"rendered":"\n<p class=\"has-larger-font-size wp-block-paragraph\"><strong>Anna Christina Nendza<\/strong><\/p>\n\n\n\n<figure class=\"wp-block-image size-large is-resized\"><img loading=\"lazy\" decoding=\"async\" src=\"https:\/\/kiwi-kulturinitiative.de\/wp-content\/uploads\/2023\/06\/Pizzagesicht-Hallo-Pizza2019-50x-40-cm-813x1024.jpg\" alt=\"\" class=\"wp-image-1144\" width=\"352\" height=\"443\" srcset=\"https:\/\/kiwi-kulturinitiative.de\/wp-content\/uploads\/2023\/06\/Pizzagesicht-Hallo-Pizza2019-50x-40-cm-813x1024.jpg 813w, https:\/\/kiwi-kulturinitiative.de\/wp-content\/uploads\/2023\/06\/Pizzagesicht-Hallo-Pizza2019-50x-40-cm-238x300.jpg 238w, https:\/\/kiwi-kulturinitiative.de\/wp-content\/uploads\/2023\/06\/Pizzagesicht-Hallo-Pizza2019-50x-40-cm-768x968.jpg 768w, https:\/\/kiwi-kulturinitiative.de\/wp-content\/uploads\/2023\/06\/Pizzagesicht-Hallo-Pizza2019-50x-40-cm.jpg 1024w\" sizes=\"auto, (max-width: 352px) 100vw, 352px\" \/><\/figure>\n\n\n\n<p class=\"wp-block-paragraph\">Anna Christina Nenzda &#8222;Pizzagesicht&#8220;, 2020, <br>Acryl auf Leinwand, 50&#215;40 cm<br>&#8211; f\u00fcr Kunstauktion &#8222;Ukrainehilfe&#8220; gespendet<\/p>\n\n\n\n<p class=\"has-large-font-size wp-block-paragraph\"><strong>Anna Christina Nenzda ist diesj\u00e4hrige<\/strong> <strong>Gast-Ausstellerin,<br>Thema: &#8222;Froh &amp; Munter&#8220;<\/strong><\/p>\n\n\n\n<p class=\"wp-block-paragraph\">Als ehemalige Klein-Winternheimerin \u201cAnna Christina Schmittgen\u201c ist sie Teil der Klein-Winternheimer Kreativit\u00e4t!<br>Sie lebt und arbeitet in D\u00fcsseldorf.<\/p>\n\n\n\n<p class=\"wp-block-paragraph\">2011- 2019 Studium Kunstakademie D\u00fcsseldorf, <br>Meistersch\u00fclerin von Professor Andreas Schulze<\/p>\n\n\n\n<p class=\"wp-block-paragraph\"><em>&#8222;Die Laune bei meinen Mitarbeiterinnen und Mitarbeitern steigt stetig, seit Anna Christina Nendzas Arbeiten bei uns h\u00e4ngen, weil sie so fr\u00f6hlich und farbenfroh sind&#8220;<\/em> Zitat von Martin Braun, Inh. des Art Hotel Braun, Kirchheim-Bolanden.<br><br>Anna Christina Nendza f\u00fchrt nicht nur den Akademiebrief der Kunstakademie D\u00fcsseldorf, sondern hat auch das Staatsexamen in Deutsch und Kunst f\u00fcr das Grundschullehramt. Durch ihr Lehramtsstudium habe sie gelernt, erz\u00e4hlerisch zu arbeiten, erkl\u00e4rt die K\u00fcnstlerin. Beim anschlie\u00dfenden Beginn ihres Studiums habe sie noch versucht, vollst\u00e4ndige Geschichten in ihren Bildern zu erz\u00e4hlen. Das Erz\u00e4hlen sei aber im Laufe der Zeit immer mehr in den Hintergrund ger\u00fcckt. <br>Mittlerweile zeigen Anna Christina Nendzas Arbeiten Ausz\u00fcge aus ihrem stetig wachsendem Archiv an verspielten Gedanken und visuellen Komponenten.&nbsp;<\/p>\n\n\n\n<figure class=\"wp-block-image size-large is-resized\"><img loading=\"lazy\" decoding=\"async\" src=\"https:\/\/kiwi-kulturinitiative.de\/wp-content\/uploads\/2023\/02\/Cafe-Flug-2019-29x19.5-cmGouache-auf-Papier-727x1024.jpg\" alt=\"\" class=\"wp-image-920\" width=\"358\" height=\"504\" srcset=\"https:\/\/kiwi-kulturinitiative.de\/wp-content\/uploads\/2023\/02\/Cafe-Flug-2019-29x19.5-cmGouache-auf-Papier-727x1024.jpg 727w, https:\/\/kiwi-kulturinitiative.de\/wp-content\/uploads\/2023\/02\/Cafe-Flug-2019-29x19.5-cmGouache-auf-Papier-213x300.jpg 213w, https:\/\/kiwi-kulturinitiative.de\/wp-content\/uploads\/2023\/02\/Cafe-Flug-2019-29x19.5-cmGouache-auf-Papier-768x1082.jpg 768w, https:\/\/kiwi-kulturinitiative.de\/wp-content\/uploads\/2023\/02\/Cafe-Flug-2019-29x19.5-cmGouache-auf-Papier-1090x1536.jpg 1090w, https:\/\/kiwi-kulturinitiative.de\/wp-content\/uploads\/2023\/02\/Cafe-Flug-2019-29x19.5-cmGouache-auf-Papier-1453x2048.jpg 1453w, https:\/\/kiwi-kulturinitiative.de\/wp-content\/uploads\/2023\/02\/Cafe-Flug-2019-29x19.5-cmGouache-auf-Papier-scaled.jpg 1817w\" sizes=\"auto, (max-width: 358px) 100vw, 358px\" \/><\/figure>\n","protected":false},"excerpt":{"rendered":"<p>Anna Christina Nendza Anna Christina Nenzda &#8222;Pizzagesicht&#8220;, 2020, Acryl auf Leinwand, 50&#215;40 cm&#8211; f\u00fcr Kunstauktion &#8222;Ukrainehilfe&#8220; gespendet Anna Christina Nenzda ist diesj\u00e4hrige Gast-Ausstellerin,Thema: &#8222;Froh &amp; Munter&#8220; Als ehemalige Klein-Winternheimerin \u201cAnna [&hellip;]<\/p>\n","protected":false},"author":1,"featured_media":0,"parent":0,"menu_order":0,"comment_status":"closed","ping_status":"closed","template":"","meta":{"_crdt_document":"","footnotes":""},"class_list":["post-919","page","type-page","status-publish","hentry","wpbf-post"],"_links":{"self":[{"href":"https:\/\/kiwi-kulturinitiative.de\/index.html\/wp-json\/wp\/v2\/pages\/919","targetHints":{"allow":["GET"]}}],"collection":[{"href":"https:\/\/kiwi-kulturinitiative.de\/index.html\/wp-json\/wp\/v2\/pages"}],"about":[{"href":"https:\/\/kiwi-kulturinitiative.de\/index.html\/wp-json\/wp\/v2\/types\/page"}],"author":[{"embeddable":true,"href":"https:\/\/kiwi-kulturinitiative.de\/index.html\/wp-json\/wp\/v2\/users\/1"}],"replies":[{"embeddable":true,"href":"https:\/\/kiwi-kulturinitiative.de\/index.html\/wp-json\/wp\/v2\/comments?post=919"}],"version-history":[{"count":7,"href":"https:\/\/kiwi-kulturinitiative.de\/index.html\/wp-json\/wp\/v2\/pages\/919\/revisions"}],"predecessor-version":[{"id":1147,"href":"https:\/\/kiwi-kulturinitiative.de\/index.html\/wp-json\/wp\/v2\/pages\/919\/revisions\/1147"}],"wp:attachment":[{"href":"https:\/\/kiwi-kulturinitiative.de\/index.html\/wp-json\/wp\/v2\/media?parent=919"}],"curies":[{"name":"wp","href":"https:\/\/api.w.org\/{rel}","templated":true}]}}