{"id":855,"date":"2023-02-05T11:21:16","date_gmt":"2023-02-05T11:21:16","guid":{"rendered":"https:\/\/kiwi-kulturinitiative.de\/index.html\/?page_id=855"},"modified":"2023-02-14T18:27:06","modified_gmt":"2023-02-14T18:27:06","slug":"hauskonzert-mit-stefan-albrecht","status":"publish","type":"page","link":"https:\/\/kiwi-kulturinitiative.de\/index.html\/hauskonzert-mit-stefan-albrecht\/","title":{"rendered":"Hauskonzert mit Stefan Albrecht  &#038; Ursula Kaiser"},"content":{"rendered":"\n<p class=\"has-text-color has-larger-font-size wp-block-paragraph\" style=\"color:#4f0c7b\"><strong>Hauskonzert mit Stefan Albrecht  &amp; Ursula Kaiser<\/strong><\/p>\n\n\n\n<p class=\"wp-block-paragraph\"><strong>Stefan Albrecht \u2013 Fl\u00f6te<\/strong><br><strong>Ursula Kaiser &#8211; Violoncello<\/strong><br><strong>Sonntag, 26.M\u00e4rz, 17:00 h<\/strong><br><strong>im Haus der Familie Tine &amp; Clemens Vogel<\/strong><br>Pfarrer-Falk-Str.23, Klein-Winternheim<br>Eintritt frei, jedoch E-Mail-Anmeldung erforderlich! (siehe unten)<br>Spenden willkommen<\/p>\n\n\n\n<figure class=\"wp-block-image size-large is-resized\"><img loading=\"lazy\" decoding=\"async\" src=\"https:\/\/kiwi-kulturinitiative.de\/wp-content\/uploads\/2023\/02\/Stefan-Albrecht-Ursula-Kaiser-1-759x1024.jpg\" alt=\"\" class=\"wp-image-857\" width=\"562\" height=\"758\" srcset=\"https:\/\/kiwi-kulturinitiative.de\/wp-content\/uploads\/2023\/02\/Stefan-Albrecht-Ursula-Kaiser-1-759x1024.jpg 759w, https:\/\/kiwi-kulturinitiative.de\/wp-content\/uploads\/2023\/02\/Stefan-Albrecht-Ursula-Kaiser-1-222x300.jpg 222w, https:\/\/kiwi-kulturinitiative.de\/wp-content\/uploads\/2023\/02\/Stefan-Albrecht-Ursula-Kaiser-1-768x1036.jpg 768w, https:\/\/kiwi-kulturinitiative.de\/wp-content\/uploads\/2023\/02\/Stefan-Albrecht-Ursula-Kaiser-1-1139x1536.jpg 1139w, https:\/\/kiwi-kulturinitiative.de\/wp-content\/uploads\/2023\/02\/Stefan-Albrecht-Ursula-Kaiser-1-1518x2048.jpg 1518w, https:\/\/kiwi-kulturinitiative.de\/wp-content\/uploads\/2023\/02\/Stefan-Albrecht-Ursula-Kaiser-1-scaled.jpg 1898w\" sizes=\"auto, (max-width: 562px) 100vw, 562px\" \/><\/figure>\n\n\n\n<p class=\"wp-block-paragraph\"><strong>\u201eKlein aber fein\u201c \u2013 ein kurzer Ritt durch die Musikgeschichte\u201c<\/strong><br>Stefan Albrecht und Ursula Kaiser pr\u00e4sentieren Ihnen mit Fl\u00f6te und Violoncello einen spannenden Bogen durch die Musikgeschichte.<br>In ausgew\u00e4hlten Werken geht es von der Bach-Familie bis hin zu Heitor Villa-Lobos \u201eD\u00fcsenpfeife\u201c.<br>Beide sind Dozent bzw. Dozentin am Peter-Cornelius-Konservatorium der Stadt Mainz und an der Hochschule f\u00fcr Musik in Mainz.<\/p>\n\n\n\n<p class=\"wp-block-paragraph\" style=\"font-size:19px\"><strong>Aufgrund begrenzten Platzes erfolgt die Reservierung der kostenlosen Eintrittskarten nur per E-Mail mit Angabe von Telefonnummer u. Wohnadresse an: christinevogel@tcmvogel.de <\/strong><br><strong>&#8211; unsere Best\u00e4tigung per R\u00fcck-Mail ist die Eintrittskarte! Spenden sind willkommen.<\/strong><\/p>\n","protected":false},"excerpt":{"rendered":"<p>Hauskonzert mit Stefan Albrecht &amp; Ursula Kaiser Stefan Albrecht \u2013 Fl\u00f6teUrsula Kaiser &#8211; VioloncelloSonntag, 26.M\u00e4rz, 17:00 him Haus der Familie Tine &amp; Clemens VogelPfarrer-Falk-Str.23, Klein-WinternheimEintritt frei, jedoch E-Mail-Anmeldung erforderlich! (siehe [&hellip;]<\/p>\n","protected":false},"author":1,"featured_media":0,"parent":0,"menu_order":0,"comment_status":"closed","ping_status":"closed","template":"","meta":{"_crdt_document":"","footnotes":""},"class_list":["post-855","page","type-page","status-publish","hentry","wpbf-post"],"_links":{"self":[{"href":"https:\/\/kiwi-kulturinitiative.de\/index.html\/wp-json\/wp\/v2\/pages\/855","targetHints":{"allow":["GET"]}}],"collection":[{"href":"https:\/\/kiwi-kulturinitiative.de\/index.html\/wp-json\/wp\/v2\/pages"}],"about":[{"href":"https:\/\/kiwi-kulturinitiative.de\/index.html\/wp-json\/wp\/v2\/types\/page"}],"author":[{"embeddable":true,"href":"https:\/\/kiwi-kulturinitiative.de\/index.html\/wp-json\/wp\/v2\/users\/1"}],"replies":[{"embeddable":true,"href":"https:\/\/kiwi-kulturinitiative.de\/index.html\/wp-json\/wp\/v2\/comments?post=855"}],"version-history":[{"count":5,"href":"https:\/\/kiwi-kulturinitiative.de\/index.html\/wp-json\/wp\/v2\/pages\/855\/revisions"}],"predecessor-version":[{"id":898,"href":"https:\/\/kiwi-kulturinitiative.de\/index.html\/wp-json\/wp\/v2\/pages\/855\/revisions\/898"}],"wp:attachment":[{"href":"https:\/\/kiwi-kulturinitiative.de\/index.html\/wp-json\/wp\/v2\/media?parent=855"}],"curies":[{"name":"wp","href":"https:\/\/api.w.org\/{rel}","templated":true}]}}