{"id":792,"date":"2023-01-16T13:55:37","date_gmt":"2023-01-16T13:55:37","guid":{"rendered":"https:\/\/kiwi-kulturinitiative.de\/index.html\/?page_id=792"},"modified":"2025-05-14T22:58:25","modified_gmt":"2025-05-14T22:58:25","slug":"rock-im-ritz-2","status":"publish","type":"page","link":"https:\/\/kiwi-kulturinitiative.de\/index.html\/rock-im-ritz-2\/","title":{"rendered":"Rock im Ritz mit Rockin&#8216; Blues"},"content":{"rendered":"\n<p class=\"has-larger-font-size wp-block-paragraph\"><strong>Rock im Ritz: &#8222;Sympathy For KiWi&#8220;<br>mit Rockin&#8216; Blues Band<\/strong><\/p>\n\n\n\n<p class=\"wp-block-paragraph\" style=\"font-size:19px\"><strong>Fr\u00fchschoppen im Haus Ritzinger &#8211; \u00fcberdachter Au\u00dfenbereich, <\/strong><br><strong>Hauptstr.34, Klein-Winternheim<br>Sonntag, 18.Juni 2023 11:00 h<\/strong><\/p>\n\n\n\n<figure class=\"wp-block-image size-large is-resized\"><img loading=\"lazy\" decoding=\"async\" width=\"1024\" height=\"683\" src=\"https:\/\/kiwi-kulturinitiative.de\/wp-content\/uploads\/2023\/05\/RockinBluesband-Querfoto-1024x683.jpg\" alt=\"\" class=\"wp-image-1094\" style=\"width:674px;height:449px\" srcset=\"https:\/\/kiwi-kulturinitiative.de\/wp-content\/uploads\/2023\/05\/RockinBluesband-Querfoto-1024x683.jpg 1024w, https:\/\/kiwi-kulturinitiative.de\/wp-content\/uploads\/2023\/05\/RockinBluesband-Querfoto-300x200.jpg 300w, https:\/\/kiwi-kulturinitiative.de\/wp-content\/uploads\/2023\/05\/RockinBluesband-Querfoto-768x512.jpg 768w, https:\/\/kiwi-kulturinitiative.de\/wp-content\/uploads\/2023\/05\/RockinBluesband-Querfoto.jpg 1417w\" sizes=\"auto, (max-width: 1024px) 100vw, 1024px\" \/><\/figure>\n\n\n\n<p class=\"wp-block-paragraph\">November 2015 &#8211;  F\u00fcnf Musiker treffen sich zum ersten Mal im Proberaum, um zusammen Musik zu machen. So weit, so einfach. <br>Schnell zeigt sich: es groovt! Es rockt! Es macht Spa\u00df &#8211; Blues from the heart. Die Band ist elektrisiert, erstmal von sich selbst. Und schnell wird klar: dieser Spa\u00df ist zu schade, um im Proberaum zu bleiben. Die ersten Auftritte kommen, und die Begeisterung schwappt \u00fcber. Derweil sprudelt es in der Band. Keine Woche vergeht, ohne dass einer der f\u00fcnf Musiker mit neuen Ideen in den Proberaum kommt. Mal bluest es, mal rockt es. Manchmal sind die Ideen ganz nah dran an den Originalen &#8211; dann wieder macht die Band ihre ganz eigene Version. Die Begeisterung schwappt weiter. Die Band etabliert sich als Dauergast bei allen m\u00f6glichen Gelegenheiten, wo die Menschen den Spa\u00df an der Musik sp\u00fcren wollen, die immer neuen Ideen, die pure Spielfreude und die unb\u00e4ndige Energie, mit der die Band ihr Publikum ansteckt. Diese Band ist nur zum Spa\u00df unterwegs. F\u00fcr den eigenen Spa\u00df und den des Publikum. Blues und Rock, live und mit gro\u00dfer Spielfreude, mit allem, was Blues und Rock ausmacht. Bekannte und weniger bekannte Blues- und Rocksongs in der RBB-eigenen Art, von der Band &nbsp;&#8222;veredelt&#8220;.&nbsp;F\u00fcnf Musiker aus dem Rhein-Main-Gebiet, die schlicht und einfach Spa\u00df haben an ihrer Musik und diesen Spa\u00df gern mit ihrem Publikum teilen. <br><strong>B.B. Tangel:<\/strong> Der Multifunktionsk\u00fcnstler an der Gitarre und am Mikrofon, der nicht nur ab und zu die Blues-Harp spielt, sondern immer wieder \u00fcberraschende Perkussionsinstrumente aus dem \u00c4rmel zieht. <br><strong>Hanns:<\/strong> Der Tastenmann am Mikro, der manchmal auch Congas, Kuhglocke und Schellenkranz bedient und die St\u00fccke mit Ansagen verbindet, die ihn manchmal sogar selbst \u00fcberraschen.<br><strong>Stephan:<\/strong> Unser neuer Mann an der Gitarre, bei dem man nicht sicher sein kann, ob das Instrument mit ihm verwachsen ist oder er mit dem Instrument&#8220;. <br><strong>Gregor:<\/strong> Der &#8222;tanzende Bassmann\u201d, der \u201cD.K. Dance&#8220; auf seinen Bass geklebt hat, was nicht nur Name seiner fr\u00fcheren Band war, sondern auch doppelt gemeinter Inhalt seines Bass-Spiels.&nbsp;<br><strong>Siggi:<\/strong> Die lebende, kreative Rhythmus-Maschine mit unfassbarem sitzenden Stehverm\u00f6gen an der Schie\u00dfbude und mit allzeit ansteckend bester Laune.<\/p>\n\n\n\n<figure class=\"wp-block-image size-large is-resized\"><img loading=\"lazy\" decoding=\"async\" width=\"1024\" height=\"768\" src=\"https:\/\/kiwi-kulturinitiative.de\/wp-content\/uploads\/2023\/05\/RockinBluesband-1024x768.jpg\" alt=\"\" class=\"wp-image-1095\" style=\"width:677px;height:508px\" srcset=\"https:\/\/kiwi-kulturinitiative.de\/wp-content\/uploads\/2023\/05\/RockinBluesband-1024x768.jpg 1024w, https:\/\/kiwi-kulturinitiative.de\/wp-content\/uploads\/2023\/05\/RockinBluesband-300x225.jpg 300w, https:\/\/kiwi-kulturinitiative.de\/wp-content\/uploads\/2023\/05\/RockinBluesband-768x576.jpg 768w, https:\/\/kiwi-kulturinitiative.de\/wp-content\/uploads\/2023\/05\/RockinBluesband.jpg 1197w\" sizes=\"auto, (max-width: 1024px) 100vw, 1024px\" \/><\/figure>\n\n\n\n<p class=\"wp-block-paragraph\"><\/p>\n","protected":false},"excerpt":{"rendered":"<p>Rock im Ritz: &#8222;Sympathy For KiWi&#8220;mit Rockin&#8216; Blues Band Fr\u00fchschoppen im Haus Ritzinger &#8211; \u00fcberdachter Au\u00dfenbereich, Hauptstr.34, Klein-WinternheimSonntag, 18.Juni 2023 11:00 h November 2015 &#8211; F\u00fcnf Musiker treffen sich zum [&hellip;]<\/p>\n","protected":false},"author":1,"featured_media":0,"parent":0,"menu_order":0,"comment_status":"closed","ping_status":"closed","template":"","meta":{"_crdt_document":"","footnotes":""},"class_list":["post-792","page","type-page","status-publish","hentry","wpbf-post"],"_links":{"self":[{"href":"https:\/\/kiwi-kulturinitiative.de\/index.html\/wp-json\/wp\/v2\/pages\/792","targetHints":{"allow":["GET"]}}],"collection":[{"href":"https:\/\/kiwi-kulturinitiative.de\/index.html\/wp-json\/wp\/v2\/pages"}],"about":[{"href":"https:\/\/kiwi-kulturinitiative.de\/index.html\/wp-json\/wp\/v2\/types\/page"}],"author":[{"embeddable":true,"href":"https:\/\/kiwi-kulturinitiative.de\/index.html\/wp-json\/wp\/v2\/users\/1"}],"replies":[{"embeddable":true,"href":"https:\/\/kiwi-kulturinitiative.de\/index.html\/wp-json\/wp\/v2\/comments?post=792"}],"version-history":[{"count":10,"href":"https:\/\/kiwi-kulturinitiative.de\/index.html\/wp-json\/wp\/v2\/pages\/792\/revisions"}],"predecessor-version":[{"id":2353,"href":"https:\/\/kiwi-kulturinitiative.de\/index.html\/wp-json\/wp\/v2\/pages\/792\/revisions\/2353"}],"wp:attachment":[{"href":"https:\/\/kiwi-kulturinitiative.de\/index.html\/wp-json\/wp\/v2\/media?parent=792"}],"curies":[{"name":"wp","href":"https:\/\/api.w.org\/{rel}","templated":true}]}}