{"id":775,"date":"2023-01-16T11:21:25","date_gmt":"2023-01-16T11:21:25","guid":{"rendered":"https:\/\/kiwi-kulturinitiative.de\/index.html\/?page_id=775"},"modified":"2023-01-16T11:32:50","modified_gmt":"2023-01-16T11:32:50","slug":"konzert-mit-nid-de-poule","status":"publish","type":"page","link":"https:\/\/kiwi-kulturinitiative.de\/index.html\/konzert-mit-nid-de-poule\/","title":{"rendered":"Konzert mit Nid De Poule"},"content":{"rendered":"\n<p class=\"has-larger-font-size wp-block-paragraph\"><strong>Konzert mit Nid De Poule<\/strong><\/p>\n\n\n\n<p class=\"wp-block-paragraph\" style=\"font-size:19px\"><strong>Samstag, 17. Juni, 19:30 h &#8211; 22:00 h<\/strong><br>Haus Ritzinger, <br>Hauptstrasse 34, Klein-Winternheim <br><\/p>\n\n\n\n<figure class=\"wp-block-image size-full is-resized\"><img loading=\"lazy\" decoding=\"async\" src=\"https:\/\/kiwi-kulturinitiative.de\/wp-content\/uploads\/2023\/01\/Nid-de-Poule.jpg\" alt=\"\" class=\"wp-image-776\" width=\"437\" height=\"214\" srcset=\"https:\/\/kiwi-kulturinitiative.de\/wp-content\/uploads\/2023\/01\/Nid-de-Poule.jpg 407w, https:\/\/kiwi-kulturinitiative.de\/wp-content\/uploads\/2023\/01\/Nid-de-Poule-300x147.jpg 300w\" sizes=\"auto, (max-width: 437px) 100vw, 437px\" \/><\/figure>\n\n\n\n<p class=\"has-regular-font-size wp-block-paragraph\">Braucht es mehr als zwei Gitarren, einen Kontrabass und eine leidenschaftliche Stimme, um reine Lebenslust zu feiern? <br>Begeistert vom Gypsy-Swing des Hot Club de France mit seinem Gitarristen Django Reinhardt spielt NID DE POULE eigene Chansons, die u.a. von unvergesslichen N\u00e4chten an der Loire oder dem Leben im Els\u00e4sser St\u00e4dtchen Selestat erz\u00e4hlen. Es treten aber auch Pinguine, Schnecken und Grillen in den Liedern auf, die von stiller Melancholie bis zur puren Lebensfreude die Bandbreite franz\u00f6sischer Musik widerspiegeln.<br>NID DE POULE gibt es seit 2013 und erspielte sich seitdem auf vielen Festival- und Kleinkunstb\u00fchnen einen Ruf als erfrischend unkonventionelles Chanson- Quartett.<\/p>\n\n\n\n<figure class=\"wp-block-image size-full is-resized\"><img loading=\"lazy\" decoding=\"async\" src=\"https:\/\/kiwi-kulturinitiative.de\/wp-content\/uploads\/2023\/01\/Nid-de-Poule-2.jpg\" alt=\"\" class=\"wp-image-777\" width=\"442\" height=\"400\" srcset=\"https:\/\/kiwi-kulturinitiative.de\/wp-content\/uploads\/2023\/01\/Nid-de-Poule-2.jpg 369w, https:\/\/kiwi-kulturinitiative.de\/wp-content\/uploads\/2023\/01\/Nid-de-Poule-2-300x272.jpg 300w\" sizes=\"auto, (max-width: 442px) 100vw, 442px\" \/><\/figure>\n\n\n\n<p class=\"has-regular-font-size wp-block-paragraph\">Was bedeutet nun eigentlich &#8222;Nid de Poule&#8220; ???<br>&nbsp;&nbsp;&#8222;la pompe manouche\u201c bezeichnet die rhythmische Swing Begleitung in der Gypsy Musik. Hierbei wird&nbsp; kr\u00e4ftig in die Saiten geschlagen, was entsprechende Spuren an dem Schlagloch der Gypsy Gitarren hinterl\u00e4sst. Die franz\u00f6sische Bezeichnung hierf\u00fcr ist \u201eNid de Poule\u201c (Schlagloch = franz. H\u00fchnernest). Was lag dann also n\u00e4her &#8230;?<\/p>\n","protected":false},"excerpt":{"rendered":"<p>Konzert mit Nid De Poule Samstag, 17. Juni, 19:30 h &#8211; 22:00 hHaus Ritzinger, Hauptstrasse 34, Klein-Winternheim Braucht es mehr als zwei Gitarren, einen Kontrabass und eine leidenschaftliche Stimme, um [&hellip;]<\/p>\n","protected":false},"author":1,"featured_media":0,"parent":0,"menu_order":0,"comment_status":"closed","ping_status":"closed","template":"","meta":{"_crdt_document":"","footnotes":""},"class_list":["post-775","page","type-page","status-publish","hentry","wpbf-post"],"_links":{"self":[{"href":"https:\/\/kiwi-kulturinitiative.de\/index.html\/wp-json\/wp\/v2\/pages\/775","targetHints":{"allow":["GET"]}}],"collection":[{"href":"https:\/\/kiwi-kulturinitiative.de\/index.html\/wp-json\/wp\/v2\/pages"}],"about":[{"href":"https:\/\/kiwi-kulturinitiative.de\/index.html\/wp-json\/wp\/v2\/types\/page"}],"author":[{"embeddable":true,"href":"https:\/\/kiwi-kulturinitiative.de\/index.html\/wp-json\/wp\/v2\/users\/1"}],"replies":[{"embeddable":true,"href":"https:\/\/kiwi-kulturinitiative.de\/index.html\/wp-json\/wp\/v2\/comments?post=775"}],"version-history":[{"count":2,"href":"https:\/\/kiwi-kulturinitiative.de\/index.html\/wp-json\/wp\/v2\/pages\/775\/revisions"}],"predecessor-version":[{"id":780,"href":"https:\/\/kiwi-kulturinitiative.de\/index.html\/wp-json\/wp\/v2\/pages\/775\/revisions\/780"}],"wp:attachment":[{"href":"https:\/\/kiwi-kulturinitiative.de\/index.html\/wp-json\/wp\/v2\/media?parent=775"}],"curies":[{"name":"wp","href":"https:\/\/api.w.org\/{rel}","templated":true}]}}