{"id":613,"date":"2022-12-30T12:59:04","date_gmt":"2022-12-30T12:59:04","guid":{"rendered":"https:\/\/kiwi-kulturinitiative.de\/index.html\/?page_id=613"},"modified":"2024-01-26T10:28:09","modified_gmt":"2024-01-26T10:28:09","slug":"klassik-im-rathaus-giuseppe-sortino","status":"publish","type":"page","link":"https:\/\/kiwi-kulturinitiative.de\/index.html\/klassik-im-rathaus-giuseppe-sortino\/","title":{"rendered":"Klassik im Rathaus Giuseppe Sortino"},"content":{"rendered":"\n<p class=\"has-text-color has-larger-font-size wp-block-paragraph\" style=\"color:#4f0c7b\"><strong>Klassik im Rathaus<\/strong><\/p>\n\n\n\n<p class=\"wp-block-paragraph\" style=\"font-size:19px\"><strong>Klavier-Konzert mit Giuseppe Sortino<\/strong><br><strong>Samstag, den 25. Februar 2023 19:30<\/strong><br><strong>alla carta: Spuntini siciliani (sizilianische Snacks) &amp; Vino siciliano<br>Konzertkarten: Vorverkauf 8 \u20ac  \/  Abendkasse 10 \u20ac<\/strong><\/p>\n\n\n\n<p class=\"wp-block-paragraph\" style=\"font-size:16px\">Giuseppe Sortino, geboren in Palermo auf Sizilien, studierte Klassisches Klavier im Konservatorium Claudio Monteverdi in Bozen, S\u00fcdtirol. Nach Abschluss des Bachelors mit Auszeichnung strebt er nun seinen Master an. W\u00e4hrend seines Studiums nahm er mit gro\u00dfem Erfolg an vielen nationalen und internationalen Wettbewerben teil. Er spielte bereits Solo Konzerte in London, Venedig und Bozen.<br>Aus seinem Repertoire spielt er St\u00fccke von Chopin, Beethoven, Bach und Liszt.<br><br>Sizilianische Spezialit\u00e4ten und K\u00f6stlichkeiten runden den Abend ab.<\/p>\n\n\n\n<figure class=\"wp-block-image size-large\"><img loading=\"lazy\" decoding=\"async\" width=\"683\" height=\"1024\" src=\"https:\/\/kiwi-kulturinitiative.de\/wp-content\/uploads\/2022\/12\/Giuseppe-Sortino-1-683x1024.jpg\" alt=\"\" class=\"wp-image-615\" srcset=\"https:\/\/kiwi-kulturinitiative.de\/wp-content\/uploads\/2022\/12\/Giuseppe-Sortino-1-683x1024.jpg 683w, https:\/\/kiwi-kulturinitiative.de\/wp-content\/uploads\/2022\/12\/Giuseppe-Sortino-1-200x300.jpg 200w, https:\/\/kiwi-kulturinitiative.de\/wp-content\/uploads\/2022\/12\/Giuseppe-Sortino-1-768x1151.jpg 768w, https:\/\/kiwi-kulturinitiative.de\/wp-content\/uploads\/2022\/12\/Giuseppe-Sortino-1-1025x1536.jpg 1025w, https:\/\/kiwi-kulturinitiative.de\/wp-content\/uploads\/2022\/12\/Giuseppe-Sortino-1.jpg 1306w\" sizes=\"auto, (max-width: 683px) 100vw, 683px\" \/><figcaption class=\"wp-element-caption\">Giuseppe Sortino<\/figcaption><\/figure>\n","protected":false},"excerpt":{"rendered":"<p>Klassik im Rathaus Klavier-Konzert mit Giuseppe SortinoSamstag, den 25. Februar 2023 19:30alla carta: Spuntini siciliani (sizilianische Snacks) &amp; Vino sicilianoKonzertkarten: Vorverkauf 8 \u20ac \/ Abendkasse 10 \u20ac Giuseppe Sortino, geboren [&hellip;]<\/p>\n","protected":false},"author":1,"featured_media":0,"parent":0,"menu_order":0,"comment_status":"closed","ping_status":"closed","template":"","meta":{"_crdt_document":"","footnotes":""},"class_list":["post-613","page","type-page","status-publish","hentry","wpbf-post"],"_links":{"self":[{"href":"https:\/\/kiwi-kulturinitiative.de\/index.html\/wp-json\/wp\/v2\/pages\/613","targetHints":{"allow":["GET"]}}],"collection":[{"href":"https:\/\/kiwi-kulturinitiative.de\/index.html\/wp-json\/wp\/v2\/pages"}],"about":[{"href":"https:\/\/kiwi-kulturinitiative.de\/index.html\/wp-json\/wp\/v2\/types\/page"}],"author":[{"embeddable":true,"href":"https:\/\/kiwi-kulturinitiative.de\/index.html\/wp-json\/wp\/v2\/users\/1"}],"replies":[{"embeddable":true,"href":"https:\/\/kiwi-kulturinitiative.de\/index.html\/wp-json\/wp\/v2\/comments?post=613"}],"version-history":[{"count":6,"href":"https:\/\/kiwi-kulturinitiative.de\/index.html\/wp-json\/wp\/v2\/pages\/613\/revisions"}],"predecessor-version":[{"id":1522,"href":"https:\/\/kiwi-kulturinitiative.de\/index.html\/wp-json\/wp\/v2\/pages\/613\/revisions\/1522"}],"wp:attachment":[{"href":"https:\/\/kiwi-kulturinitiative.de\/index.html\/wp-json\/wp\/v2\/media?parent=613"}],"curies":[{"name":"wp","href":"https:\/\/api.w.org\/{rel}","templated":true}]}}