{"id":592,"date":"2022-12-22T09:41:53","date_gmt":"2022-12-22T09:41:53","guid":{"rendered":"https:\/\/kiwi-kulturinitiative.de\/index.html\/?page_id=592"},"modified":"2024-08-09T14:11:32","modified_gmt":"2024-08-09T14:11:32","slug":"farben-so-bunt-wie-die-natur","status":"publish","type":"page","link":"https:\/\/kiwi-kulturinitiative.de\/index.html\/farben-so-bunt-wie-die-natur\/","title":{"rendered":"Farben so bunt wie die Natur"},"content":{"rendered":"\n<p class=\"has-text-color has-larger-font-size wp-block-paragraph\" style=\"color:#4f0c7b\"><strong>&#8222;Farben so bunt wie die Natur\u201c<\/strong><\/p>\n\n\n\n<p class=\"wp-block-paragraph\" style=\"font-size:25px\"><strong>mit Regisseurin Barbara Trottnow<\/strong><\/p>\n\n\n\n<p class=\"has-medium-font-size wp-block-paragraph\"><strong>Kulturst\u00e4tte \u201eLebendiges Museum\u201c<\/strong><br><strong>Raiffeisenstra\u00dfe 17, 55270 Klein-Winternheim<br>Freitag, 27. Januar, 19:30 h (Einlass ab 19:00 h)<br><a href=\"https:\/\/kiwi-kulturinitiative.de\/index.html\/tickets\/\">Vorverkauf 6,00 \u20ac<\/a>  \/  Abendkasse 8,00 \u20ac<\/strong><\/p>\n\n\n\n<p class=\"wp-block-paragraph\" style=\"font-size:16px\">In zwei neuen Kurzfilmen stellt Barbara Trottnow Menschen vor, die das alte Handwerk der Naturf\u00e4rberei wiederbeleben. Die Drehorte lagen in der T\u00fcrkei und in Deutschland.<\/p>\n\n\n\n<figure class=\"wp-block-image size-large is-resized\"><img loading=\"lazy\" decoding=\"async\" src=\"https:\/\/kiwi-kulturinitiative.de\/wp-content\/uploads\/2022\/12\/Kino-Farben-1024x807.jpg\" alt=\"\" class=\"wp-image-601\" width=\"642\" height=\"506\" srcset=\"https:\/\/kiwi-kulturinitiative.de\/wp-content\/uploads\/2022\/12\/Kino-Farben-1024x807.jpg 1024w, https:\/\/kiwi-kulturinitiative.de\/wp-content\/uploads\/2022\/12\/Kino-Farben-300x236.jpg 300w, https:\/\/kiwi-kulturinitiative.de\/wp-content\/uploads\/2022\/12\/Kino-Farben-768x605.jpg 768w, https:\/\/kiwi-kulturinitiative.de\/wp-content\/uploads\/2022\/12\/Kino-Farben-1536x1210.jpg 1536w, https:\/\/kiwi-kulturinitiative.de\/wp-content\/uploads\/2022\/12\/Kino-Farben.jpg 1574w\" sizes=\"auto, (max-width: 642px) 100vw, 642px\" \/><\/figure>\n\n\n\n<p class=\"wp-block-paragraph\" style=\"font-size:16px\">Farbstoffe aus der Natur, gewonnen aus Wurzeln, Bl\u00e4ttern oder L\u00e4usen, \u00fcberzeugen durch Vielfalt und Harmonie. Und sie sind eine nachhaltige Art, unsere Welt zu versch\u00f6nern. Aber das Wissen darum droht verloren zu gehen. Wir haben uns daran gew\u00f6hnt, dass Textilien in jeder erdenklichen Farbschattierung angeboten werden. Um ihre Herstellung und die damit einher gehende Belastung der Umwelt kreisen unsere Gedanken eher selten. Die Chemie versteht sich trefflich darauf, immer mehr Farben synthetisch herzustellen, zu g\u00fcnstigen Preisen und mit fast unbegrenzter Verf\u00fcgbarkeit. Die Jahrtausende alte Naturf\u00e4rberei hingegen ist aufw\u00e4ndig und erfordert viel Geduld und Erfahrung. Aber es gibt Menschen, die sich mit Erfolg darum bem\u00fchen, die alten Techniken anzuwenden und weiterzuentwickeln, mit \u00fcberzeugenden Ergebnissen. Schaut man ihnen interessiert zu, w\u00e4chst der Respekt vor der Natur und es dr\u00e4ngen sich Gedanken auf, wie wir mit knappen Ressourcen umgehen. Das Thema Nachhaltigkeit besch\u00e4ftigt viele Menschen.<br>Mit den beiden Filmen werfen wir noch einmal einen etwas anderen Blick darauf.<\/p>\n\n\n\n<p class=\"wp-block-paragraph\" style=\"font-size:16px\">Infos zu dem Filmprojekt:&nbsp;<a rel=\"noreferrer noopener\" href=\"https:\/\/naturfarben.bt-medienproduktion.de\/\" target=\"_blank\">https:\/\/naturfarben.bt-medienproduktion.de<\/a><\/p>\n\n\n\n<p class=\"wp-block-paragraph\"><\/p>\n","protected":false},"excerpt":{"rendered":"<p>&#8222;Farben so bunt wie die Natur\u201c mit Regisseurin Barbara Trottnow Kulturst\u00e4tte \u201eLebendiges Museum\u201cRaiffeisenstra\u00dfe 17, 55270 Klein-WinternheimFreitag, 27. Januar, 19:30 h (Einlass ab 19:00 h)Vorverkauf 6,00 \u20ac \/ Abendkasse 8,00 \u20ac [&hellip;]<\/p>\n","protected":false},"author":1,"featured_media":0,"parent":0,"menu_order":0,"comment_status":"closed","ping_status":"closed","template":"","meta":{"_crdt_document":"","footnotes":""},"class_list":["post-592","page","type-page","status-publish","hentry","wpbf-post"],"_links":{"self":[{"href":"https:\/\/kiwi-kulturinitiative.de\/index.html\/wp-json\/wp\/v2\/pages\/592","targetHints":{"allow":["GET"]}}],"collection":[{"href":"https:\/\/kiwi-kulturinitiative.de\/index.html\/wp-json\/wp\/v2\/pages"}],"about":[{"href":"https:\/\/kiwi-kulturinitiative.de\/index.html\/wp-json\/wp\/v2\/types\/page"}],"author":[{"embeddable":true,"href":"https:\/\/kiwi-kulturinitiative.de\/index.html\/wp-json\/wp\/v2\/users\/1"}],"replies":[{"embeddable":true,"href":"https:\/\/kiwi-kulturinitiative.de\/index.html\/wp-json\/wp\/v2\/comments?post=592"}],"version-history":[{"count":6,"href":"https:\/\/kiwi-kulturinitiative.de\/index.html\/wp-json\/wp\/v2\/pages\/592\/revisions"}],"predecessor-version":[{"id":1757,"href":"https:\/\/kiwi-kulturinitiative.de\/index.html\/wp-json\/wp\/v2\/pages\/592\/revisions\/1757"}],"wp:attachment":[{"href":"https:\/\/kiwi-kulturinitiative.de\/index.html\/wp-json\/wp\/v2\/media?parent=592"}],"curies":[{"name":"wp","href":"https:\/\/api.w.org\/{rel}","templated":true}]}}