{"id":430,"date":"2022-04-08T09:58:46","date_gmt":"2022-04-08T09:58:46","guid":{"rendered":"https:\/\/kiwi-kulturinitiative.de\/index.html\/?page_id=430"},"modified":"2026-02-12T17:55:35","modified_gmt":"2026-02-12T17:55:35","slug":"bodo-witzke","status":"publish","type":"page","link":"https:\/\/kiwi-kulturinitiative.de\/index.html\/bodo-witzke\/","title":{"rendered":"Bodo Witzke"},"content":{"rendered":"\n<p class=\"has-larger-font-size wp-block-paragraph\"><strong>Bodo Witzke<\/strong><\/p>\n\n\n\n<p class=\"has-larger-font-size wp-block-paragraph\">&#8222;<strong>In der Wassergasse, oder: Die versunkene Zeit<\/strong>&#8222;<\/p>\n\n\n\n<figure class=\"wp-block-image size-large is-resized\"><img loading=\"lazy\" decoding=\"async\" width=\"995\" height=\"1024\" src=\"https:\/\/kiwi-kulturinitiative.de\/wp-content\/uploads\/2026\/02\/Wassergasse-Witzke-2-995x1024.jpg\" alt=\"\" class=\"wp-image-2844\" style=\"width:496px;height:auto\" srcset=\"https:\/\/kiwi-kulturinitiative.de\/wp-content\/uploads\/2026\/02\/Wassergasse-Witzke-2-995x1024.jpg 995w, https:\/\/kiwi-kulturinitiative.de\/wp-content\/uploads\/2026\/02\/Wassergasse-Witzke-2-291x300.jpg 291w, https:\/\/kiwi-kulturinitiative.de\/wp-content\/uploads\/2026\/02\/Wassergasse-Witzke-2-768x791.jpg 768w, https:\/\/kiwi-kulturinitiative.de\/wp-content\/uploads\/2026\/02\/Wassergasse-Witzke-2-1492x1536.jpg 1492w, https:\/\/kiwi-kulturinitiative.de\/wp-content\/uploads\/2026\/02\/Wassergasse-Witzke-2-1989x2048.jpg 1989w\" sizes=\"auto, (max-width: 995px) 100vw, 995px\" \/><\/figure>\n\n\n\n<p class=\"wp-block-paragraph\"><em>Fotoserie von Bodo Witzke zu einem \u201eLost Place\u201c in Klein-Winternheim<\/em><\/p>\n\n\n\n<p class=\"wp-block-paragraph\">Heinrich Eckert hat hier gelebt, bis 1991, in den letzten Jahren alleine. Danach stand das Haus in der Klein-Winternheimer Wassergasse f\u00fcr viele Jahre leer. Jetzt wird es abgerissen, es soll mehr Wohnraum geschaffen werden. W\u00e4hrend der Enkel das Haus r\u00e4umt, dabei noch ein Gebets- und Gesangbuch des alten Heinrich findet und Heinrichs Anzug noch in an der Garderobe h\u00e4ngt, begibt sich der Fotograf Bodo Witzke mit der Kamera auf einen Rundgang durch den Ort, der eine l\u00e4ngst vergangene Zeit aufbewahrt: Den rostigen Trecker, die alte Tapete, die Dankeskarte f\u00fcr \u201eerwiesene Aufmerksamkeiten\u201c zur eigenen Silberhochzeit von 1948, die Heinrich und Ehefrau Katharina behalten hatten und noch viel mehr \u2013 Dinge, die von einem langen Leben erz\u00e4hlen und doch gleichzeitig an die Verg\u00e4nglichkeit der Welt erinnern.<\/p>\n\n\n\n<p class=\"wp-block-paragraph\">Bodo Witzke&nbsp;*1955, war ZDF-Redakteur und hat als Fernsehjournalist \u00fcber 70 Reportagen, Dokumentationen und Dokumentarfilme realisiert. F\u00fcr seine Arbeiten wurde er mit zahlreichen Preisen ausgezeichnet, wie dem \u201eJournalistenpreis Entwicklungspolitik\u201c, dem \u201ePrix Leonardo\u201c, etc. Er publizierte B\u00fccher zum dokumentarischen Fernsehen, zeichnete Cartoonb\u00fccher, ver\u00f6ffentlichte Fotob\u00fccher. Zu Beginn seiner Laufbahn wurde er Ingenieur der Phototechnik, das schloss eine fotografische Ausbildung mit ein.<\/p>\n","protected":false},"excerpt":{"rendered":"<p>Bodo Witzke &#8222;In der Wassergasse, oder: Die versunkene Zeit&#8222; Fotoserie von Bodo Witzke zu einem \u201eLost Place\u201c in Klein-Winternheim Heinrich Eckert hat hier gelebt, bis 1991, in den letzten Jahren [&hellip;]<\/p>\n","protected":false},"author":1,"featured_media":0,"parent":0,"menu_order":0,"comment_status":"closed","ping_status":"closed","template":"","meta":{"_crdt_document":"","footnotes":""},"class_list":["post-430","page","type-page","status-publish","hentry","wpbf-post"],"_links":{"self":[{"href":"https:\/\/kiwi-kulturinitiative.de\/index.html\/wp-json\/wp\/v2\/pages\/430","targetHints":{"allow":["GET"]}}],"collection":[{"href":"https:\/\/kiwi-kulturinitiative.de\/index.html\/wp-json\/wp\/v2\/pages"}],"about":[{"href":"https:\/\/kiwi-kulturinitiative.de\/index.html\/wp-json\/wp\/v2\/types\/page"}],"author":[{"embeddable":true,"href":"https:\/\/kiwi-kulturinitiative.de\/index.html\/wp-json\/wp\/v2\/users\/1"}],"replies":[{"embeddable":true,"href":"https:\/\/kiwi-kulturinitiative.de\/index.html\/wp-json\/wp\/v2\/comments?post=430"}],"version-history":[{"count":9,"href":"https:\/\/kiwi-kulturinitiative.de\/index.html\/wp-json\/wp\/v2\/pages\/430\/revisions"}],"predecessor-version":[{"id":2852,"href":"https:\/\/kiwi-kulturinitiative.de\/index.html\/wp-json\/wp\/v2\/pages\/430\/revisions\/2852"}],"wp:attachment":[{"href":"https:\/\/kiwi-kulturinitiative.de\/index.html\/wp-json\/wp\/v2\/media?parent=430"}],"curies":[{"name":"wp","href":"https:\/\/api.w.org\/{rel}","templated":true}]}}