{"id":4,"date":"2021-10-01T09:46:18","date_gmt":"2021-10-01T09:46:18","guid":{"rendered":"http:\/\/kiwi-kulturinitiative.de\/willkommen-auf-http-kiwi-kulturinitiative-de"},"modified":"2026-02-07T15:12:10","modified_gmt":"2026-02-07T15:12:10","slug":"willkommen-auf-http-kiwi-kulturinitiative-de","status":"publish","type":"page","link":"https:\/\/kiwi-kulturinitiative.de\/index.html\/","title":{"rendered":"Willkommen bei KiWi"},"content":{"rendered":"\n<p class=\"has-larger-font-size wp-block-paragraph\"><strong>Willkommen bei KiWi<\/strong><\/p>\n\n\n\n<p class=\"wp-block-paragraph\" style=\"font-size:18px\">Liebe Besucher*innen unserer Internetseite,<br>unsere Programmseiten werden st\u00e4ndig bef\u00fcllt, besonders zum Jahreswechsel.<br>Wir bieten ein vielf\u00e4ltiges Spektrum.<br>Schaut immer mal wieder auf die KiWi-Seiten, dann seid Ihr auf dem Laufenden.<\/p>\n\n\n\n<ul class=\"wp-block-list\">\n<li style=\"font-size:18px\"><strong>oder bestellt den <a href=\"https:\/\/kiwi-kulturinitiative.de\/index.html\/kontakt-3\/\">Newsletter!<\/a><\/strong><\/li>\n<\/ul>\n\n\n\n<p class=\"wp-block-paragraph\" style=\"font-size:18px\"><strong>F\u00fcr mehr Infos:<\/strong> <br><strong>Klickt auf die &#8222;lila&#8220; oder &#8222;gelben&#8220; Buttons <\/strong><strong>oder auf die &#8222;gelben&#8220; Text-Teile<\/strong>!<\/p>\n\n\n\n<div class=\"wp-block-buttons is-layout-flex wp-block-buttons-is-layout-flex\">\n<div class=\"wp-block-button has-custom-font-size\" style=\"font-size:18px\"><a class=\"wp-block-button__link has-text-color has-background wp-element-button\" href=\"https:\/\/kiwi-kulturinitiative.de\/index.html\/programm\/\" style=\"color:#f9ee6f;background-color:#4f0c7b\"><strong>Programm<\/strong>\u2002<strong>aktuell<\/strong><\/a><\/div>\n<\/div>\n\n\n\n<div class=\"wp-block-buttons is-layout-flex wp-block-buttons-is-layout-flex\">\n<div class=\"wp-block-button has-custom-font-size\" style=\"font-size:18px\"><a class=\"wp-block-button__link has-text-color has-background wp-element-button\" href=\"https:\/\/kiwi-kulturinitiative.de\/index.html\/kontakt-2\/\" style=\"color:#f9ee6f;background-color:#4f0c7b\"><strong>Werdet KiWi-Mitglied &#8211; aktiv oder passiv!<\/strong><\/a><\/div>\n<\/div>\n\n\n\n<div class=\"wp-block-buttons is-layout-flex wp-block-buttons-is-layout-flex\">\n<div class=\"wp-block-button has-custom-font-size\" style=\"font-size:18px\"><a class=\"wp-block-button__link has-text-color has-background has-link-color wp-element-button\" href=\"https:\/\/kiwi-kulturinitiative.de\/index.html\/kiwi-sponsoren\/\" style=\"color:#f9ee6f;background-color:#4f0c7b\"><strong>Sponsoren<\/strong><\/a><\/div>\n<\/div>\n\n\n\n<p class=\"wp-block-paragraph\" style=\"font-size:18px\">Bringt Eure Programm-Idee mit ein! <br><strong>Mitglieder haben kostenlosen Zugang zu allen Veranstaltungen!<\/strong><\/p>\n\n\n\n<p class=\"wp-block-paragraph\" style=\"font-size:18px\">So k\u00f6nnt Ihr uns erreichen: info@kiwi-kulturinitiative.de <br>oder mit dem <a href=\"https:\/\/kiwi-kulturinitiative.de\/index.html\/kontakt-3\/\">Kontaktformular<\/a>.<\/p>\n\n\n\n<p class=\"wp-block-paragraph\" style=\"font-size:18px\">Herzlichst, Eure Klein-Winternheimer \u201eKiWi&#8217;s\u201c<\/p>\n\n\n\n<figure class=\"wp-block-image size-large is-resized\"><img loading=\"lazy\" decoding=\"async\" width=\"728\" height=\"1024\" src=\"https:\/\/kiwi-kulturinitiative.de\/wp-content\/uploads\/2023\/01\/Werbeflyer-21-vorne-1-728x1024.jpg\" alt=\"\" class=\"wp-image-844\" style=\"aspect-ratio:0.7109704641350211;width:461px;height:auto\" srcset=\"https:\/\/kiwi-kulturinitiative.de\/wp-content\/uploads\/2023\/01\/Werbeflyer-21-vorne-1-728x1024.jpg 728w, https:\/\/kiwi-kulturinitiative.de\/wp-content\/uploads\/2023\/01\/Werbeflyer-21-vorne-1-213x300.jpg 213w, https:\/\/kiwi-kulturinitiative.de\/wp-content\/uploads\/2023\/01\/Werbeflyer-21-vorne-1-768x1081.jpg 768w, https:\/\/kiwi-kulturinitiative.de\/wp-content\/uploads\/2023\/01\/Werbeflyer-21-vorne-1.jpg 796w\" sizes=\"auto, (max-width: 728px) 100vw, 728px\" \/><\/figure>\n\n\n\n<p class=\"wp-block-paragraph\"><\/p>\n","protected":false},"excerpt":{"rendered":"<p>Willkommen bei KiWi Liebe Besucher*innen unserer Internetseite,unsere Programmseiten werden st\u00e4ndig bef\u00fcllt, besonders zum Jahreswechsel.Wir bieten ein vielf\u00e4ltiges Spektrum.Schaut immer mal wieder auf die KiWi-Seiten, dann seid Ihr auf dem Laufenden. [&hellip;]<\/p>\n","protected":false},"author":1,"featured_media":0,"parent":0,"menu_order":0,"comment_status":"closed","ping_status":"closed","template":"","meta":{"_crdt_document":"","footnotes":""},"class_list":["post-4","page","type-page","status-publish","hentry","wpbf-post"],"_links":{"self":[{"href":"https:\/\/kiwi-kulturinitiative.de\/index.html\/wp-json\/wp\/v2\/pages\/4","targetHints":{"allow":["GET"]}}],"collection":[{"href":"https:\/\/kiwi-kulturinitiative.de\/index.html\/wp-json\/wp\/v2\/pages"}],"about":[{"href":"https:\/\/kiwi-kulturinitiative.de\/index.html\/wp-json\/wp\/v2\/types\/page"}],"author":[{"embeddable":true,"href":"https:\/\/kiwi-kulturinitiative.de\/index.html\/wp-json\/wp\/v2\/users\/1"}],"replies":[{"embeddable":true,"href":"https:\/\/kiwi-kulturinitiative.de\/index.html\/wp-json\/wp\/v2\/comments?post=4"}],"version-history":[{"count":54,"href":"https:\/\/kiwi-kulturinitiative.de\/index.html\/wp-json\/wp\/v2\/pages\/4\/revisions"}],"predecessor-version":[{"id":2044,"href":"https:\/\/kiwi-kulturinitiative.de\/index.html\/wp-json\/wp\/v2\/pages\/4\/revisions\/2044"}],"wp:attachment":[{"href":"https:\/\/kiwi-kulturinitiative.de\/index.html\/wp-json\/wp\/v2\/media?parent=4"}],"curies":[{"name":"wp","href":"https:\/\/api.w.org\/{rel}","templated":true}]}}