{"id":385,"date":"2022-04-05T16:21:11","date_gmt":"2022-04-05T16:21:11","guid":{"rendered":"https:\/\/kiwi-kulturinitiative.de\/index.html\/?page_id=385"},"modified":"2022-09-27T09:40:08","modified_gmt":"2022-09-27T09:40:08","slug":"klassik-tango-nuevo","status":"publish","type":"page","link":"https:\/\/kiwi-kulturinitiative.de\/index.html\/klassik-tango-nuevo\/","title":{"rendered":"Klassik &#038; Tango Nuevo"},"content":{"rendered":"\n<p class=\"wp-block-paragraph\" style=\"font-size:19px\"><strong>mit TRIO ANIMADO<\/strong><br><strong>Rathaus, Klein-Winternheim, Hauptstr. 6<\/strong><br><strong>Sonntag 6. November 16:30 h \u2013 18:30 h<\/strong>  (Zutritt ab 16:00 h)<br><br><strong>Tickets 12 \u20ac<\/strong>, <strong>freie Platzwahl<\/strong><\/p>\n\n\n\n<figure class=\"wp-block-image size-full\"><img loading=\"lazy\" decoding=\"async\" width=\"567\" height=\"339\" src=\"https:\/\/kiwi-kulturinitiative.de\/wp-content\/uploads\/2022\/04\/Trio-Animado-.jpg\" alt=\"\" class=\"wp-image-386\" srcset=\"https:\/\/kiwi-kulturinitiative.de\/wp-content\/uploads\/2022\/04\/Trio-Animado-.jpg 567w, https:\/\/kiwi-kulturinitiative.de\/wp-content\/uploads\/2022\/04\/Trio-Animado--300x179.jpg 300w\" sizes=\"auto, (max-width: 567px) 100vw, 567px\" \/><\/figure>\n\n\n\n<p class=\"wp-block-paragraph\" style=\"font-size:16px\">Das Ensemble aus dem Rhein-Main-Gebiet besticht durch die Vielfalt seines Programms und seiner gro\u00dfen Spielfreude.<br>Die Musikerinnen von \u201eTrio Animado\u201c sind Grenzg\u00e4ngerinnen und stets auf der Suche nach Neuem. Sie bewegen sich m\u00fchelos zwischen Klassik, Tango Nuevo und Weltmusik. Sie spielen f\u00fcr Sie Werke der franz\u00f6sischen Komponisten Gabriel Faur\u00e9 und Maurice Ravel, des Argentiniers Astor Piazzolla, des Briten John Rutter und weiterer Komponisten. Ihr mitrei\u00dfendes und ber\u00fchrendes Spiel begeistert die Zuh\u00f6rer*innen immer wieder auf\u2019s Neue.<\/p>\n\n\n\n<p class=\"wp-block-paragraph\" style=\"font-size:16px\"><strong>Katrin Heller &#8211; Fl\u00f6te &#8211;<\/strong> studierte an den Musikhochschulen K\u00f6ln u. Freiburg Diplom-Musikp\u00e4dagogik und Lehramt, sowie Jazz- &amp; Popularmusik an der Musikhochschule Frankfurt. Sie konzertiert mit unterschiedlichen Ensembles innerhalb Deutschlands.<br><strong>Irene Brewi-Grote &#8211; Klavier &#8211;<\/strong> schloss ihr Musikstudium in Mainz mit der Staatlichen Musiklehrerpr\u00fcfung und der K\u00fcnstlerischen Reifepr\u00fcfung ab. Seitdem konzertiert sie als gefragte Kammermusikpartnerin.<br><strong>Barbara Marsch &#8211; Violoncello &#8211;<\/strong> studierte an der Hochschule f\u00fcr Musik &amp; Tanz in K\u00f6ln und an der Musikhochschule Detmold\/Dortmund, wo sie ihr Studium mit der Staatlichen Pr\u00fcfung f\u00fcr Musiklehrer abschloss. Schon immer galt ihr besonderes Interesse der Kammermusik, vor allem dem Streichquartett und der Trio-Besetzung.<\/p>\n\n\n\n<p class=\"wp-block-paragraph\" style=\"font-size:16px\"><\/p>\n","protected":false},"excerpt":{"rendered":"<p>mit TRIO ANIMADORathaus, Klein-Winternheim, Hauptstr. 6Sonntag 6. November 16:30 h \u2013 18:30 h (Zutritt ab 16:00 h) Tickets 12 \u20ac, freie Platzwahl Das Ensemble aus dem Rhein-Main-Gebiet besticht durch die [&hellip;]<\/p>\n","protected":false},"author":1,"featured_media":0,"parent":0,"menu_order":0,"comment_status":"closed","ping_status":"closed","template":"","meta":{"_crdt_document":"","footnotes":""},"class_list":["post-385","page","type-page","status-publish","hentry","wpbf-post"],"_links":{"self":[{"href":"https:\/\/kiwi-kulturinitiative.de\/index.html\/wp-json\/wp\/v2\/pages\/385","targetHints":{"allow":["GET"]}}],"collection":[{"href":"https:\/\/kiwi-kulturinitiative.de\/index.html\/wp-json\/wp\/v2\/pages"}],"about":[{"href":"https:\/\/kiwi-kulturinitiative.de\/index.html\/wp-json\/wp\/v2\/types\/page"}],"author":[{"embeddable":true,"href":"https:\/\/kiwi-kulturinitiative.de\/index.html\/wp-json\/wp\/v2\/users\/1"}],"replies":[{"embeddable":true,"href":"https:\/\/kiwi-kulturinitiative.de\/index.html\/wp-json\/wp\/v2\/comments?post=385"}],"version-history":[{"count":6,"href":"https:\/\/kiwi-kulturinitiative.de\/index.html\/wp-json\/wp\/v2\/pages\/385\/revisions"}],"predecessor-version":[{"id":570,"href":"https:\/\/kiwi-kulturinitiative.de\/index.html\/wp-json\/wp\/v2\/pages\/385\/revisions\/570"}],"wp:attachment":[{"href":"https:\/\/kiwi-kulturinitiative.de\/index.html\/wp-json\/wp\/v2\/media?parent=385"}],"curies":[{"name":"wp","href":"https:\/\/api.w.org\/{rel}","templated":true}]}}