{"id":313,"date":"2022-03-29T20:27:14","date_gmt":"2022-03-29T20:27:14","guid":{"rendered":"https:\/\/kiwi-kulturinitiative.de\/index.html\/?page_id=313"},"modified":"2026-01-01T20:10:29","modified_gmt":"2026-01-01T20:10:29","slug":"foto-ausstellung-2022","status":"publish","type":"page","link":"https:\/\/kiwi-kulturinitiative.de\/index.html\/foto-ausstellung-2022\/","title":{"rendered":"Foto-Ausstellung 2022"},"content":{"rendered":"\n<p class=\"wp-block-paragraph\" style=\"font-size:16px\"><strong>&#8230; im Haus Ritzinger, Hauptstr.34, Klein-Winternheim<\/strong><br><strong><br>Vernissage Samstag, 14.Mai 17:00 &#8211; 19:00 h<\/strong><br>mit dem Saxophon-Quartett der Musikvereins Klein-Winternheim.<br>Das sind 4 Preistr\u00e4ger von &#8222;Jugend musiziert&#8220; im Alter von 14-17 Jahren.<br><strong><br>Ausstellung Sonntag, 15.Mai 13:30 &#8211; 18:00 h<\/strong><br><strong><br>Sonntags im Hof: Getr\u00e4nke, Kuchen, Spundek\u00e4s<\/strong><\/p>\n\n\n\n<p class=\"wp-block-paragraph\" style=\"font-size:16px\"><strong>Klein-Winternheimer Fotografen pr\u00e4sentieren:<\/strong><\/p>\n\n\n\n<figure class=\"wp-block-image size-full\"><img loading=\"lazy\" decoding=\"async\" width=\"850\" height=\"567\" src=\"https:\/\/kiwi-kulturinitiative.de\/wp-content\/uploads\/2022\/03\/Thomas-Schreiber-Sommer-1.jpg\" alt=\"\" class=\"wp-image-316\" srcset=\"https:\/\/kiwi-kulturinitiative.de\/wp-content\/uploads\/2022\/03\/Thomas-Schreiber-Sommer-1.jpg 850w, https:\/\/kiwi-kulturinitiative.de\/wp-content\/uploads\/2022\/03\/Thomas-Schreiber-Sommer-1-300x200.jpg 300w, https:\/\/kiwi-kulturinitiative.de\/wp-content\/uploads\/2022\/03\/Thomas-Schreiber-Sommer-1-768x512.jpg 768w\" sizes=\"auto, (max-width: 850px) 100vw, 850px\" \/><\/figure>\n\n\n\n<p class=\"wp-block-paragraph\" style=\"font-size:16px\"><strong>Helga D\u00f6rsam-Riebel &#8211; <a href=\"https:\/\/kiwi-kulturinitiative.de\/index.html\/helga-doersam-riebel\/\">\u201eWaterworld\u201c<\/a><br>Volker Eckert &#8211; <a href=\"https:\/\/kiwi-kulturinitiative.de\/index.html\/volker-eckert\/\">&#8222;Die Evolution des Landschaftsm\u00fclls&#8220;<\/a><br>Jens Neumann &#8211; <a href=\"https:\/\/kiwi-kulturinitiative.de\/index.html\/jens-neumann\/\">&#8222;Risikogebiet&#8220;<\/a><br>Thomas Schreiber &#8211; <a href=\"https:\/\/kiwi-kulturinitiative.de\/index.html\/thomas-schreiber\/\">\u201eSommer\u201c<\/a><br>Bodo Witzke &#8211; <a href=\"https:\/\/kiwi-kulturinitiative.de\/index.html\/bodo-witzke\/\">&#8222;Historisches Rheinhessen&#8220;<\/a><br>Gast-Ausstellerin:<br>Gisela Ruth<\/strong> &#8211; <strong><a href=\"https:\/\/kiwi-kulturinitiative.de\/index.html\/gisela-ruth\/\">Vom Schatten als Licht<\/a><\/strong><\/p>\n\n\n\n<p class=\"wp-block-paragraph\" style=\"font-size:16px\"><strong>Zutritt zu allen Veranstaltungen nur mit einem der Nachweise!!: Geimpft oder Genesen. <\/strong><br><strong>In allen Innenr\u00e4umen besteht Maskenpflicht,<\/strong> unabh\u00e4ngig von den tagesaktuellen gesetzlichen Bestimmungen.<br>Bitte beachten Sie au\u00dferdem die an dem Tag der Veranstaltung geltenden aktuellen, evtl. weitergehend-einschr\u00e4nkenden Hygieneauflagen! Angaben dazu finden Sie ab Montag, den 9. Mai auf dieser Homepage<\/p>\n","protected":false},"excerpt":{"rendered":"<p>&#8230; im Haus Ritzinger, Hauptstr.34, Klein-WinternheimVernissage Samstag, 14.Mai 17:00 &#8211; 19:00 hmit dem Saxophon-Quartett der Musikvereins Klein-Winternheim.Das sind 4 Preistr\u00e4ger von &#8222;Jugend musiziert&#8220; im Alter von 14-17 Jahren.Ausstellung Sonntag, 15.Mai [&hellip;]<\/p>\n","protected":false},"author":1,"featured_media":0,"parent":0,"menu_order":0,"comment_status":"closed","ping_status":"closed","template":"","meta":{"_crdt_document":"","footnotes":""},"class_list":["post-313","page","type-page","status-publish","hentry","wpbf-post"],"_links":{"self":[{"href":"https:\/\/kiwi-kulturinitiative.de\/index.html\/wp-json\/wp\/v2\/pages\/313","targetHints":{"allow":["GET"]}}],"collection":[{"href":"https:\/\/kiwi-kulturinitiative.de\/index.html\/wp-json\/wp\/v2\/pages"}],"about":[{"href":"https:\/\/kiwi-kulturinitiative.de\/index.html\/wp-json\/wp\/v2\/types\/page"}],"author":[{"embeddable":true,"href":"https:\/\/kiwi-kulturinitiative.de\/index.html\/wp-json\/wp\/v2\/users\/1"}],"replies":[{"embeddable":true,"href":"https:\/\/kiwi-kulturinitiative.de\/index.html\/wp-json\/wp\/v2\/comments?post=313"}],"version-history":[{"count":19,"href":"https:\/\/kiwi-kulturinitiative.de\/index.html\/wp-json\/wp\/v2\/pages\/313\/revisions"}],"predecessor-version":[{"id":497,"href":"https:\/\/kiwi-kulturinitiative.de\/index.html\/wp-json\/wp\/v2\/pages\/313\/revisions\/497"}],"wp:attachment":[{"href":"https:\/\/kiwi-kulturinitiative.de\/index.html\/wp-json\/wp\/v2\/media?parent=313"}],"curies":[{"name":"wp","href":"https:\/\/api.w.org\/{rel}","templated":true}]}}