{"id":304,"date":"2022-03-29T19:57:19","date_gmt":"2022-03-29T19:57:19","guid":{"rendered":"https:\/\/kiwi-kulturinitiative.de\/index.html\/?page_id=304"},"modified":"2023-02-14T18:32:49","modified_gmt":"2023-02-14T18:32:49","slug":"klassik-im-haus-ritzinger-jalousie","status":"publish","type":"page","link":"https:\/\/kiwi-kulturinitiative.de\/index.html\/klassik-im-haus-ritzinger-jalousie\/","title":{"rendered":"Klassik im Haus Ritzinger"},"content":{"rendered":"\n<p class=\"wp-block-paragraph\" style=\"font-size:19px\"><strong>Musikalisches Schatzk\u00e4stlein\u201c<br>Eine unterhaltsame Sammlung von Gold, Silber, Perlen und anderen Kostbarkeiten<br>mit dem Salonquartett <em>Jalousie<\/em><br>pr\u00e4sentiert im Haus Ritzinger, \u00fcberdachter Au\u00dfenbereich, <\/strong><br><strong>Hauptstr.34, Klein-Winternheim<br>Samstag, 14.Mai 19:30 h<\/strong><br><strong>Eintritt: 15 \u20ac<\/strong><\/p>\n\n\n\n<figure class=\"wp-block-image size-full\"><img loading=\"lazy\" decoding=\"async\" width=\"567\" height=\"397\" src=\"https:\/\/kiwi-kulturinitiative.de\/wp-content\/uploads\/2022\/03\/Salonquartett_Jalousie-1.jpg\" alt=\"\" class=\"wp-image-308\" srcset=\"https:\/\/kiwi-kulturinitiative.de\/wp-content\/uploads\/2022\/03\/Salonquartett_Jalousie-1.jpg 567w, https:\/\/kiwi-kulturinitiative.de\/wp-content\/uploads\/2022\/03\/Salonquartett_Jalousie-1-300x210.jpg 300w\" sizes=\"auto, (max-width: 567px) 100vw, 567px\" \/><\/figure>\n\n\n\n<p class=\"wp-block-paragraph\" style=\"font-size:16px\">Musik der \u201eguten alten Zeit\u201c in klassischer Besetzung des Streichquartetts &#8211; in Vergangenheit oft ein wenig \u201eschief\u201c angesehen &#8211; erlebt in den letzten Jahren eine wahre Renaissance!<br>Das Repertoire des Ensembles reicht von \u201eleichter\u201c Klassik \u00fcber die traditionelle Salon- und Kaffeehaus-Musik zu modernen Titeln:<br>von A wie (Bach-)Air zu Z wie Zigeunerbaron, <br>M\u00e4rsche und Walzer, <br>L\u00e4ndler und Polkas, <br>St\u00e4ndchen und Serenaden, <br>Ragtimes und Schlager, <br>Tangos und Musicals, <br>Sambas und Rumbas, <br>Filmmusik und \u201eSchnulzen\u201c.<br>Das Salonquartett Jalousie ist regelm\u00e4\u00dfiger Gast bei vielen Veranstaltern in Saarland, Pfalz, Rheinhessen und im Mannheimer Raum.<\/p>\n\n\n\n<p class=\"has-medium-font-size wp-block-paragraph\"><strong>Das Salonquartett Jalousie:<\/strong><\/p>\n\n\n\n<p class=\"wp-block-paragraph\" style=\"font-size:16px\"><strong>Anne Erdmann-Schiegnitz<\/strong> (1. Violine): Studium bei Nicolas Chumachenko (Freiburg) und Yair Kless (Tel Aviv). Sie schloss ihre Ausbildung in Winterthur bei Rudolf Koelmann mit der Konzertreife ab. Engagements f\u00fchrten sie an die Neue Philharmonie Westfalen und die Staatskapelle Weimar. Schwerpunkt ihres Schaffens ist auch die Kammermusik. Sie ist au\u00dferdem Mitglied diverser renommierter Barock-Ensembles. Seit 2013 unterrichtet sie an der Musikschule Mannheim.<\/p>\n\n\n\n<p class=\"wp-block-paragraph\" style=\"font-size:16px\"><strong>Barbara Leichtweis-Birtel<\/strong> (2. Violine): Studium Schul- und Privatmusik an der Musikhochschule Saarbr\u00fccken bei Prof. Ulrike Dierick. Gesangsstudium bei Sibylle Fuchs und Herbert Schachtschneider. Seit 1978 als Geigerin, Musikp\u00e4dagogin und Chorleiterin t\u00e4tig.<\/p>\n\n\n\n<p class=\"wp-block-paragraph\" style=\"font-size:16px\"><strong>Wolfgang Birtel<\/strong> (Viola): Studium Schul- und Orchestermusik an der Musikhochschule Saarbr\u00fccken bei Prof. Ulrike Dierick (Violine) und bei Eckart Schloifer, Solobratschist des Rundfunk-Sinfonieorchesters Saarbr\u00fccken (Viola). Freiberuflich als Bratschist, Arrangeur, Musikjournalist und Musikherausgeber t\u00e4tig.<\/p>\n\n\n\n<p class=\"wp-block-paragraph\" style=\"font-size:16px\"><strong>Eva Scherer<\/strong> (Violoncello): Studium Schul-, Privat- und Orchestermusik an den Musikhochschulen Saarbr\u00fccken und Frankfurt bei Prof. Claus Kanngie\u00dfer (Violoncello) und Prof. Gerhard Mantel (Violoncello). Vom 1983\u20132017 war sie Leiterin einer Violoncello-Klasse an der Musikschule Mannheim, daneben Kammermusikklasse und Orchesterstudien Violoncello. Seit 2017 freiberuflich t\u00e4tig.<\/p>\n\n\n\n<p class=\"wp-block-paragraph\" style=\"font-size:16px\"><strong>Zutritt zu allen Veranstaltungen nur mit einem der Nachweise!!!: Geimpft oder Genesen.<\/strong><br><strong>In allen Innenr\u00e4umen besteht Maskenpflicht<\/strong>, unabh\u00e4ngig von den tagesaktuellen gesetzlichen Bestimmungen.<br>Bitte beachten Sie au\u00dferdem die an dem Tag der Veranstaltung geltenden aktuellen, evtl. weitergehend-einschr\u00e4nkenden Hygieneauflagen! Angaben dazu finden Sie ab Montag, den 9. Mai auf dieser Homepage<\/p>\n\n\n\n<p class=\"wp-block-paragraph\"><\/p>\n","protected":false},"excerpt":{"rendered":"<p>Musikalisches Schatzk\u00e4stlein\u201cEine unterhaltsame Sammlung von Gold, Silber, Perlen und anderen Kostbarkeitenmit dem Salonquartett Jalousiepr\u00e4sentiert im Haus Ritzinger, \u00fcberdachter Au\u00dfenbereich, Hauptstr.34, Klein-WinternheimSamstag, 14.Mai 19:30 hEintritt: 15 \u20ac Musik der \u201eguten alten [&hellip;]<\/p>\n","protected":false},"author":1,"featured_media":0,"parent":0,"menu_order":0,"comment_status":"closed","ping_status":"closed","template":"","meta":{"_crdt_document":"","footnotes":""},"class_list":["post-304","page","type-page","status-publish","hentry","wpbf-post"],"_links":{"self":[{"href":"https:\/\/kiwi-kulturinitiative.de\/index.html\/wp-json\/wp\/v2\/pages\/304","targetHints":{"allow":["GET"]}}],"collection":[{"href":"https:\/\/kiwi-kulturinitiative.de\/index.html\/wp-json\/wp\/v2\/pages"}],"about":[{"href":"https:\/\/kiwi-kulturinitiative.de\/index.html\/wp-json\/wp\/v2\/types\/page"}],"author":[{"embeddable":true,"href":"https:\/\/kiwi-kulturinitiative.de\/index.html\/wp-json\/wp\/v2\/users\/1"}],"replies":[{"embeddable":true,"href":"https:\/\/kiwi-kulturinitiative.de\/index.html\/wp-json\/wp\/v2\/comments?post=304"}],"version-history":[{"count":11,"href":"https:\/\/kiwi-kulturinitiative.de\/index.html\/wp-json\/wp\/v2\/pages\/304\/revisions"}],"predecessor-version":[{"id":377,"href":"https:\/\/kiwi-kulturinitiative.de\/index.html\/wp-json\/wp\/v2\/pages\/304\/revisions\/377"}],"wp:attachment":[{"href":"https:\/\/kiwi-kulturinitiative.de\/index.html\/wp-json\/wp\/v2\/media?parent=304"}],"curies":[{"name":"wp","href":"https:\/\/api.w.org\/{rel}","templated":true}]}}