{"id":2955,"date":"2026-03-10T17:51:57","date_gmt":"2026-03-10T17:51:57","guid":{"rendered":"https:\/\/kiwi-kulturinitiative.de\/index.html\/?page_id=2955"},"modified":"2026-03-10T17:55:13","modified_gmt":"2026-03-10T17:55:13","slug":"jonas-walter","status":"publish","type":"page","link":"https:\/\/kiwi-kulturinitiative.de\/index.html\/jonas-walter\/","title":{"rendered":"Jonas Walter"},"content":{"rendered":"\n<p class=\"has-larger-font-size wp-block-paragraph\"><strong>Jonas Walter<\/strong><\/p>\n\n\n\n<figure class=\"wp-block-image size-large is-resized\"><img loading=\"lazy\" decoding=\"async\" width=\"683\" height=\"1024\" src=\"https:\/\/kiwi-kulturinitiative.de\/wp-content\/uploads\/2026\/03\/New-York_Dez-24-1-683x1024.jpg\" alt=\"\" class=\"wp-image-2957\" style=\"width:352px;height:443px\" srcset=\"https:\/\/kiwi-kulturinitiative.de\/wp-content\/uploads\/2026\/03\/New-York_Dez-24-1-683x1024.jpg 683w, https:\/\/kiwi-kulturinitiative.de\/wp-content\/uploads\/2026\/03\/New-York_Dez-24-1-200x300.jpg 200w, https:\/\/kiwi-kulturinitiative.de\/wp-content\/uploads\/2026\/03\/New-York_Dez-24-1-768x1152.jpg 768w, https:\/\/kiwi-kulturinitiative.de\/wp-content\/uploads\/2026\/03\/New-York_Dez-24-1-1024x1536.jpg 1024w, https:\/\/kiwi-kulturinitiative.de\/wp-content\/uploads\/2026\/03\/New-York_Dez-24-1-1365x2048.jpg 1365w, https:\/\/kiwi-kulturinitiative.de\/wp-content\/uploads\/2026\/03\/New-York_Dez-24-1-scaled.jpg 1707w\" sizes=\"auto, (max-width: 683px) 100vw, 683px\" \/><\/figure>\n\n\n\n<p class=\"has-regular-font-size wp-block-paragraph\">Leuchtende N\u00e4chte &#8211; Pulsierende Tage<br>Gro\u00dfe Hauptst\u00e4dte im Spiel von Licht und Bewegung.<\/p>\n\n\n\n<p class=\"has-regular-font-size wp-block-paragraph\">Langzeitbelichtungen und Momentaufnahmen zeigen urbane R\u00e4ume zwischen Tempo, Rhythmus und stillen Augenblicken.<\/p>\n\n\n\n<p class=\"has-regular-font-size wp-block-paragraph\">Eine fotografische Reise durch St\u00e4dte, die niemals stillstehen.<\/p>\n\n\n\n<p class=\"has-regular-font-size wp-block-paragraph\">Zu meiner Person:<br>Jonas Walter, *1989 in Mainz<\/p>\n\n\n\n<p class=\"has-regular-font-size wp-block-paragraph\">Meine Arbeit bewegt sich zwischen zwei Welten: dem urbanen Raum und der stillen Natur. In der Streetfotografie suche ich nach unkonventionellen Perspektiven und fl\u00fcchtigen Momenten des Stadtlebens. Im Kontrast dazu entdecke ich in der Makro-, Natur- und Tierfotografie die ruhigen, oft \u00fcbersehenen Details unserer Umwelt.<\/p>\n","protected":false},"excerpt":{"rendered":"<p>Jonas Walter Leuchtende N\u00e4chte &#8211; Pulsierende TageGro\u00dfe Hauptst\u00e4dte im Spiel von Licht und Bewegung. Langzeitbelichtungen und Momentaufnahmen zeigen urbane R\u00e4ume zwischen Tempo, Rhythmus und stillen Augenblicken. Eine fotografische Reise durch [&hellip;]<\/p>\n","protected":false},"author":1,"featured_media":0,"parent":0,"menu_order":0,"comment_status":"closed","ping_status":"closed","template":"","meta":{"_crdt_document":"","footnotes":""},"class_list":["post-2955","page","type-page","status-publish","hentry","wpbf-post"],"_links":{"self":[{"href":"https:\/\/kiwi-kulturinitiative.de\/index.html\/wp-json\/wp\/v2\/pages\/2955","targetHints":{"allow":["GET"]}}],"collection":[{"href":"https:\/\/kiwi-kulturinitiative.de\/index.html\/wp-json\/wp\/v2\/pages"}],"about":[{"href":"https:\/\/kiwi-kulturinitiative.de\/index.html\/wp-json\/wp\/v2\/types\/page"}],"author":[{"embeddable":true,"href":"https:\/\/kiwi-kulturinitiative.de\/index.html\/wp-json\/wp\/v2\/users\/1"}],"replies":[{"embeddable":true,"href":"https:\/\/kiwi-kulturinitiative.de\/index.html\/wp-json\/wp\/v2\/comments?post=2955"}],"version-history":[{"count":2,"href":"https:\/\/kiwi-kulturinitiative.de\/index.html\/wp-json\/wp\/v2\/pages\/2955\/revisions"}],"predecessor-version":[{"id":2962,"href":"https:\/\/kiwi-kulturinitiative.de\/index.html\/wp-json\/wp\/v2\/pages\/2955\/revisions\/2962"}],"wp:attachment":[{"href":"https:\/\/kiwi-kulturinitiative.de\/index.html\/wp-json\/wp\/v2\/media?parent=2955"}],"curies":[{"name":"wp","href":"https:\/\/api.w.org\/{rel}","templated":true}]}}