{"id":2930,"date":"2026-02-24T20:35:04","date_gmt":"2026-02-24T20:35:04","guid":{"rendered":"https:\/\/kiwi-kulturinitiative.de\/index.html\/?page_id=2930"},"modified":"2026-02-24T20:38:17","modified_gmt":"2026-02-24T20:38:17","slug":"klimper-wimper","status":"publish","type":"page","link":"https:\/\/kiwi-kulturinitiative.de\/index.html\/klimper-wimper\/","title":{"rendered":"Klimper-Wimper"},"content":{"rendered":"\n<p class=\"wp-block-paragraph\" style=\"font-size:32px\"><strong>Klimper Wimper<\/strong><\/p>\n\n\n\n<p class=\"wp-block-paragraph\" style=\"font-size:26px\"><strong>mit Claudia Seng und Till Vogelgesang<\/strong><\/p>\n\n\n\n<p class=\"has-large-font-size wp-block-paragraph\"><strong>im Rathaus Klein-Winternheim, Hauptstr. 6<\/strong><br><strong><br>Samstag, 14. November 2026, 19:30 h<\/strong>\u00a0\u2013 Einlass 19:00 h<\/p>\n\n\n\n<p class=\"has-large-font-size wp-block-paragraph\"><strong>Vorverkauf 14,00 \u20ac,\u00a0Abendkasse\u00a016,00 \u20ac<\/strong><\/p>\n\n\n\n<div class=\"wp-block-buttons is-layout-flex wp-block-buttons-is-layout-flex\">\n<div class=\"wp-block-button\"><a class=\"wp-block-button__link has-text-color has-background has-link-color has-medium-font-size has-custom-font-size wp-element-button\" href=\"https:\/\/kiwi-kulturinitiative.de\/index.html\/tickets\/\" style=\"color:#f9ee6f;background-color:#4f0c7b\"><strong>Ticket<\/strong>s<strong> noch nicht verf\u00fcgbar<\/strong><\/a><\/div>\n<\/div>\n\n\n\n<p class=\"wp-block-paragraph\" style=\"font-size:18px\"><\/p>\n\n\n\n<figure class=\"wp-block-image size-full\"><img loading=\"lazy\" decoding=\"async\" width=\"633\" height=\"422\" src=\"https:\/\/kiwi-kulturinitiative.de\/wp-content\/uploads\/2025\/11\/Klimper-Wimper-\u00a9-Carola-Schmitt.jpg\" alt=\"\" class=\"wp-image-2549\" srcset=\"https:\/\/kiwi-kulturinitiative.de\/wp-content\/uploads\/2025\/11\/Klimper-Wimper-\u00a9-Carola-Schmitt.jpg 633w, https:\/\/kiwi-kulturinitiative.de\/wp-content\/uploads\/2025\/11\/Klimper-Wimper-\u00a9-Carola-Schmitt-300x200.jpg 300w\" sizes=\"auto, (max-width: 633px) 100vw, 633px\" \/><\/figure>\n\n\n\n<p class=\"wp-block-paragraph\" style=\"font-size:18px\">Foto: \u00a9 Carola Schmitt<\/p>\n\n\n\n<p class=\"wp-block-paragraph\" style=\"font-size:18px\">Claudia Seng entf\u00fchrt das Publikum mit \u00fcberwiegend deutschen Liedern der 20er und 30er Jahre zur\u00fcck ins goldene Berlin. Begleitet wird sie dabei vom Pianisten Till Vogelgesang. <br>Freuen Sie sich auf eine kabarettistische Darbietung voller Charme und Witz \u2013 mit ber\u00fchmten Titeln von Marlene Dietrich, Zarah Leander, den Comedian Harmonists und vielen mehr.<\/p>\n\n\n\n<p class=\"wp-block-paragraph\"><\/p>\n","protected":false},"excerpt":{"rendered":"<p>Klimper Wimper mit Claudia Seng und Till Vogelgesang im Rathaus Klein-Winternheim, Hauptstr. 6Samstag, 14. November 2026, 19:30 h\u00a0\u2013 Einlass 19:00 h Vorverkauf 14,00 \u20ac,\u00a0Abendkasse\u00a016,00 \u20ac Foto: \u00a9 Carola Schmitt Claudia [&hellip;]<\/p>\n","protected":false},"author":1,"featured_media":0,"parent":0,"menu_order":0,"comment_status":"closed","ping_status":"closed","template":"","meta":{"_crdt_document":"","footnotes":""},"class_list":["post-2930","page","type-page","status-publish","hentry","wpbf-post"],"_links":{"self":[{"href":"https:\/\/kiwi-kulturinitiative.de\/index.html\/wp-json\/wp\/v2\/pages\/2930","targetHints":{"allow":["GET"]}}],"collection":[{"href":"https:\/\/kiwi-kulturinitiative.de\/index.html\/wp-json\/wp\/v2\/pages"}],"about":[{"href":"https:\/\/kiwi-kulturinitiative.de\/index.html\/wp-json\/wp\/v2\/types\/page"}],"author":[{"embeddable":true,"href":"https:\/\/kiwi-kulturinitiative.de\/index.html\/wp-json\/wp\/v2\/users\/1"}],"replies":[{"embeddable":true,"href":"https:\/\/kiwi-kulturinitiative.de\/index.html\/wp-json\/wp\/v2\/comments?post=2930"}],"version-history":[{"count":2,"href":"https:\/\/kiwi-kulturinitiative.de\/index.html\/wp-json\/wp\/v2\/pages\/2930\/revisions"}],"predecessor-version":[{"id":2934,"href":"https:\/\/kiwi-kulturinitiative.de\/index.html\/wp-json\/wp\/v2\/pages\/2930\/revisions\/2934"}],"wp:attachment":[{"href":"https:\/\/kiwi-kulturinitiative.de\/index.html\/wp-json\/wp\/v2\/media?parent=2930"}],"curies":[{"name":"wp","href":"https:\/\/api.w.org\/{rel}","templated":true}]}}