{"id":2888,"date":"2026-02-18T14:07:20","date_gmt":"2026-02-18T14:07:20","guid":{"rendered":"https:\/\/kiwi-kulturinitiative.de\/index.html\/?page_id=2888"},"modified":"2026-02-18T17:35:29","modified_gmt":"2026-02-18T17:35:29","slug":"joerg-von-den-steinen-feine-worte","status":"publish","type":"page","link":"https:\/\/kiwi-kulturinitiative.de\/index.html\/joerg-von-den-steinen-feine-worte\/","title":{"rendered":"J\u00f6rg von den Steinen"},"content":{"rendered":"\n<p class=\"has-larger-font-size wp-block-paragraph\"><strong>J\u00f6rg von den Steinen &#8222;Der feine Duft der Worte&#8220;<\/strong><\/p>\n\n\n\n<p class=\"wp-block-paragraph\">i<strong>m Hof von Anette Fleck &amp; Willi Raab<br>Waldstr. 2, 55270 Klein-Winternheim<\/strong><br><strong><br>Sonntag, 23. August 2026, 11:30 h<br>Einlass ab 11:00 h <\/strong><\/p>\n\n\n\n<p class=\"wp-block-paragraph\"><strong>Eintritt frei &#8211; Spenden erhofft<\/strong><\/p>\n\n\n\n<div class=\"wp-block-buttons is-layout-flex wp-block-buttons-is-layout-flex\">\n<div class=\"wp-block-button\"><a class=\"wp-block-button__link has-text-color has-background has-link-color wp-element-button\" href=\"https:\/\/kiwi-kulturinitiative.de\/index.html\/kontakt-3\/\" style=\"color:#f9ee6f;background-color:#4f0c7b\"><strong>Hier klicken f\u00fcr formlose Anmeldung &#8211; ist erw\u00fcnscht, jedoch nicht Bedingung<\/strong><\/a><\/div>\n<\/div>\n\n\n\n<figure class=\"wp-block-image size-large is-resized\"><img loading=\"lazy\" decoding=\"async\" width=\"688\" height=\"1024\" src=\"https:\/\/kiwi-kulturinitiative.de\/wp-content\/uploads\/2026\/02\/Screenshot_20260214_200200_Photos-1-1-688x1024.jpg\" alt=\"\" class=\"wp-image-2889\" style=\"aspect-ratio:0.6718802453688162;width:460px;height:auto\" srcset=\"https:\/\/kiwi-kulturinitiative.de\/wp-content\/uploads\/2026\/02\/Screenshot_20260214_200200_Photos-1-1-688x1024.jpg 688w, https:\/\/kiwi-kulturinitiative.de\/wp-content\/uploads\/2026\/02\/Screenshot_20260214_200200_Photos-1-1-201x300.jpg 201w, https:\/\/kiwi-kulturinitiative.de\/wp-content\/uploads\/2026\/02\/Screenshot_20260214_200200_Photos-1-1-768x1143.jpg 768w, https:\/\/kiwi-kulturinitiative.de\/wp-content\/uploads\/2026\/02\/Screenshot_20260214_200200_Photos-1-1-1032x1536.jpg 1032w, https:\/\/kiwi-kulturinitiative.de\/wp-content\/uploads\/2026\/02\/Screenshot_20260214_200200_Photos-1-1.jpg 1080w\" sizes=\"auto, (max-width: 688px) 100vw, 688px\" \/><\/figure>\n\n\n\n<p class=\"wp-block-paragraph\"><strong>Also jetzt mal Butta bei de Fische: Was soll dieser r\u00e4tselhafte Titel &#8222;Der feine Duft der Worte&#8220; denn so ank\u00fcndigen? <\/strong><br><strong>Nun, das ist eine sehr berechtigte Frage, und darum hier sozusagen ein kleiner Beipackzettel:&nbsp;<\/strong><br><br><strong>&#8222;Das Neben-, \u00dcber- und Untereinander-Schichten&nbsp;von Worten in Reim- und Klang-Gedichten ist allerorten und nahezu \u00fcberall ein besonders ergiebiger \u00dcber-Fall von Rhythmus, Betonung und akustischer Belohnung, wenn es klappt und schwappt und gelingt &#8211; sonst nur bedingt.&#8220;&nbsp;<\/strong><\/p>\n\n\n\n<p class=\"wp-block-paragraph\"><strong>Es ist offensichtlich, dass diese Zeilen die Idee dieser KIWI-Matinee irgendwo zwischen Erheitern und Scheitern verorten. <\/strong><br><strong>Man kann es auch so sagen: Fr\u00f6hliche wie auch ernste Worte, S\u00e4tze, Reime und Gedanken wollen sich im gem\u00fctlichen Hof von Anette und Willi bei kleinen kulinarischen Erg\u00e4nzungen unbedingt Spielraum und Geh\u00f6r verschaffen. <\/strong><br><strong>Ein Programm, bei dem sich Lyrisches und Schwieriges begegnen und auch ein paar \u00dcberraschungen k\u00f6nnten sich dazu gesellen <\/strong><br><strong>&#8211; naja, nur dann nat\u00fcrlich, wenn sie gerade Lust darauf&nbsp;haben.&nbsp;<\/strong><\/p>\n\n\n\n<p class=\"wp-block-paragraph\"><strong>Wir werden sehen &#8211;&nbsp; &#8230;&nbsp; wenn wir uns sehen. <\/strong><br><strong>Der dieses Programm erstmals pr\u00e4sentierende Vortragende freut sich jedenfalls wie Bolle auf die Begegnung mit einem tol(l)eranten Publikum.&nbsp;<\/strong><\/p>\n\n\n\n<p class=\"wp-block-paragraph\"><\/p>\n","protected":false},"excerpt":{"rendered":"<p>J\u00f6rg von den Steinen &#8222;Der feine Duft der Worte&#8220; im Hof von Anette Fleck &amp; Willi RaabWaldstr. 2, 55270 Klein-WinternheimSonntag, 23. August 2026, 11:30 hEinlass ab 11:00 h Eintritt frei [&hellip;]<\/p>\n","protected":false},"author":1,"featured_media":0,"parent":0,"menu_order":0,"comment_status":"closed","ping_status":"closed","template":"","meta":{"_crdt_document":"","footnotes":""},"class_list":["post-2888","page","type-page","status-publish","hentry","wpbf-post"],"_links":{"self":[{"href":"https:\/\/kiwi-kulturinitiative.de\/index.html\/wp-json\/wp\/v2\/pages\/2888","targetHints":{"allow":["GET"]}}],"collection":[{"href":"https:\/\/kiwi-kulturinitiative.de\/index.html\/wp-json\/wp\/v2\/pages"}],"about":[{"href":"https:\/\/kiwi-kulturinitiative.de\/index.html\/wp-json\/wp\/v2\/types\/page"}],"author":[{"embeddable":true,"href":"https:\/\/kiwi-kulturinitiative.de\/index.html\/wp-json\/wp\/v2\/users\/1"}],"replies":[{"embeddable":true,"href":"https:\/\/kiwi-kulturinitiative.de\/index.html\/wp-json\/wp\/v2\/comments?post=2888"}],"version-history":[{"count":8,"href":"https:\/\/kiwi-kulturinitiative.de\/index.html\/wp-json\/wp\/v2\/pages\/2888\/revisions"}],"predecessor-version":[{"id":2907,"href":"https:\/\/kiwi-kulturinitiative.de\/index.html\/wp-json\/wp\/v2\/pages\/2888\/revisions\/2907"}],"wp:attachment":[{"href":"https:\/\/kiwi-kulturinitiative.de\/index.html\/wp-json\/wp\/v2\/media?parent=2888"}],"curies":[{"name":"wp","href":"https:\/\/api.w.org\/{rel}","templated":true}]}}