{"id":2797,"date":"2026-02-05T17:51:42","date_gmt":"2026-02-05T17:51:42","guid":{"rendered":"https:\/\/kiwi-kulturinitiative.de\/index.html\/?page_id=2797"},"modified":"2026-02-07T12:45:13","modified_gmt":"2026-02-07T12:45:13","slug":"sieglinde-nordmann-2","status":"publish","type":"page","link":"https:\/\/kiwi-kulturinitiative.de\/index.html\/sieglinde-nordmann-2\/","title":{"rendered":"Sieglinde Nordmann"},"content":{"rendered":"\n<p class=\"has-larger-font-size wp-block-paragraph\"><strong>Sieglinde Nordmann<\/strong><\/p>\n\n\n\n<figure class=\"wp-block-image size-large is-resized\"><img loading=\"lazy\" decoding=\"async\" width=\"950\" height=\"1024\" src=\"https:\/\/kiwi-kulturinitiative.de\/wp-content\/uploads\/2026\/02\/Sieglinge-Nordmann-1110-1-950x1024.jpg\" alt=\"\" class=\"wp-image-2805\" style=\"aspect-ratio:0.9281943437273387;width:412px;height:auto\" srcset=\"https:\/\/kiwi-kulturinitiative.de\/wp-content\/uploads\/2026\/02\/Sieglinge-Nordmann-1110-1-950x1024.jpg 950w, https:\/\/kiwi-kulturinitiative.de\/wp-content\/uploads\/2026\/02\/Sieglinge-Nordmann-1110-1-278x300.jpg 278w, https:\/\/kiwi-kulturinitiative.de\/wp-content\/uploads\/2026\/02\/Sieglinge-Nordmann-1110-1-768x827.jpg 768w, https:\/\/kiwi-kulturinitiative.de\/wp-content\/uploads\/2026\/02\/Sieglinge-Nordmann-1110-1-1426x1536.jpg 1426w, https:\/\/kiwi-kulturinitiative.de\/wp-content\/uploads\/2026\/02\/Sieglinge-Nordmann-1110-1-1901x2048.jpg 1901w\" sizes=\"auto, (max-width: 950px) 100vw, 950px\" \/><\/figure>\n\n\n\n<p class=\"wp-block-paragraph\">Seit ihrer Jugend hat sie sich sporadisch, sp\u00e4ter gezielt und dauerhaft mit der Kunst und der Malerei besch\u00e4ftigt.<\/p>\n\n\n\n<p class=\"wp-block-paragraph\">W\u00e4hrend der k\u00fcnstlerischen Weiterbildung bei verschiedenen Dozenten lernte sie unterschiedliche Stile und Malweisen kennen.<br>Das kommt ihrer Liebe zur Abwechslung sehr entgegen.<br><br>Bei der Themen-Auswahl legt sie den Stil und die Ausf\u00fchrung fest. So entstehen Rohrfeder-, Aquarell-, \u00d6l- und Pastellkreide-, Acryl-Arbeiten, teilweise auf Collagen und Nesselstoff. Die abstrakten Bilder sind oft sehr farbintensiv.<\/p>\n\n\n\n<p class=\"wp-block-paragraph\">In den letzten Jahren lagen ihre Schwerpunkte in der Mischtechnik, Grafik und Collagen, die sie w\u00e4hrend mehrerer Kurse der Oppenheimer Sommerakademie, vorwiegend bei Prof. Guido Ludes und seit 2012 auch bei Nicola Jaensch kennen lernte. So entstanden oft kleine Serien eines Themas.<\/p>\n\n\n\n<h3 class=\"wp-block-heading\">Mitgliedschaften<\/h3>\n\n\n\n<p class=\"wp-block-paragraph\"><strong>\u00bb<\/strong>&nbsp;Kunstverein Eisenturm, Mainz<br><strong>\u00bb<\/strong>&nbsp;Essenheimer Kunstverein<br><strong>\u00bb<\/strong>&nbsp;Kunstfreunde Zornheim<br><strong>\u00bb<\/strong>&nbsp;Glockwerks Lichte Kunstobjekte, Nieder-Olm<br><strong>\u00bb<\/strong>&nbsp;Freundeskreis Stiftung Opelvillen \u2013 Zentrum f\u00fcr Kunst, R\u00fcsselsheim<br><strong>\u00bb<\/strong>&nbsp;K\u00fcnstlervereinigung \u201eMalkasten\u201c, R\u00fcsselsheim<br><strong>\u00bb<\/strong>&nbsp;Kunstverein Ingelheim<br><strong>\u00bb<\/strong>&nbsp;Kultur &amp; Geschichtsverein Ebersheim e.V.<\/p>\n\n\n\n<h3 class=\"wp-block-heading\">Auszeichnungen<\/h3>\n\n\n\n<p class=\"wp-block-paragraph\"><strong>\u00bb<\/strong>&nbsp;3. Preis der Stiftung Kultur im Landkreis Mainz-Bingen (2014)<\/p>\n\n\n\n<h3 class=\"wp-block-heading\">Ankauf von Bildern<\/h3>\n\n\n\n<p class=\"wp-block-paragraph\"><strong>\u00bb<\/strong>&nbsp;Kreisverwaltung Mainz-Bingen<br><strong>\u00bb<\/strong>&nbsp;Rathaus Ingelheim (Gastgeschenk f\u00fcr Partnerstadt in Polen)<br><strong>\u00bb<\/strong>&nbsp;Landgericht Mainz<br><strong>\u00bb<\/strong>&nbsp;Deutsche Bundesbank Hauptverwaltung, Mainz<br><strong>\u00bb<\/strong>&nbsp;Investitions- und Strukturbank, Mainz<br><strong>\u00bb<\/strong>&nbsp;Verbands-Gemeindeverwaltung Nieder-Olm<br><strong>\u00bb<\/strong>&nbsp;Gemeindeverwaltung Zornheim (Gastgeschenk f\u00fcr Partnerstadt in Frankreich)<br><strong>\u00bb<\/strong>&nbsp;Abschiedsgeschenk f\u00fcr den Ev. Pfarrer f\u00fcr Zornheim und Mainz-Ebersheim<br><strong>\u00bb<\/strong>&nbsp;Abschiedsgeschenk f\u00fcr den Ortsb\u00fcrgermeister von Zornheim<br><strong>\u00bb<\/strong>&nbsp;Heimat- und Geschichtsverein Zornheim<\/p>\n\n\n\n<p class=\"wp-block-paragraph\"><a href=\"http:\/\/www.sieglinde-nordmann.de\/\">sieglinde nordmann.de<\/a><\/p>\n\n\n\n<figure class=\"wp-block-image size-large is-resized\"><img loading=\"lazy\" decoding=\"async\" width=\"1024\" height=\"955\" src=\"https:\/\/kiwi-kulturinitiative.de\/wp-content\/uploads\/2026\/02\/Sieglinde-Nordmann-1000057674-1-1024x955.jpg\" alt=\"\" class=\"wp-image-2806\" style=\"aspect-ratio:1.0722615018597326;width:413px;height:auto\" srcset=\"https:\/\/kiwi-kulturinitiative.de\/wp-content\/uploads\/2026\/02\/Sieglinde-Nordmann-1000057674-1-1024x955.jpg 1024w, https:\/\/kiwi-kulturinitiative.de\/wp-content\/uploads\/2026\/02\/Sieglinde-Nordmann-1000057674-1-300x280.jpg 300w, https:\/\/kiwi-kulturinitiative.de\/wp-content\/uploads\/2026\/02\/Sieglinde-Nordmann-1000057674-1-768x717.jpg 768w, https:\/\/kiwi-kulturinitiative.de\/wp-content\/uploads\/2026\/02\/Sieglinde-Nordmann-1000057674-1-1536x1433.jpg 1536w, https:\/\/kiwi-kulturinitiative.de\/wp-content\/uploads\/2026\/02\/Sieglinde-Nordmann-1000057674-1-2048x1911.jpg 2048w\" sizes=\"auto, (max-width: 1024px) 100vw, 1024px\" \/><\/figure>\n","protected":false},"excerpt":{"rendered":"<p>Sieglinde Nordmann Seit ihrer Jugend hat sie sich sporadisch, sp\u00e4ter gezielt und dauerhaft mit der Kunst und der Malerei besch\u00e4ftigt. W\u00e4hrend der k\u00fcnstlerischen Weiterbildung bei verschiedenen Dozenten lernte sie unterschiedliche [&hellip;]<\/p>\n","protected":false},"author":1,"featured_media":0,"parent":0,"menu_order":0,"comment_status":"closed","ping_status":"closed","template":"","meta":{"_crdt_document":"","footnotes":""},"class_list":["post-2797","page","type-page","status-publish","hentry","wpbf-post"],"_links":{"self":[{"href":"https:\/\/kiwi-kulturinitiative.de\/index.html\/wp-json\/wp\/v2\/pages\/2797","targetHints":{"allow":["GET"]}}],"collection":[{"href":"https:\/\/kiwi-kulturinitiative.de\/index.html\/wp-json\/wp\/v2\/pages"}],"about":[{"href":"https:\/\/kiwi-kulturinitiative.de\/index.html\/wp-json\/wp\/v2\/types\/page"}],"author":[{"embeddable":true,"href":"https:\/\/kiwi-kulturinitiative.de\/index.html\/wp-json\/wp\/v2\/users\/1"}],"replies":[{"embeddable":true,"href":"https:\/\/kiwi-kulturinitiative.de\/index.html\/wp-json\/wp\/v2\/comments?post=2797"}],"version-history":[{"count":4,"href":"https:\/\/kiwi-kulturinitiative.de\/index.html\/wp-json\/wp\/v2\/pages\/2797\/revisions"}],"predecessor-version":[{"id":2814,"href":"https:\/\/kiwi-kulturinitiative.de\/index.html\/wp-json\/wp\/v2\/pages\/2797\/revisions\/2814"}],"wp:attachment":[{"href":"https:\/\/kiwi-kulturinitiative.de\/index.html\/wp-json\/wp\/v2\/media?parent=2797"}],"curies":[{"name":"wp","href":"https:\/\/api.w.org\/{rel}","templated":true}]}}