{"id":2786,"date":"2026-02-05T17:22:01","date_gmt":"2026-02-05T17:22:01","guid":{"rendered":"https:\/\/kiwi-kulturinitiative.de\/index.html\/?page_id=2786"},"modified":"2026-02-05T17:46:30","modified_gmt":"2026-02-05T17:46:30","slug":"karin-boepple","status":"publish","type":"page","link":"https:\/\/kiwi-kulturinitiative.de\/index.html\/karin-boepple\/","title":{"rendered":"Karin B\u00f6pple"},"content":{"rendered":"\n<p class=\"has-larger-font-size wp-block-paragraph\"><strong>Karin B\u00f6pple<\/strong><\/p>\n\n\n\n<figure class=\"wp-block-image size-large is-resized\"><img loading=\"lazy\" decoding=\"async\" width=\"1024\" height=\"867\" src=\"https:\/\/kiwi-kulturinitiative.de\/wp-content\/uploads\/2026\/02\/IMG_1822-1024x867.jpeg\" alt=\"\" class=\"wp-image-2791\" style=\"aspect-ratio:1.181098438711106;width:410px;height:auto\" srcset=\"https:\/\/kiwi-kulturinitiative.de\/wp-content\/uploads\/2026\/02\/IMG_1822-1024x867.jpeg 1024w, https:\/\/kiwi-kulturinitiative.de\/wp-content\/uploads\/2026\/02\/IMG_1822-300x254.jpeg 300w, https:\/\/kiwi-kulturinitiative.de\/wp-content\/uploads\/2026\/02\/IMG_1822-768x651.jpeg 768w, https:\/\/kiwi-kulturinitiative.de\/wp-content\/uploads\/2026\/02\/IMG_1822-1536x1301.jpeg 1536w, https:\/\/kiwi-kulturinitiative.de\/wp-content\/uploads\/2026\/02\/IMG_1822-2048x1735.jpeg 2048w\" sizes=\"auto, (max-width: 1024px) 100vw, 1024px\" \/><\/figure>\n\n\n\n<p class=\"has-regular-font-size wp-block-paragraph\"><strong>Karin B\u00f6pple, M.A.<\/strong><br>Vita:<br>&#8211; in Reutlingen \/ Baden-W\u00fcrttemberg geboren<br>&#8211; Studium der Literaturwissenschaften an der Eberhard-Karls-Universit\u00e4t in T\u00fcbingen.<br>&#8211; seit 1985 wohnhaft in Rheinland-Pfalz, Lehrbeauftragte an der Fachhochschule Mainz<br>&#8211; seit 2009 k\u00fcnstlerische Weiterbildung bei verschiedenen K\u00fcnstlern und an der Oppenheimer Sommerakademie \/ Rheinhessen Akademie u.a.: Guido Ludes, Heike Negenborn, Albrecht Rissler und Nikola Jaensch<br>&#8211; Studienreisen nach Gro\u00dfbritannien, Frankreich, Spanien und USA<br><br>Zweiter Preis beim Kunstpreis des Landkreises Alzey-Worms<br><br>Stimmen zu Karin B\u00f6pple:<em><br>\u201eKarin B\u00f6pple zeichnet sich auf den ersten Blick durch eine herausragende Technik aus: sie verbindet zeichnerische und malerische Vorgehensweise auf beindruckende Art und Weise und geht weit \u00fcber das reine realistische Abbilden von Gegenst\u00e4nden des allt\u00e4glichen Lebens hinaus. In ihren Stillleben bringt sie die dargestellten Objekte in einen gestalterischen Dialog und so zur Kommunikation untereinander. In Anlehnung an die in fr\u00fcheren Stillleben der Alten Meister immer wieder gezeigte\u201eFliege&#8220;,ie auf die Verg\u00e4nglichkeit aller Dinge hinweist, verwendet sie einen modernen Helikopter. Mit diesem verweist sie vor allem auf die Schnelllebigkeit der heutigen Zeit.<br>Ihren eigenen k\u00fcnstlerischen Ausdruck findet sie im transparenten Verbergen.<\/em> <em>Sie verpackt die Dinge des Alltags in Folie &#8211; r\u00fcckt sie in den Fokus und entr\u00fcckt sie gleichzeitig. <\/em><em>Ihre Werke erzeugen eine gestalterische Sog-Wirkung auf den Betrachter, der man sich kaum entziehen<br>kann.&#8220;<\/em><br>Neben diesen realistisch dargestellten Zeichnungen auf schwarzem Ingres-Papier malt Karin B\u00f6pple auch fotorealistische Motive in \u00d6l und Acryl auf Leinwand.<\/p>\n\n\n\n<p class=\"wp-block-paragraph\"><a href=\"https:\/\/karinboepple.de\/\">WebSite Karin B\u00f6pple<\/a><\/p>\n\n\n\n<figure class=\"wp-block-image size-large is-resized\"><img loading=\"lazy\" decoding=\"async\" width=\"723\" height=\"1024\" src=\"https:\/\/kiwi-kulturinitiative.de\/wp-content\/uploads\/2026\/02\/IMG_1823-723x1024.jpeg\" alt=\"\" class=\"wp-image-2790\" style=\"aspect-ratio:0.7060609759819331;width:411px;height:auto\" srcset=\"https:\/\/kiwi-kulturinitiative.de\/wp-content\/uploads\/2026\/02\/IMG_1823-723x1024.jpeg 723w, https:\/\/kiwi-kulturinitiative.de\/wp-content\/uploads\/2026\/02\/IMG_1823-212x300.jpeg 212w, https:\/\/kiwi-kulturinitiative.de\/wp-content\/uploads\/2026\/02\/IMG_1823-768x1088.jpeg 768w, https:\/\/kiwi-kulturinitiative.de\/wp-content\/uploads\/2026\/02\/IMG_1823-1085x1536.jpeg 1085w, https:\/\/kiwi-kulturinitiative.de\/wp-content\/uploads\/2026\/02\/IMG_1823-1446x2048.jpeg 1446w, https:\/\/kiwi-kulturinitiative.de\/wp-content\/uploads\/2026\/02\/IMG_1823-scaled.jpeg 1808w\" sizes=\"auto, (max-width: 723px) 100vw, 723px\" \/><\/figure>\n","protected":false},"excerpt":{"rendered":"<p>Karin B\u00f6pple Karin B\u00f6pple, M.A.Vita:&#8211; in Reutlingen \/ Baden-W\u00fcrttemberg geboren&#8211; Studium der Literaturwissenschaften an der Eberhard-Karls-Universit\u00e4t in T\u00fcbingen.&#8211; seit 1985 wohnhaft in Rheinland-Pfalz, Lehrbeauftragte an der Fachhochschule Mainz&#8211; seit 2009 [&hellip;]<\/p>\n","protected":false},"author":1,"featured_media":0,"parent":0,"menu_order":0,"comment_status":"closed","ping_status":"closed","template":"","meta":{"_crdt_document":"","footnotes":""},"class_list":["post-2786","page","type-page","status-publish","hentry","wpbf-post"],"_links":{"self":[{"href":"https:\/\/kiwi-kulturinitiative.de\/index.html\/wp-json\/wp\/v2\/pages\/2786","targetHints":{"allow":["GET"]}}],"collection":[{"href":"https:\/\/kiwi-kulturinitiative.de\/index.html\/wp-json\/wp\/v2\/pages"}],"about":[{"href":"https:\/\/kiwi-kulturinitiative.de\/index.html\/wp-json\/wp\/v2\/types\/page"}],"author":[{"embeddable":true,"href":"https:\/\/kiwi-kulturinitiative.de\/index.html\/wp-json\/wp\/v2\/users\/1"}],"replies":[{"embeddable":true,"href":"https:\/\/kiwi-kulturinitiative.de\/index.html\/wp-json\/wp\/v2\/comments?post=2786"}],"version-history":[{"count":3,"href":"https:\/\/kiwi-kulturinitiative.de\/index.html\/wp-json\/wp\/v2\/pages\/2786\/revisions"}],"predecessor-version":[{"id":2795,"href":"https:\/\/kiwi-kulturinitiative.de\/index.html\/wp-json\/wp\/v2\/pages\/2786\/revisions\/2795"}],"wp:attachment":[{"href":"https:\/\/kiwi-kulturinitiative.de\/index.html\/wp-json\/wp\/v2\/media?parent=2786"}],"curies":[{"name":"wp","href":"https:\/\/api.w.org\/{rel}","templated":true}]}}