{"id":2699,"date":"2026-01-08T17:21:36","date_gmt":"2026-01-08T17:21:36","guid":{"rendered":"https:\/\/kiwi-kulturinitiative.de\/index.html\/?page_id=2699"},"modified":"2026-01-08T21:06:48","modified_gmt":"2026-01-08T21:06:48","slug":"country-mit-grass-unlimited","status":"publish","type":"page","link":"https:\/\/kiwi-kulturinitiative.de\/index.html\/country-mit-grass-unlimited\/","title":{"rendered":"Country mit Grass Unlimited"},"content":{"rendered":"\n<p class=\"has-larger-font-size wp-block-paragraph\"><strong>GRASS UNLIMITED spielt Bluegrass<\/strong><\/p>\n\n\n\n<p class=\"wp-block-paragraph\" style=\"font-size:19px\"><strong>Freitag, 23. Oktober, 19:30 h &#8211; 22:00 h<\/strong><br>Einlass ab 19:00 h<br><strong>Rathaus, Hauptstrasse 6, Klein-Winternheim<\/strong><\/p>\n\n\n\n<p class=\"wp-block-paragraph\" style=\"font-size:26px\"><strong>Tickets noch nicht verf\u00fcgbar!<\/strong><\/p>\n\n\n\n<div class=\"wp-block-buttons is-layout-flex wp-block-buttons-is-layout-flex\">\n<div class=\"wp-block-button is-style-fill\"><a class=\"wp-block-button__link has-text-color has-background has-link-color has-custom-font-size wp-element-button\" href=\"https:\/\/kiwi-kulturinitiative.de\/index.html\/tickets\/\" style=\"color:#f9ee6f;background-color:#4f0c7b;font-size:18px\"><strong>Tickets f\u00fcr GRASS UNLIMITED<\/strong><\/a><\/div>\n\n\n\n<div class=\"wp-block-button\"><a class=\"wp-block-button__link has-text-color has-background has-link-color has-custom-font-size wp-element-button\" href=\"https:\/\/kiwi-kulturinitiative.de\/index.html\/tickets\/\" style=\"color:#f9ee6f;background-color:#4f0c7b;font-size:18px\"><strong>Tickets f\u00fcr rheinhessenKULTur &#8211;<\/strong> <strong>Country- &amp; Folk-Festival<\/strong><\/a><\/div>\n<\/div>\n\n\n\n<p class=\"wp-block-paragraph\" style=\"font-size:19px\">Vorverkauf 16 \u20ac \/ Abendkasse 18 \u20ac<\/p>\n\n\n\n<figure class=\"wp-block-image size-large is-resized\"><img loading=\"lazy\" decoding=\"async\" width=\"1024\" height=\"238\" src=\"https:\/\/kiwi-kulturinitiative.de\/wp-content\/uploads\/2026\/01\/Rhh-Kultur-Folk-Festival-Logo-3-1024x238.jpg\" alt=\"\" class=\"wp-image-2718\" style=\"aspect-ratio:4.302743041549012;width:610px;height:auto\" srcset=\"https:\/\/kiwi-kulturinitiative.de\/wp-content\/uploads\/2026\/01\/Rhh-Kultur-Folk-Festival-Logo-3-1024x238.jpg 1024w, https:\/\/kiwi-kulturinitiative.de\/wp-content\/uploads\/2026\/01\/Rhh-Kultur-Folk-Festival-Logo-3-300x70.jpg 300w, https:\/\/kiwi-kulturinitiative.de\/wp-content\/uploads\/2026\/01\/Rhh-Kultur-Folk-Festival-Logo-3-768x178.jpg 768w, https:\/\/kiwi-kulturinitiative.de\/wp-content\/uploads\/2026\/01\/Rhh-Kultur-Folk-Festival-Logo-3-1536x357.jpg 1536w, https:\/\/kiwi-kulturinitiative.de\/wp-content\/uploads\/2026\/01\/Rhh-Kultur-Folk-Festival-Logo-3.jpg 1795w\" sizes=\"auto, (max-width: 1024px) 100vw, 1024px\" \/><\/figure>\n\n\n\n<figure class=\"wp-block-image size-large is-resized\"><img loading=\"lazy\" decoding=\"async\" width=\"1024\" height=\"794\" src=\"https:\/\/kiwi-kulturinitiative.de\/wp-content\/uploads\/2026\/01\/Foto-Grass-Unlimited-1024x794.png\" alt=\"\" class=\"wp-image-2697\" style=\"width:611px;height:auto\" srcset=\"https:\/\/kiwi-kulturinitiative.de\/wp-content\/uploads\/2026\/01\/Foto-Grass-Unlimited-1024x794.png 1024w, https:\/\/kiwi-kulturinitiative.de\/wp-content\/uploads\/2026\/01\/Foto-Grass-Unlimited-300x233.png 300w, https:\/\/kiwi-kulturinitiative.de\/wp-content\/uploads\/2026\/01\/Foto-Grass-Unlimited-768x595.png 768w, https:\/\/kiwi-kulturinitiative.de\/wp-content\/uploads\/2026\/01\/Foto-Grass-Unlimited.png 1050w\" sizes=\"auto, (max-width: 1024px) 100vw, 1024px\" \/><\/figure>\n\n\n\n<p class=\"wp-block-paragraph\"><strong>GRASS UNLIMITED spielt Bluegrass<\/strong><br><br><strong>Bluegrass ist eine aus verschiedenen Stilrichtungen (Blues, Jazz, Irish Folk) entstandene Spielart der Country Musik, welche sich etwa ab 1930 in Kentucky und Tennessee entwickelt hat. Die Besonderheit liegt dabei auch in den Instrumenten, welche beim Bluegrass zu Einsatz kommen:\u00a0 5 String Banjo, Mandoline, Dobro, Fiddle, Gitarre, Kontrabass).<\/strong><\/p>\n\n\n\n<p class=\"wp-block-paragraph\"><strong>Die Musiker von Grass Unlimited&nbsp;beherrschen diese Instrumente perfekt, geh\u00f6ren sie doch mit einem Bestehen von \u00fcber 40 Jahren zu den dienst\u00e4ltesten Bluegrass Bands im Rhein-Neckar-Raum.<\/strong><\/p>\n\n\n\n<p class=\"wp-block-paragraph\"><strong>Sie verbinden in ihrer mitrei\u00dfenden Musik die Elemente des traditionellen Bluegrass mit anderen Stilrichtungen wie z.B. auch Rock, Gypsy, Swing und Klassik. Markenzeichen von Grass Unlimited ist auch der klangvolle mehrstimmige Gesang, welcher ihrer Musik eine schwungvolle Heiterkeit verleiht. Die 6 Musiker\/innen sind alle Spezialisten auf ihren jeweiligen Instrumenten &#8211; oft sogar auf mehreren. Das Repertoire der Band umfasst \u00fcber die Jahrzehnte mehrere hundert Titel aus denen ein unterhaltsames Programm f\u00fcr den Auftritt bei KiWi zusammengestellt wird. Auf hohem spielerischem Niveau bieten Grass Unlimited abendf\u00fcllende Unterhaltung, bei der der fr\u00f6hliche Charakter und die urspr\u00fcngliche Tanzbarkeit des Bluegrass im Vordergrund stehen.<\/strong><\/p>\n\n\n\n<p class=\"wp-block-paragraph\"><strong>Sylvia Werner:&nbsp;&nbsp;&nbsp;&nbsp;&nbsp;&nbsp;&nbsp;&nbsp; Gesang, Mandolin, Percussion<\/strong><\/p>\n\n\n\n<p class=\"wp-block-paragraph\"><strong>Claudia Nell:&nbsp;&nbsp;&nbsp;&nbsp;&nbsp;&nbsp;&nbsp;&nbsp;&nbsp;&nbsp;&nbsp;&nbsp; Fiddle<\/strong><\/p>\n\n\n\n<p class=\"wp-block-paragraph\"><strong>Michael Jockel:&nbsp;&nbsp;&nbsp;&nbsp;&nbsp;&nbsp;&nbsp; 5-String Banjo, Gitarre, Harp<\/strong><\/p>\n\n\n\n<p class=\"wp-block-paragraph\"><strong>R\u00fcdiger Horne:&nbsp;&nbsp;&nbsp;&nbsp;&nbsp;&nbsp;&nbsp; Dobro, Mandoline, Gesang<\/strong><\/p>\n\n\n\n<p class=\"wp-block-paragraph\"><strong>Volker F. Strauch:&nbsp;&nbsp; Kontrabass, Gesang<\/strong><\/p>\n\n\n\n<p class=\"wp-block-paragraph\" style=\"font-size:16px\"><strong>G\u00e9rard Moeres:&nbsp;&nbsp;&nbsp;&nbsp;&nbsp; Gitarre, Harp, Gesang<\/strong><\/p>\n\n\n\n<p class=\"wp-block-paragraph\"><a href=\"https:\/\/www.grass-unlimited.de\">https:\/\/www.grass-unlimited.de<\/a><\/p>\n\n\n\n<p class=\"wp-block-paragraph\"><\/p>\n","protected":false},"excerpt":{"rendered":"<p>GRASS UNLIMITED spielt Bluegrass Freitag, 23. Oktober, 19:30 h &#8211; 22:00 hEinlass ab 19:00 hRathaus, Hauptstrasse 6, Klein-Winternheim Tickets noch nicht verf\u00fcgbar! Vorverkauf 16 \u20ac \/ Abendkasse 18 \u20ac GRASS [&hellip;]<\/p>\n","protected":false},"author":1,"featured_media":0,"parent":0,"menu_order":0,"comment_status":"closed","ping_status":"closed","template":"","meta":{"_crdt_document":"","footnotes":""},"class_list":["post-2699","page","type-page","status-publish","hentry","wpbf-post"],"_links":{"self":[{"href":"https:\/\/kiwi-kulturinitiative.de\/index.html\/wp-json\/wp\/v2\/pages\/2699","targetHints":{"allow":["GET"]}}],"collection":[{"href":"https:\/\/kiwi-kulturinitiative.de\/index.html\/wp-json\/wp\/v2\/pages"}],"about":[{"href":"https:\/\/kiwi-kulturinitiative.de\/index.html\/wp-json\/wp\/v2\/types\/page"}],"author":[{"embeddable":true,"href":"https:\/\/kiwi-kulturinitiative.de\/index.html\/wp-json\/wp\/v2\/users\/1"}],"replies":[{"embeddable":true,"href":"https:\/\/kiwi-kulturinitiative.de\/index.html\/wp-json\/wp\/v2\/comments?post=2699"}],"version-history":[{"count":10,"href":"https:\/\/kiwi-kulturinitiative.de\/index.html\/wp-json\/wp\/v2\/pages\/2699\/revisions"}],"predecessor-version":[{"id":2726,"href":"https:\/\/kiwi-kulturinitiative.de\/index.html\/wp-json\/wp\/v2\/pages\/2699\/revisions\/2726"}],"wp:attachment":[{"href":"https:\/\/kiwi-kulturinitiative.de\/index.html\/wp-json\/wp\/v2\/media?parent=2699"}],"curies":[{"name":"wp","href":"https:\/\/api.w.org\/{rel}","templated":true}]}}