{"id":2689,"date":"2026-01-08T13:22:25","date_gmt":"2026-01-08T13:22:25","guid":{"rendered":"https:\/\/kiwi-kulturinitiative.de\/index.html\/?page_id=2689"},"modified":"2026-03-27T07:52:18","modified_gmt":"2026-03-27T07:52:18","slug":"vento-im-rathaus","status":"publish","type":"page","link":"https:\/\/kiwi-kulturinitiative.de\/index.html\/vento-im-rathaus\/","title":{"rendered":"VENTO. im Rathaus"},"content":{"rendered":"\n<p class=\"has-extra-font-size wp-block-paragraph\"><strong>Groove Jazz im Rathaus<\/strong> <br><strong>mit VENTO.<\/strong><\/p>\n\n\n\n<p class=\"wp-block-paragraph\" style=\"font-size:26px\"><strong>Rathaus Klein-Winternheim, Hauptstr. 6<\/strong><br><strong>Samstag, 11. April 2026, 19:30 h<\/strong> &#8211; Einlass ab 19:00 h<\/p>\n\n\n\n<p class=\"wp-block-paragraph\" style=\"font-size:18px\"><strong>Vorverkauf 16 \u20ac \/ Abendkasse 18 \u20ac<\/strong><\/p>\n\n\n\n<div class=\"wp-block-buttons is-layout-flex wp-block-buttons-is-layout-flex\">\n<div class=\"wp-block-button\"><a class=\"wp-block-button__link has-text-color has-background has-link-color has-large-font-size has-custom-font-size wp-element-button\" href=\"https:\/\/kiwi-kulturinitiative.de\/index.html\/tickets\/\" style=\"color:#f9ee6f;background-color:#4f0c7b\"><strong>Tickets<\/strong><\/a><\/div>\n<\/div>\n\n\n\n<ul class=\"wp-block-list\">\n<li style=\"font-size:26px\"><strong>in Kooperation mit dem Jazzclub Rheinhessen e.V<\/strong><\/li>\n<\/ul>\n\n\n\n<figure class=\"wp-block-image size-large is-resized\"><img loading=\"lazy\" decoding=\"async\" width=\"1024\" height=\"643\" src=\"https:\/\/kiwi-kulturinitiative.de\/wp-content\/uploads\/2025\/06\/Jazz-Club-Rhh-1-1024x643.png\" alt=\"\" class=\"wp-image-2406\" style=\"aspect-ratio:1.592554806280638;width:184px;height:auto\" srcset=\"https:\/\/kiwi-kulturinitiative.de\/wp-content\/uploads\/2025\/06\/Jazz-Club-Rhh-1-1024x643.png 1024w, https:\/\/kiwi-kulturinitiative.de\/wp-content\/uploads\/2025\/06\/Jazz-Club-Rhh-1-300x188.png 300w, https:\/\/kiwi-kulturinitiative.de\/wp-content\/uploads\/2025\/06\/Jazz-Club-Rhh-1-768x482.png 768w, https:\/\/kiwi-kulturinitiative.de\/wp-content\/uploads\/2025\/06\/Jazz-Club-Rhh-1.png 1200w\" sizes=\"auto, (max-width: 1024px) 100vw, 1024px\" \/><\/figure>\n\n\n\n<figure class=\"wp-block-image size-full is-resized\"><img loading=\"lazy\" decoding=\"async\" width=\"1200\" height=\"1200\" src=\"https:\/\/kiwi-kulturinitiative.de\/wp-content\/uploads\/2025\/11\/vento.jpg\" alt=\"\" class=\"wp-image-2488\" style=\"width:420px;height:auto\" srcset=\"https:\/\/kiwi-kulturinitiative.de\/wp-content\/uploads\/2025\/11\/vento.jpg 1200w, https:\/\/kiwi-kulturinitiative.de\/wp-content\/uploads\/2025\/11\/vento-300x300.jpg 300w, https:\/\/kiwi-kulturinitiative.de\/wp-content\/uploads\/2025\/11\/vento-1024x1024.jpg 1024w, https:\/\/kiwi-kulturinitiative.de\/wp-content\/uploads\/2025\/11\/vento-150x150.jpg 150w, https:\/\/kiwi-kulturinitiative.de\/wp-content\/uploads\/2025\/11\/vento-768x768.jpg 768w\" sizes=\"auto, (max-width: 1200px) 100vw, 1200px\" \/><\/figure>\n\n\n\n<p class=\"wp-block-paragraph\" style=\"font-size:16px\">Foto: VENTO.<\/p>\n\n\n\n<p class=\"wp-block-paragraph\"><strong>Moderner Groove-Jazz mit VENTO.<\/strong><br>VENTO. steht f\u00fcr modernen Groove-Jazz mit Einfl\u00fcssen aus Pop, Soul und R&amp;B. Die Band verbindet markante Beats mit Improvisation und gef\u00fchlvollem Gesang zu einem Sound, der eing\u00e4ngig und zugleich anspruchsvoll ist. Ihr Repertoire reicht von Eigenkompositionen bis zu St\u00fccken von Roy Hargrove, Cleo Sol, Tom Misch und Robert Glasper. Bassist Eduardo Sabella, Gr\u00fcnder der Band, ist in Jazz, Pop und Klassik gleicherma\u00dfen zu Hause. Er spielte mit K\u00fcnstlerinnen wie Klaus Graf und Ismail Lumanovski, trat bei Festivals wie der Jazzwoche Burghausen, Palatia Jazz und dem Schleswig-Holstein Musikfestival auf und ist festes Mitglied des Bridges-Kammerorchesters. S\u00e4ngerin Laureen Mobo pr\u00e4gt den Sound mit ihrer warmen Stimme und stilistischen Bandbreite zwischen Jazz, Soul, Pop und Gospel. Mit ihrer Band Mobil\u00e9 gewann sie 2024 den Sparda Jazz Award und das Pop RLP-Stipendium, war Teil des SWR2 Jazz College und studiert Master Musikphysiologie in Freiburg. Saxophonist Paul Scheugenpflug erg\u00e4nzt den Bandsound mit ausdrucksstarken Melodien und virtuosen Soli. Mit seinem Quartett (PSQ) konzertiert er deutschlandweit und mit dem Kollektiv \u201eF\u00c4ZZ\u201c gewann er das Frankfurter Jazzstipendium 2023 und initiierte 2024 eine Konzertreihe mit G\u00e4sten wie Veronika Morscher und Sebastian Sternal. 2024 erhielt er den Jazzpreis Rheinland-Pfalz, 2025 kommt nun das Auftittsstipendium der D\u00f6rkenstiftung im Rahmen des \u201eJazz@undesigned\u201c-Preises hinzu. Er tourt u.a. mit Moop Mama und dem Glenn Miller Orchestra. Pianist Manuel Seng bringt harmonische Klarheit und rhythmische Pr\u00e4zision ein. Er ist mit Projekten wie KLANGCRAFT und CHAPELLE D\u2019AMOUR aktiv und unterrichtet Jazz-Klavier an der Hochschule f\u00fcr Musik Mainz. Schlagzeuger Julian Camargo pr\u00e4gt mit klaren Beats und facettenreichen Groove das rhythmische Fundament der Band. Er tourte international und ver\u00f6ffentlichte 2021 sein Deb\u00fctalbum Songs About Being Young. Vento kreiert einen modernen, groovenden Bandsound, der Jazz mit Pop-Elementen verbindet und durch Spielfreude, Energie und emotionale Tiefe \u00fcberzeugt.<\/p>\n\n\n\n<p class=\"wp-block-paragraph\">Besetzung:<\/p>\n\n\n\n<p class=\"wp-block-paragraph\">Laureen Mobo \u2013 Gesang<\/p>\n\n\n\n<p class=\"wp-block-paragraph\">Paul Scheugenpflug \u2013 Saxofon<\/p>\n\n\n\n<p class=\"wp-block-paragraph\">Manuel Seng \u2013 Klavier<\/p>\n\n\n\n<p class=\"wp-block-paragraph\">Eduardo Sabella \u2013 E-Bass&nbsp;<\/p>\n\n\n\n<p class=\"wp-block-paragraph\">Julian Camargo \u2013 Schlagzeug<\/p>\n\n\n\n<p class=\"wp-block-paragraph\"><strong>Bei der Veranstaltung am 11. April 2026 handelt es sich um eine Kooperation zwischen der Kulturinitiative Klein-Winternheim&nbsp;e. V. und dem Jazzclub Rheinhessen e. V.<\/strong><\/p>\n\n\n\n<p class=\"wp-block-paragraph\"><\/p>\n","protected":false},"excerpt":{"rendered":"<p>Groove Jazz im Rathaus mit VENTO. Rathaus Klein-Winternheim, Hauptstr. 6Samstag, 11. April 2026, 19:30 h &#8211; Einlass ab 19:00 h Vorverkauf 16 \u20ac \/ Abendkasse 18 \u20ac Foto: VENTO. Moderner [&hellip;]<\/p>\n","protected":false},"author":1,"featured_media":0,"parent":0,"menu_order":0,"comment_status":"closed","ping_status":"closed","template":"","meta":{"_crdt_document":"","footnotes":""},"class_list":["post-2689","page","type-page","status-publish","hentry","wpbf-post"],"_links":{"self":[{"href":"https:\/\/kiwi-kulturinitiative.de\/index.html\/wp-json\/wp\/v2\/pages\/2689","targetHints":{"allow":["GET"]}}],"collection":[{"href":"https:\/\/kiwi-kulturinitiative.de\/index.html\/wp-json\/wp\/v2\/pages"}],"about":[{"href":"https:\/\/kiwi-kulturinitiative.de\/index.html\/wp-json\/wp\/v2\/types\/page"}],"author":[{"embeddable":true,"href":"https:\/\/kiwi-kulturinitiative.de\/index.html\/wp-json\/wp\/v2\/users\/1"}],"replies":[{"embeddable":true,"href":"https:\/\/kiwi-kulturinitiative.de\/index.html\/wp-json\/wp\/v2\/comments?post=2689"}],"version-history":[{"count":3,"href":"https:\/\/kiwi-kulturinitiative.de\/index.html\/wp-json\/wp\/v2\/pages\/2689\/revisions"}],"predecessor-version":[{"id":2983,"href":"https:\/\/kiwi-kulturinitiative.de\/index.html\/wp-json\/wp\/v2\/pages\/2689\/revisions\/2983"}],"wp:attachment":[{"href":"https:\/\/kiwi-kulturinitiative.de\/index.html\/wp-json\/wp\/v2\/media?parent=2689"}],"curies":[{"name":"wp","href":"https:\/\/api.w.org\/{rel}","templated":true}]}}