{"id":2667,"date":"2026-01-06T22:36:35","date_gmt":"2026-01-06T22:36:35","guid":{"rendered":"https:\/\/kiwi-kulturinitiative.de\/index.html\/?page_id=2667"},"modified":"2026-04-01T10:16:53","modified_gmt":"2026-04-01T10:16:53","slug":"basta-musik-theater","status":"publish","type":"page","link":"https:\/\/kiwi-kulturinitiative.de\/index.html\/basta-musik-theater\/","title":{"rendered":"Basta-Musik-Theater"},"content":{"rendered":"\n<p class=\"wp-block-paragraph\" style=\"font-size:32px\"><strong>&#8222;DIE MARTIN-LUTHER-KING-STORY<\/strong>&#8222;<\/p>\n\n\n\n<p class=\"wp-block-paragraph\" style=\"font-size:27px\"><strong>Ein Text-Musik-Programm gegen Rassismus<\/strong><\/p>\n\n\n\n<p class=\"wp-block-paragraph\" style=\"font-size:27px\"><strong>pr\u00e4sentiert von BASTA-MUSIK-THEATER<\/strong><\/p>\n\n\n\n<p class=\"has-large-font-size wp-block-paragraph\"><strong>Rathaus Klein-Winternheim, Hauptstr. 6<\/strong><br><strong><br>Freitag, 17. April 2026, 19:30 h<\/strong>&nbsp;\u2013 Einlass 19:00 h<\/p>\n\n\n\n<p class=\"has-large-font-size wp-block-paragraph\"><strong>Vorverkauf 14,00 \u20ac  \/  Abendkasse&nbsp;16,00 \u20ac<\/strong><\/p>\n\n\n\n<div class=\"wp-block-buttons is-layout-flex wp-block-buttons-is-layout-flex\">\n<div class=\"wp-block-button\"><a class=\"wp-block-button__link has-text-color has-background has-link-color has-medium-font-size has-custom-font-size wp-element-button\" href=\"https:\/\/kiwi-kulturinitiative.de\/index.html\/tickets\/\" style=\"color:#f9ee6f;background-color:#4f0c7b\"><strong>Tickets<\/strong><\/a><\/div>\n<\/div>\n\n\n\n<p class=\"wp-block-paragraph\" style=\"font-size:18px\">Es ist das Verm\u00e4chtnis von Martin Luther King, immer und \u00fcberall gegen jede Form von Diskriminierung und Rassismus aufzustehen &#8211; hier und jetzt, genauso wie vor 60 Jahren in den USA.<\/p>\n\n\n\n<p class=\"wp-block-paragraph\" style=\"font-size:18px\">Das Basta-Theater zeichnet in seinem szenischen Musikprogramm den bewegten und bewegenden Weg des Friedens-nobelpreistr\u00e4gers &#8211; von den Anf\u00e4ngen des gewaltfreien Widerstands der B\u00fcrgerrechtsbewegung Mitte der f\u00fcnfziger Jahre bis hin zu Kings Ermordung im Jahre 1968. <br>Und immer wieder gibt es Querverweise auf unsere Situation hier in Deutschland, in der rechtsradikale Politiker unverhohlen die Deportation von Migrant*innen propagieren und planen.<\/p>\n\n\n\n<p class=\"wp-block-paragraph\" style=\"font-size:18px\">Das Programm des Basta-Theaters arbeitet mit Original-Zitaten von Martin Luther King, kurzen Szenen sowie Einspielungen der ber\u00fchmten Rede<em> \u201eI have a Dream\u201c<\/em>.&nbsp; Kommentiert werden die Inhalte durch live gespielte Songs, die von Kings Weggef\u00e4hrt:innen wie etwa Bob Dylan, Joan Baez oder Nina Simone, aber auch aus der eigenen Feder des Basta-Theaters stammen.&nbsp;<\/p>\n\n\n\n<p class=\"wp-block-paragraph\" style=\"font-size:18px\">Die \u201eMartin Luther King Story\u201c macht Mut, den Traum von einer Welt ohne Rassismus und Ausbeutung weiter zu tr\u00e4umen &#8211; und immer wieder f\u00fcr die universellen Freiheitsrechte einzutreten.<\/p>\n\n\n\n<figure class=\"wp-block-image size-full\"><img loading=\"lazy\" decoding=\"async\" width=\"967\" height=\"668\" src=\"https:\/\/kiwi-kulturinitiative.de\/wp-content\/uploads\/2026\/01\/Basta-Theater.jpg\" alt=\"\" class=\"wp-image-2665\" srcset=\"https:\/\/kiwi-kulturinitiative.de\/wp-content\/uploads\/2026\/01\/Basta-Theater.jpg 967w, https:\/\/kiwi-kulturinitiative.de\/wp-content\/uploads\/2026\/01\/Basta-Theater-300x207.jpg 300w, https:\/\/kiwi-kulturinitiative.de\/wp-content\/uploads\/2026\/01\/Basta-Theater-768x531.jpg 768w\" sizes=\"auto, (max-width: 967px) 100vw, 967px\" \/><\/figure>\n\n\n\n<p class=\"wp-block-paragraph\" style=\"font-size:18px\"><a href=\"https:\/\/basta-theater.de\/\">https:\/\/basta-theater.de\/<\/a><\/p>\n\n\n\n<p class=\"wp-block-paragraph\" style=\"font-size:18px\"><\/p>\n\n\n\n<p class=\"wp-block-paragraph\"><\/p>\n","protected":false},"excerpt":{"rendered":"<p>&#8222;DIE MARTIN-LUTHER-KING-STORY&#8222; Ein Text-Musik-Programm gegen Rassismus pr\u00e4sentiert von BASTA-MUSIK-THEATER Rathaus Klein-Winternheim, Hauptstr. 6Freitag, 17. April 2026, 19:30 h&nbsp;\u2013 Einlass 19:00 h Vorverkauf 14,00 \u20ac \/ Abendkasse&nbsp;16,00 \u20ac Es ist das [&hellip;]<\/p>\n","protected":false},"author":1,"featured_media":0,"parent":0,"menu_order":0,"comment_status":"closed","ping_status":"closed","template":"","meta":{"_crdt_document":"","footnotes":""},"class_list":["post-2667","page","type-page","status-publish","hentry","wpbf-post"],"_links":{"self":[{"href":"https:\/\/kiwi-kulturinitiative.de\/index.html\/wp-json\/wp\/v2\/pages\/2667","targetHints":{"allow":["GET"]}}],"collection":[{"href":"https:\/\/kiwi-kulturinitiative.de\/index.html\/wp-json\/wp\/v2\/pages"}],"about":[{"href":"https:\/\/kiwi-kulturinitiative.de\/index.html\/wp-json\/wp\/v2\/types\/page"}],"author":[{"embeddable":true,"href":"https:\/\/kiwi-kulturinitiative.de\/index.html\/wp-json\/wp\/v2\/users\/1"}],"replies":[{"embeddable":true,"href":"https:\/\/kiwi-kulturinitiative.de\/index.html\/wp-json\/wp\/v2\/comments?post=2667"}],"version-history":[{"count":8,"href":"https:\/\/kiwi-kulturinitiative.de\/index.html\/wp-json\/wp\/v2\/pages\/2667\/revisions"}],"predecessor-version":[{"id":2991,"href":"https:\/\/kiwi-kulturinitiative.de\/index.html\/wp-json\/wp\/v2\/pages\/2667\/revisions\/2991"}],"wp:attachment":[{"href":"https:\/\/kiwi-kulturinitiative.de\/index.html\/wp-json\/wp\/v2\/media?parent=2667"}],"curies":[{"name":"wp","href":"https:\/\/api.w.org\/{rel}","templated":true}]}}