{"id":2628,"date":"2026-01-02T15:46:00","date_gmt":"2026-01-02T15:46:00","guid":{"rendered":"https:\/\/kiwi-kulturinitiative.de\/index.html\/?page_id=2628"},"modified":"2026-01-02T15:47:10","modified_gmt":"2026-01-02T15:47:10","slug":"joe-baker","status":"publish","type":"page","link":"https:\/\/kiwi-kulturinitiative.de\/index.html\/joe-baker\/","title":{"rendered":"Joe Baker &#8211; Kabarett"},"content":{"rendered":"\n<p class=\"has-larger-font-size wp-block-paragraph\"><strong>Joe Baker &#8222;Der Mensch denkt &#8211; Gott l\u00e4chelt&#8220; <\/strong><\/p>\n\n\n\n<p class=\"wp-block-paragraph\" style=\"font-size:22px\"><strong>philosophisch-musikalische Narretei mit J\u00f6rg Wolfgang Becker<\/strong><\/p>\n\n\n\n<p class=\"wp-block-paragraph\" style=\"font-size:18px\"><strong>in der alten Scheune von Inge &amp; Volker Eckert, <br>Hauptstrasse 37, Klein-Winternheim<\/strong><\/p>\n\n\n\n<p class=\"wp-block-paragraph\" style=\"font-size:18px\"><strong>Sonntag, den 26. September 2027<\/strong><br><strong>17:00 h<\/strong> &#8211; Einlass ab 16:30 h<\/p>\n\n\n\n<p class=\"wp-block-paragraph\" style=\"font-size:18px\"><strong>Vorverkauf 12,00 \u20ac\u2002\/ Tageskasse 14,00 \u20ac<\/strong><\/p>\n\n\n\n<div class=\"wp-block-buttons is-layout-flex wp-block-buttons-is-layout-flex\">\n<div class=\"wp-block-button\"><a class=\"wp-block-button__link has-text-color has-background has-link-color has-custom-font-size wp-element-button\" href=\"https:\/\/kiwi-kulturinitiative.de\/index.html\/tickets\/\" style=\"color:#f9ee6f;background-color:#4f0c7b;font-size:18px\"><strong>Tickets <\/strong>&#8211;<strong> noch nicht verf\u00fcgbar <\/strong><\/a><\/div>\n<\/div>\n\n\n\n<p class=\"wp-block-paragraph\" style=\"font-size:16px\"><strong> <\/strong><\/p>\n\n\n\n<figure class=\"wp-block-image size-full is-resized\"><img loading=\"lazy\" decoding=\"async\" width=\"600\" height=\"899\" src=\"https:\/\/kiwi-kulturinitiative.de\/wp-content\/uploads\/2026\/01\/Joe-Baker.jpg\" alt=\"\" class=\"wp-image-2629\" style=\"width:645px;height:auto\" srcset=\"https:\/\/kiwi-kulturinitiative.de\/wp-content\/uploads\/2026\/01\/Joe-Baker.jpg 600w, https:\/\/kiwi-kulturinitiative.de\/wp-content\/uploads\/2026\/01\/Joe-Baker-200x300.jpg 200w\" sizes=\"auto, (max-width: 600px) 100vw, 600px\" \/><\/figure>\n\n\n\n<p class=\"wp-block-paragraph\">Als philosophisch-musikalische Narretei kennzeichnet J\u00f6rg Wolfgang Becker sein neues Kabarett-Programm &#8222;Der Mensch denkt &#8211; Gott l\u00e4chelt&#8220; mit Texten und Liedern von H\u00fcsch bis Wecker, Erhardt bis K\u00e4stner und nicht zuletzt eigenen poetisch-satirischen Gedanken und Liedern.<br>Sein Hang zum Philosophischen verbunden mit seiner Lust zu hintersinniger Clownerie und der Freude an Skurrilit\u00e4ten nutzt Becker dazu, Allt\u00e4gliches, menschliche Dramen, Weltdefekte aufzuspie\u00dfen und mit \u00fcberraschenden Pointen zu pr\u00e4sentieren.<br><br>So plaudert er \u00fcber Gott und die Welt, mal mit bissig-satirischem Hintersinn, meist aber mit schelmisch-zuversichtlichem Unterton.<\/p>\n\n\n\n<p class=\"wp-block-paragraph\">Becker untermalt und verbindet die Texte gekonnt mit musikalischen Improvisationen und spielt dabei lustvoll mit Wort und Ton, manchmal bis zum Nonsens.<br>Ein unterhaltsames, intelligentes Programm mit tiefsinnigen Botschaften, das zum Nachsinnen anregt und doch Raum f\u00fcr Zuversicht und Freude l\u00e4sst.<\/p>\n\n\n\n<p class=\"wp-block-paragraph\"><a href=\"https:\/\/jw-becker.de\/\">https:\/\/jw-becker.de\/<\/a><\/p>\n\n\n\n<p class=\"wp-block-paragraph\"><\/p>\n","protected":false},"excerpt":{"rendered":"<p>Joe Baker &#8222;Der Mensch denkt &#8211; Gott l\u00e4chelt&#8220; philosophisch-musikalische Narretei mit J\u00f6rg Wolfgang Becker in der alten Scheune von Inge &amp; Volker Eckert, Hauptstrasse 37, Klein-Winternheim Sonntag, den 26. September [&hellip;]<\/p>\n","protected":false},"author":1,"featured_media":0,"parent":0,"menu_order":0,"comment_status":"closed","ping_status":"closed","template":"","meta":{"_crdt_document":"","footnotes":""},"class_list":["post-2628","page","type-page","status-publish","hentry","wpbf-post"],"_links":{"self":[{"href":"https:\/\/kiwi-kulturinitiative.de\/index.html\/wp-json\/wp\/v2\/pages\/2628","targetHints":{"allow":["GET"]}}],"collection":[{"href":"https:\/\/kiwi-kulturinitiative.de\/index.html\/wp-json\/wp\/v2\/pages"}],"about":[{"href":"https:\/\/kiwi-kulturinitiative.de\/index.html\/wp-json\/wp\/v2\/types\/page"}],"author":[{"embeddable":true,"href":"https:\/\/kiwi-kulturinitiative.de\/index.html\/wp-json\/wp\/v2\/users\/1"}],"replies":[{"embeddable":true,"href":"https:\/\/kiwi-kulturinitiative.de\/index.html\/wp-json\/wp\/v2\/comments?post=2628"}],"version-history":[{"count":2,"href":"https:\/\/kiwi-kulturinitiative.de\/index.html\/wp-json\/wp\/v2\/pages\/2628\/revisions"}],"predecessor-version":[{"id":2632,"href":"https:\/\/kiwi-kulturinitiative.de\/index.html\/wp-json\/wp\/v2\/pages\/2628\/revisions\/2632"}],"wp:attachment":[{"href":"https:\/\/kiwi-kulturinitiative.de\/index.html\/wp-json\/wp\/v2\/media?parent=2628"}],"curies":[{"name":"wp","href":"https:\/\/api.w.org\/{rel}","templated":true}]}}