{"id":2607,"date":"2026-01-01T20:38:04","date_gmt":"2026-01-01T20:38:04","guid":{"rendered":"https:\/\/kiwi-kulturinitiative.de\/index.html\/?page_id=2607"},"modified":"2026-03-27T07:53:01","modified_gmt":"2026-03-27T07:53:01","slug":"groove-kitchen-im-ritz","status":"publish","type":"page","link":"https:\/\/kiwi-kulturinitiative.de\/index.html\/groove-kitchen-im-ritz\/","title":{"rendered":"Finest Funk &amp; Soul im Ritz mit Groove Kitchen"},"content":{"rendered":"\n<p class=\"has-larger-font-size wp-block-paragraph\"><strong>Groove Kitchen &#8211; Finest Funk &amp; Soul aus Rhein\/Main!<\/strong><\/p>\n\n\n\n<p class=\"wp-block-paragraph\" style=\"font-size:19px\"><strong>Fr\u00fchschoppen im Haus Ritzinger &#8211; \u00fcberdachter Au\u00dfenbereich, <\/strong><br><strong>Hauptstr. 34, Klein-Winternheim<\/strong><\/p>\n\n\n\n<p class=\"wp-block-paragraph\" style=\"font-size:19px\"><strong><strong>Sonntag, 10. Mai 2026, 11:30<\/strong> h<\/strong> &#8211; Einlass ab 11:00 h<\/p>\n\n\n\n<p class=\"wp-block-paragraph\" style=\"font-size:19px\"><strong>Vorverkauf 12,00 \u20ac  \/  Tageskasse 14,00 \u20ac<\/strong><\/p>\n\n\n\n<div class=\"wp-block-buttons is-layout-flex wp-block-buttons-is-layout-flex\">\n<div class=\"wp-block-button\"><a class=\"wp-block-button__link has-text-color has-background has-link-color wp-element-button\" href=\"https:\/\/kiwi-kulturinitiative.de\/index.html\/tickets\/\" style=\"color:#f9ee6f;background-color:#4f0c7b\"><strong>Tickets<\/strong><\/a><\/div>\n<\/div>\n\n\n\n<figure class=\"wp-block-image size-full is-resized\"><img loading=\"lazy\" decoding=\"async\" width=\"600\" height=\"474\" src=\"https:\/\/kiwi-kulturinitiative.de\/wp-content\/uploads\/2026\/01\/dx7_2670.jpg\" alt=\"\" class=\"wp-image-2610\" style=\"aspect-ratio:1.5011310248825473;width:660px;height:auto\" srcset=\"https:\/\/kiwi-kulturinitiative.de\/wp-content\/uploads\/2026\/01\/dx7_2670.jpg 600w, https:\/\/kiwi-kulturinitiative.de\/wp-content\/uploads\/2026\/01\/dx7_2670-300x237.jpg 300w\" sizes=\"auto, (max-width: 600px) 100vw, 600px\" \/><\/figure>\n\n\n\n<p class=\"wp-block-paragraph\">Groove Kitchen sind 8 Musiker*innen aus dem Raum MZ\/WI und bringen seit 2019 die B\u00fchne mit stimmgewaltigen und&nbsp;&nbsp;mehrstimmigen Vocals, groovy&nbsp;&nbsp;Horns und tighter Backline zum Schwingen!<\/p>\n\n\n\n<p class=\"wp-block-paragraph\">Auf der B\u00fchne serviert werden&nbsp;\u201eSpicy Covers\u201c \u00e0 la&nbsp;Amy Winehouse, Black Pumas, Bruno Mars, Chris Grey and the Bluesband, Duffy,&nbsp;James Brown,Jennifer Hudson,&nbsp;Scary Pockets, Tower of Power, Prince,&nbsp;Patti LaBelle und vieles mehr!<\/p>\n\n\n\n<p class=\"wp-block-paragraph\"><strong>Groove Kitchen sind:<\/strong><br><br>Melanie Schollmaier (voc)<br>George Metzler (voc)<br>Manuela Himmelreich (sax, voc)<br>Gregor Burkart (sax, voc)<br>Ingo Thorwest (g, voc)<br>Hubertus Bludau (key)<br>Stefan Rector (b)<br>Ralf Himmelreich (dr)<\/p>\n\n\n\n<p class=\"wp-block-paragraph\"><\/p>\n","protected":false},"excerpt":{"rendered":"<p>Groove Kitchen &#8211; Finest Funk &amp; Soul aus Rhein\/Main! Fr\u00fchschoppen im Haus Ritzinger &#8211; \u00fcberdachter Au\u00dfenbereich, Hauptstr. 34, Klein-Winternheim Sonntag, 10. Mai 2026, 11:30 h &#8211; Einlass ab 11:00 h [&hellip;]<\/p>\n","protected":false},"author":1,"featured_media":0,"parent":0,"menu_order":0,"comment_status":"closed","ping_status":"closed","template":"","meta":{"_crdt_document":"","footnotes":""},"class_list":["post-2607","page","type-page","status-publish","hentry","wpbf-post"],"_links":{"self":[{"href":"https:\/\/kiwi-kulturinitiative.de\/index.html\/wp-json\/wp\/v2\/pages\/2607","targetHints":{"allow":["GET"]}}],"collection":[{"href":"https:\/\/kiwi-kulturinitiative.de\/index.html\/wp-json\/wp\/v2\/pages"}],"about":[{"href":"https:\/\/kiwi-kulturinitiative.de\/index.html\/wp-json\/wp\/v2\/types\/page"}],"author":[{"embeddable":true,"href":"https:\/\/kiwi-kulturinitiative.de\/index.html\/wp-json\/wp\/v2\/users\/1"}],"replies":[{"embeddable":true,"href":"https:\/\/kiwi-kulturinitiative.de\/index.html\/wp-json\/wp\/v2\/comments?post=2607"}],"version-history":[{"count":6,"href":"https:\/\/kiwi-kulturinitiative.de\/index.html\/wp-json\/wp\/v2\/pages\/2607\/revisions"}],"predecessor-version":[{"id":2984,"href":"https:\/\/kiwi-kulturinitiative.de\/index.html\/wp-json\/wp\/v2\/pages\/2607\/revisions\/2984"}],"wp:attachment":[{"href":"https:\/\/kiwi-kulturinitiative.de\/index.html\/wp-json\/wp\/v2\/media?parent=2607"}],"curies":[{"name":"wp","href":"https:\/\/api.w.org\/{rel}","templated":true}]}}