{"id":2587,"date":"2025-12-09T11:19:09","date_gmt":"2025-12-09T11:19:09","guid":{"rendered":"https:\/\/kiwi-kulturinitiative.de\/index.html\/?page_id=2587"},"modified":"2026-01-05T21:35:58","modified_gmt":"2026-01-05T21:35:58","slug":"tango-transit-engelrausch","status":"publish","type":"page","link":"https:\/\/kiwi-kulturinitiative.de\/index.html\/tango-transit-engelrausch\/","title":{"rendered":"TANGO TRANSIT &#8222;Engelrausch&#8220;"},"content":{"rendered":"\n<p class=\"wp-block-paragraph\" style=\"font-size:32px\"><strong>&#8222;ENGELRAUSCH&#8220;<\/strong><\/p>\n\n\n\n<p class=\"wp-block-paragraph\" style=\"font-size:26px\"><strong>by Tango Transit<\/strong><\/p>\n\n\n\n<p class=\"has-large-font-size wp-block-paragraph\"><strong>Rathaus Klein-Winternheim, Hauptstr. 6<\/strong><br><strong><br>Samstag, 19. Dezember 2026, 19:30 h<\/strong>\u00a0\u2013 Einlass 19:00 h<\/p>\n\n\n\n<p class=\"has-large-font-size wp-block-paragraph\"><strong>Vorverkauf 16,00 \u20ac,&nbsp;Abendkasse&nbsp;18,00 \u20ac<\/strong><\/p>\n\n\n\n<div class=\"wp-block-buttons is-layout-flex wp-block-buttons-is-layout-flex\">\n<div class=\"wp-block-button\"><a class=\"wp-block-button__link has-text-color has-background has-link-color has-medium-font-size has-custom-font-size wp-element-button\" href=\"https:\/\/kiwi-kulturinitiative.de\/index.html\/tickets\/\" style=\"color:#f9ee6f;background-color:#4f0c7b\"><strong>Ticket<\/strong>s &#8211; <strong>noch nicht verf\u00fcgbar<\/strong><\/a><\/div>\n<\/div>\n\n\n\n<p class=\"wp-block-paragraph\"><\/p>\n\n\n\n<p class=\"wp-block-paragraph\" style=\"font-size:18px\">E n g e l r a u s c h  &#8211;  &#8222;Fr\u00f6hliche Stille Nacht&#8220;<br>Engelrausch: Auf ungew\u00f6hnlich eigenst\u00e4ndige Art interpretiert das Trio Weihnachtslieder. Nicht \u00e0 la &#8222;Swinging Christmas&#8220;: <strong>Martin Wagner, <br>Hanns H\u00f6hn,<br>Andreas Neubauer<\/strong> <br>spielen ein originelles, jazziges und grooviges Spiel mit der Tradition und treffen damit die Emotionen auf fast magische Weise.<br>Der Kabarettist und Musikliterat Konrad Beikircher hat es so formuliert:<br>&#8222;Weihnachten &#8211; gegengeb\u00fcrstet in der Form aber das Gef\u00fchl bleibt, nein, es ist dadurch sauberer, intensiver geworden. Da ist eine Musik herausgekommen, die bisher unerh\u00f6rt ungeh\u00f6rt war und die Sie nicht mehr verlassen wird.<br>Ein Engelrausch f\u00fcr Rauschengel.&#8220;<br>Das Journal Frankfurt schreibt: &#8222;Die Traditionals sind virtuos, grooven, atmen, haben Atmosph\u00e4re, Charakter und sind auf kitschfreie Weise feierlich.&#8220;<br>Seit 2004 begeistern Hanns H\u00f6hn und Martin Wagner als Duo mit dem Winterjazz-Programm &#8222;Engelrausch&#8220; alle Jahre wieder in der Advents- und Weihnachtszeit die Zuschauer.<br>2012 erweiterten Sie das Duo durch Schlagzeuger Andreas Neubauer, mit dem Sie bereits seit Langem als Tango Transit erfolgreich touren und CDs ver\u00f6ffentlichen.<br>Zusammen zaubern sie eine wunderbare Weihnachtswelt und geben den Liedern ihren urspr\u00fcnglichen Charakter zur\u00fcck, ohne Nelken und Zimt, aber mit urw\u00fcchsigem Groove, h\u00f6chster Sensibilit\u00e4t, musikalischer Vielfalt und Frische in der Improvisation, virtuos und mitrei\u00dfend. Einfach berauschend!<\/p>\n\n\n\n<p class=\"wp-block-paragraph\" style=\"font-size:18px\"><a href=\"https:\/\/tangotransit.de\/program\/engelrausch\/\">https\/\/tangotransit.de\/programm\/engelrausch\/<\/a><\/p>\n\n\n\n<figure class=\"wp-block-image size-full\"><img loading=\"lazy\" decoding=\"async\" width=\"2560\" height=\"1790\" src=\"https:\/\/kiwi-kulturinitiative.de\/wp-content\/uploads\/2025\/12\/Tango-Transit-2-scaled.jpg\" alt=\"\" class=\"wp-image-2604\" srcset=\"https:\/\/kiwi-kulturinitiative.de\/wp-content\/uploads\/2025\/12\/Tango-Transit-2-scaled.jpg 2560w, https:\/\/kiwi-kulturinitiative.de\/wp-content\/uploads\/2025\/12\/Tango-Transit-2-300x210.jpg 300w, https:\/\/kiwi-kulturinitiative.de\/wp-content\/uploads\/2025\/12\/Tango-Transit-2-1024x716.jpg 1024w, https:\/\/kiwi-kulturinitiative.de\/wp-content\/uploads\/2025\/12\/Tango-Transit-2-768x537.jpg 768w, https:\/\/kiwi-kulturinitiative.de\/wp-content\/uploads\/2025\/12\/Tango-Transit-2-1536x1074.jpg 1536w, https:\/\/kiwi-kulturinitiative.de\/wp-content\/uploads\/2025\/12\/Tango-Transit-2-2048x1432.jpg 2048w\" sizes=\"auto, (max-width: 2560px) 100vw, 2560px\" \/><\/figure>\n\n\n\n<p class=\"wp-block-paragraph\" style=\"font-size:18px\"><a href=\"https:\/\/www.diekatzen-music.de\">https:\/\/tangotransit.de<\/a><\/p>\n\n\n\n<p class=\"wp-block-paragraph\" style=\"font-size:18px\"><\/p>\n\n\n\n<p class=\"wp-block-paragraph\"><\/p>\n","protected":false},"excerpt":{"rendered":"<p>&#8222;ENGELRAUSCH&#8220; by Tango Transit Rathaus Klein-Winternheim, Hauptstr. 6Samstag, 19. Dezember 2026, 19:30 h\u00a0\u2013 Einlass 19:00 h Vorverkauf 16,00 \u20ac,&nbsp;Abendkasse&nbsp;18,00 \u20ac E n g e l r a u s c [&hellip;]<\/p>\n","protected":false},"author":1,"featured_media":0,"parent":0,"menu_order":0,"comment_status":"closed","ping_status":"closed","template":"","meta":{"_crdt_document":"","footnotes":""},"class_list":["post-2587","page","type-page","status-publish","hentry","wpbf-post"],"_links":{"self":[{"href":"https:\/\/kiwi-kulturinitiative.de\/index.html\/wp-json\/wp\/v2\/pages\/2587","targetHints":{"allow":["GET"]}}],"collection":[{"href":"https:\/\/kiwi-kulturinitiative.de\/index.html\/wp-json\/wp\/v2\/pages"}],"about":[{"href":"https:\/\/kiwi-kulturinitiative.de\/index.html\/wp-json\/wp\/v2\/types\/page"}],"author":[{"embeddable":true,"href":"https:\/\/kiwi-kulturinitiative.de\/index.html\/wp-json\/wp\/v2\/users\/1"}],"replies":[{"embeddable":true,"href":"https:\/\/kiwi-kulturinitiative.de\/index.html\/wp-json\/wp\/v2\/comments?post=2587"}],"version-history":[{"count":6,"href":"https:\/\/kiwi-kulturinitiative.de\/index.html\/wp-json\/wp\/v2\/pages\/2587\/revisions"}],"predecessor-version":[{"id":2663,"href":"https:\/\/kiwi-kulturinitiative.de\/index.html\/wp-json\/wp\/v2\/pages\/2587\/revisions\/2663"}],"wp:attachment":[{"href":"https:\/\/kiwi-kulturinitiative.de\/index.html\/wp-json\/wp\/v2\/media?parent=2587"}],"curies":[{"name":"wp","href":"https:\/\/api.w.org\/{rel}","templated":true}]}}