{"id":2565,"date":"2025-12-04T16:07:34","date_gmt":"2025-12-04T16:07:34","guid":{"rendered":"https:\/\/kiwi-kulturinitiative.de\/index.html\/?page_id=2565"},"modified":"2025-12-04T16:09:40","modified_gmt":"2025-12-04T16:09:40","slug":"rock-more-27","status":"publish","type":"page","link":"https:\/\/kiwi-kulturinitiative.de\/index.html\/rock-more-27\/","title":{"rendered":"Rock  More 2027"},"content":{"rendered":"\n<p class=\"has-larger-font-size wp-block-paragraph\"><strong>Rock &amp; More<\/strong> <strong>2027<\/strong><\/p>\n\n\n\n<p class=\"has-larger-font-size wp-block-paragraph\"><strong>Last Night of Summer \u2013 Ein Abend, f\u00fcnf Bands!<\/strong><\/p>\n\n\n\n<p class=\"wp-block-paragraph\">i<strong>m Hof von Anette Fleck &amp; Willi Raab<br>Waldstr. 2, 55270 Klein-Winternheim<\/strong><br><strong><br>Samstag, 11. September 2027, 18:00 h \u2013 22:00 h<br>Einlass ab 17:30 h <\/strong><\/p>\n\n\n\n<p class=\"wp-block-paragraph\">Seid dabei, wenn der Hof von Anette und Willi in Klein-Winternheim zum Zentrum von Rock und Blues wird! <br>Von 18:00 bis 22:00 Uhr erwarten euch f\u00fcnf gro\u00dfartige Bands. <br>Freut euch auf einen Abend voller Beats, Kl\u00e4nge und Rhythmen \u2013 laut und leise!<br>Erlebt Rock and More in seiner ganzen Vielfalt! Tanzt zu den mitrei\u00dfenden Rhythmen und genie\u00dft die entspannte Atmosph\u00e4re im Hof von Anette und Willi.<br><\/p>\n\n\n\n<p class=\"wp-block-paragraph\">Kulinarisches Angebot: Lasst euch von unserem Imbiss verw\u00f6hnen und genie\u00dft beste rheinhessische Weine sowie erfrischende Getr\u00e4nke.<\/p>\n\n\n\n<p class=\"wp-block-paragraph\">Kommt vorbei und rockt mit uns! Gute Stimmung garantiert \u2013 keep on rockin&#8216;!<\/p>\n\n\n\n<p class=\"wp-block-paragraph\"><strong>Hallo Musiker: Wenn ihr Lust habt und dabei sein wollt, bewerbt euch unter&nbsp;<a target=\"_blank\" href=\"mailto:info@kiwi-kulturinitiative.de\" rel=\"noreferrer noopener\">info@kiwi-kulturinitiative.de<\/a>&nbsp;<\/strong><\/p>\n\n\n\n<p class=\"wp-block-paragraph\"><\/p>\n\n\n\n<p class=\"wp-block-paragraph\">____________________________________________________________________________________________<\/p>\n\n\n\n<p class=\"wp-block-paragraph\"><br><strong><br>Vorverkauf 16:00 \u20ac, Abendkasse 18,00 \u20ac<\/strong><\/p>\n\n\n\n<div class=\"wp-block-buttons is-layout-flex wp-block-buttons-is-layout-flex\">\n<div class=\"wp-block-button\"><a class=\"wp-block-button__link has-text-color has-background has-link-color wp-element-button\" style=\"color:#f9ee6f;background-color:#4f0c7b\"><strong>Tickets  &#8211; noch nicht verf\u00fcgbar<\/strong><\/a><\/div>\n<\/div>\n\n\n\n<figure class=\"wp-block-image size-full is-resized\"><img loading=\"lazy\" decoding=\"async\" width=\"568\" height=\"511\" src=\"https:\/\/kiwi-kulturinitiative.de\/wp-content\/uploads\/2025\/01\/Anju-und-die-Argonauten.jpg\" alt=\"\" class=\"wp-image-2177\" style=\"width:458px;height:auto\" srcset=\"https:\/\/kiwi-kulturinitiative.de\/wp-content\/uploads\/2025\/01\/Anju-und-die-Argonauten.jpg 568w, https:\/\/kiwi-kulturinitiative.de\/wp-content\/uploads\/2025\/01\/Anju-und-die-Argonauten-300x270.jpg 300w\" sizes=\"auto, (max-width: 568px) 100vw, 568px\" \/><\/figure>\n\n\n\n<p class=\"wp-block-paragraph\"><\/p>\n\n\n\n<p class=\"wp-block-paragraph\"><strong>Anju und die Argonauten<\/strong><br>Macht euch bereit f\u00fcr eine musikalische Reise, wenn Anju und die Argonauten die B\u00fchne betreten. Im Mittelpunkt steht die kraftvolle Stimme der S\u00e4ngerin Anju, deren Dynamikumfang und B\u00fchnenpr\u00e4senz den Songs eine neue Interpretation verleiht. Von zeitlosen Klassikern bis hin zu bekannten Chart-Hits umfasst das Repertoire Jahrzehnte. Die Band wechselt m\u00fchelos zwischen den Genres und bietet eine Setlist, die Zeit- und Musikgrenzen \u00fcberschreitet.<\/p>\n\n\n\n<figure class=\"wp-block-image size-large is-resized\"><img loading=\"lazy\" decoding=\"async\" width=\"1024\" height=\"730\" src=\"https:\/\/kiwi-kulturinitiative.de\/wp-content\/uploads\/2025\/03\/anjuunddieargonauten2-1024x730.jpg\" alt=\"\" class=\"wp-image-2288\" style=\"aspect-ratio:1.4027704716815712;width:460px;height:auto\" srcset=\"https:\/\/kiwi-kulturinitiative.de\/wp-content\/uploads\/2025\/03\/anjuunddieargonauten2-1024x730.jpg 1024w, https:\/\/kiwi-kulturinitiative.de\/wp-content\/uploads\/2025\/03\/anjuunddieargonauten2-300x214.jpg 300w, https:\/\/kiwi-kulturinitiative.de\/wp-content\/uploads\/2025\/03\/anjuunddieargonauten2-768x547.jpg 768w, https:\/\/kiwi-kulturinitiative.de\/wp-content\/uploads\/2025\/03\/anjuunddieargonauten2.jpg 1371w\" sizes=\"auto, (max-width: 1024px) 100vw, 1024px\" \/><\/figure>\n\n\n\n<p class=\"wp-block-paragraph\">Anjuli Rotter \u2013 Gesang<br>Ingo Kiefer \u2013 Gitarre<br>Marc Venner \u2013 Drums<br>Uwe Untersch\u00fctz \u2013 Bass<\/p>\n\n\n\n<p class=\"wp-block-paragraph\">___________________________________________________<\/p>\n\n\n\n<p class=\"wp-block-paragraph\"><\/p>\n","protected":false},"excerpt":{"rendered":"<p>Rock &amp; More 2027 Last Night of Summer \u2013 Ein Abend, f\u00fcnf Bands! im Hof von Anette Fleck &amp; Willi RaabWaldstr. 2, 55270 Klein-WinternheimSamstag, 11. September 2027, 18:00 h \u2013 [&hellip;]<\/p>\n","protected":false},"author":1,"featured_media":0,"parent":0,"menu_order":0,"comment_status":"closed","ping_status":"closed","template":"","meta":{"_crdt_document":"","footnotes":""},"class_list":["post-2565","page","type-page","status-publish","hentry","wpbf-post"],"_links":{"self":[{"href":"https:\/\/kiwi-kulturinitiative.de\/index.html\/wp-json\/wp\/v2\/pages\/2565","targetHints":{"allow":["GET"]}}],"collection":[{"href":"https:\/\/kiwi-kulturinitiative.de\/index.html\/wp-json\/wp\/v2\/pages"}],"about":[{"href":"https:\/\/kiwi-kulturinitiative.de\/index.html\/wp-json\/wp\/v2\/types\/page"}],"author":[{"embeddable":true,"href":"https:\/\/kiwi-kulturinitiative.de\/index.html\/wp-json\/wp\/v2\/users\/1"}],"replies":[{"embeddable":true,"href":"https:\/\/kiwi-kulturinitiative.de\/index.html\/wp-json\/wp\/v2\/comments?post=2565"}],"version-history":[{"count":1,"href":"https:\/\/kiwi-kulturinitiative.de\/index.html\/wp-json\/wp\/v2\/pages\/2565\/revisions"}],"predecessor-version":[{"id":2567,"href":"https:\/\/kiwi-kulturinitiative.de\/index.html\/wp-json\/wp\/v2\/pages\/2565\/revisions\/2567"}],"wp:attachment":[{"href":"https:\/\/kiwi-kulturinitiative.de\/index.html\/wp-json\/wp\/v2\/media?parent=2565"}],"curies":[{"name":"wp","href":"https:\/\/api.w.org\/{rel}","templated":true}]}}