{"id":2365,"date":"2025-06-06T14:54:35","date_gmt":"2025-06-06T14:54:35","guid":{"rendered":"https:\/\/kiwi-kulturinitiative.de\/index.html\/?page_id=2365"},"modified":"2026-02-22T21:56:55","modified_gmt":"2026-02-22T21:56:55","slug":"martin-herrmann","status":"publish","type":"page","link":"https:\/\/kiwi-kulturinitiative.de\/index.html\/martin-herrmann\/","title":{"rendered":"Martin Herrmann Satire"},"content":{"rendered":"\n<p class=\"has-larger-font-size wp-block-paragraph\"><strong>Eine Schulung f\u00fcr Genie\u00dfer<\/strong>:<br><strong>\u201eBeckenbodengymnastik f\u00fcr M\u00e4nner!\u201c<\/strong><\/p>\n\n\n\n<p class=\"wp-block-paragraph\" style=\"font-size:26px\"><strong>mit Martin Herrmann<\/strong>, <strong>Liedermacher &amp; Satiriker<\/strong><\/p>\n\n\n\n<p class=\"has-large-font-size wp-block-paragraph\"><strong>im Rathaus Klein-Winternheim, Hauptstr. 6, Klein-Winternheim<\/strong><strong><br>Samstag, 7. M\u00e4rz 2026, 19:30 h <\/strong> &#8211; Einlass ab 19:00 h<\/p>\n\n\n\n<p class=\"has-large-font-size wp-block-paragraph\">VVK 16,00 \u20ac \/ AK 18:00 \u20ac <\/p>\n\n\n\n<div class=\"wp-block-buttons is-layout-flex wp-block-buttons-is-layout-flex\">\n<div class=\"wp-block-button\"><a class=\"wp-block-button__link has-text-color has-background has-link-color wp-element-button\" href=\"https:\/\/kiwi-kulturinitiative.de\/index.html\/tickets\/\" style=\"color:#f9ee6f;background-color:#4f0c7b\"><strong>Tickets<\/strong><\/a><\/div>\n<\/div>\n\n\n\n<figure class=\"wp-block-image size-large is-resized\"><img loading=\"lazy\" decoding=\"async\" width=\"684\" height=\"1024\" src=\"https:\/\/kiwi-kulturinitiative.de\/wp-content\/uploads\/2025\/06\/Martin-Herrmann-Beckenbodengymnastik-684x1024.jpeg\" alt=\"\" class=\"wp-image-2360\" style=\"aspect-ratio:0.6679840690949598;width:462px;height:auto\" srcset=\"https:\/\/kiwi-kulturinitiative.de\/wp-content\/uploads\/2025\/06\/Martin-Herrmann-Beckenbodengymnastik-684x1024.jpeg 684w, https:\/\/kiwi-kulturinitiative.de\/wp-content\/uploads\/2025\/06\/Martin-Herrmann-Beckenbodengymnastik-200x300.jpeg 200w, https:\/\/kiwi-kulturinitiative.de\/wp-content\/uploads\/2025\/06\/Martin-Herrmann-Beckenbodengymnastik-768x1150.jpeg 768w, https:\/\/kiwi-kulturinitiative.de\/wp-content\/uploads\/2025\/06\/Martin-Herrmann-Beckenbodengymnastik.jpeg 855w\" sizes=\"auto, (max-width: 684px) 100vw, 684px\" \/><\/figure>\n\n\n\n<p class=\"wp-block-paragraph\" style=\"font-size:18px\">Wer auf dem Beckenboden der Tatsachen steht, muss sich biegen k\u00f6nnen. Gerade im Alter!<\/p>\n\n\n\n<p class=\"wp-block-paragraph\" style=\"font-size:18px\">Manche M\u00e4nner scheuen das Altern derart, dass sie nur noch vom A-Wort reden. Sie haben sogar die<strong> Alt-Taste<\/strong> auf ihrer Tastatur \u00fcberklebt.&nbsp;Sie glauben, das&nbsp;Altern klappt von alleine, ohne extra Ausbildung. Aber gerade beim Altern gibt es Qualit\u00e4tsunterschiede. Herrmann schult zum \u00e4lter werden mit Genuss, es \u00e4ndert sich doch eh nichts. Man sieht&nbsp;die Welt jetzt einfach durch die rosarote Gleitsichtbrille. <br>H\u00e4lt uns die Ehe frisch oder macht sie nur zusammen alt? Man nennt unverheiratete M\u00e4nner Junggesellen. Daf\u00fcr sehen die aber oft alt aus. Wann kommen die Jungesell-Innen-Diversenabschiede? Und geraten die genauso bescheuert? Wann kommt der Abschied von diesen Abschieden? Ist Wiedergeburt \u00fcberhaupt w\u00fcnschenswert? <br>Wenn uns ein Leben nach dem Tod erwartet, wie tritt man in dieses ein?: Als der zerfallene Greis, der man soeben noch ist oder als pubert\u00e4re Hormonbombe zum ewigen Junggesellenabschied? <br>Religionen mit Wiedergeburt sind im Klimawandel benachteiligt wegen steigender Ungerechtigkeit. Wer wegen schlechtem Karma als Frosch zur\u00fcckkommt und alles ist W\u00fcste, wird der nicht doppelt bestraft?<\/p>\n\n\n\n<p class=\"wp-block-paragraph\" style=\"font-size:18px\">Herrmann pocht auf Altersgerechtigkeit. Wann kommt die M\u00e4nner-Quote bei der Faltenbildung? Wo liegen die Unterschiede im Reifungsprozess? Sind Frauen die mutigeren Alterer?&nbsp;<\/p>\n\n\n\n<p class=\"wp-block-paragraph\" style=\"font-size:18px\">Dabei ist Altern etwas Sch\u00f6nes, es klappt von alleine und jeder kann es, sogar ohne extra Ausbildung.<\/p>\n\n\n\n<p class=\"wp-block-paragraph\" style=\"font-size:18px\">Herrmanns Vortragsweise ist wie immer eine Mischung aus Comedy und Kabarett, Liedform und gesprochenem Text, hochkomisch und hintersinnig. Die Unterschiede zwischen den Geschlechtern beim Reifen betrachtet Herrmann mit dem Blick des Menschenfreundes, des Biologen, des Soziologen und des einfachen Mannes. Sind Freudsche Verleser hinsichtlich des Alterns erlaubt? Z.B. stand da soeben &#8222;hinsichtlich&#8220;, aber man liest &#8222;hinsiechlich&#8220;? Und soll man zwanghaft Junggebliebenene bel\u00e4cheln oder bedauern? Herrmann macht Mut. Hinterher schreckt man auch vor der Apothekenumschau nicht mehr zur\u00fcck &#8211; oder vor dem Warmbadetag!<br><a href=\"https:\/\/www.martinherrmann.info\"><strong>https:\/\/www.martinherrmann.info<\/strong><\/a><\/p>\n\n\n\n<figure class=\"wp-block-image size-full is-resized\"><img loading=\"lazy\" decoding=\"async\" width=\"405\" height=\"720\" src=\"https:\/\/kiwi-kulturinitiative.de\/wp-content\/uploads\/2025\/06\/image.png\" alt=\"\" class=\"wp-image-2382\" style=\"width:462px;height:auto\" srcset=\"https:\/\/kiwi-kulturinitiative.de\/wp-content\/uploads\/2025\/06\/image.png 405w, https:\/\/kiwi-kulturinitiative.de\/wp-content\/uploads\/2025\/06\/image-169x300.png 169w\" sizes=\"auto, (max-width: 405px) 100vw, 405px\" \/><\/figure>\n\n\n\n<div class=\"wp-block-buttons is-layout-flex wp-block-buttons-is-layout-flex\">\n<div class=\"wp-block-button\"><a class=\"wp-block-button__link has-text-color has-background has-link-color wp-element-button\" href=\"https:\/\/www.youtube.com\/shorts\/mRzr8FaCpKA\" style=\"color:#f9ee6f;background-color:#4f0c78\"><strong>YouTube-Ansicht<\/strong><\/a><\/div>\n<\/div>\n\n\n\n<p class=\"wp-block-paragraph\">Neuster Erfolg: <br>Martin Herrmann gewinnt die 2. &#8222;Weinst\u00e4dter Reblaus&#8220; gewonnen, in fairem Wettkampf, als der \u00e4lteste Newcomer Deutschlands!<br><\/p>\n\n\n\n<figure class=\"wp-block-image size-full\"><img loading=\"lazy\" decoding=\"async\" width=\"480\" height=\"480\" src=\"https:\/\/kiwi-kulturinitiative.de\/wp-content\/uploads\/2026\/02\/Herrmann-Weinstaedter-Reblaus.jpg\" alt=\"\" class=\"wp-image-2909\" srcset=\"https:\/\/kiwi-kulturinitiative.de\/wp-content\/uploads\/2026\/02\/Herrmann-Weinstaedter-Reblaus.jpg 480w, https:\/\/kiwi-kulturinitiative.de\/wp-content\/uploads\/2026\/02\/Herrmann-Weinstaedter-Reblaus-300x300.jpg 300w, https:\/\/kiwi-kulturinitiative.de\/wp-content\/uploads\/2026\/02\/Herrmann-Weinstaedter-Reblaus-150x150.jpg 150w\" sizes=\"auto, (max-width: 480px) 100vw, 480px\" \/><\/figure>\n\n\n\n<p class=\"wp-block-paragraph\"><a href=\"https:\/\/www.instagram.com\/p\/DUQaVYICLKY\">https:\/\/www.instagram.com\/p\/DUQaVYICLKY<\/a><\/p>\n\n\n\n<p class=\"wp-block-paragraph\"><\/p>\n","protected":false},"excerpt":{"rendered":"<p>Eine Schulung f\u00fcr Genie\u00dfer:\u201eBeckenbodengymnastik f\u00fcr M\u00e4nner!\u201c mit Martin Herrmann, Liedermacher &amp; Satiriker im Rathaus Klein-Winternheim, Hauptstr. 6, Klein-WinternheimSamstag, 7. M\u00e4rz 2026, 19:30 h &#8211; Einlass ab 19:00 h VVK 16,00 [&hellip;]<\/p>\n","protected":false},"author":1,"featured_media":0,"parent":0,"menu_order":0,"comment_status":"closed","ping_status":"closed","template":"","meta":{"_crdt_document":"","footnotes":""},"class_list":["post-2365","page","type-page","status-publish","hentry","wpbf-post"],"_links":{"self":[{"href":"https:\/\/kiwi-kulturinitiative.de\/index.html\/wp-json\/wp\/v2\/pages\/2365","targetHints":{"allow":["GET"]}}],"collection":[{"href":"https:\/\/kiwi-kulturinitiative.de\/index.html\/wp-json\/wp\/v2\/pages"}],"about":[{"href":"https:\/\/kiwi-kulturinitiative.de\/index.html\/wp-json\/wp\/v2\/types\/page"}],"author":[{"embeddable":true,"href":"https:\/\/kiwi-kulturinitiative.de\/index.html\/wp-json\/wp\/v2\/users\/1"}],"replies":[{"embeddable":true,"href":"https:\/\/kiwi-kulturinitiative.de\/index.html\/wp-json\/wp\/v2\/comments?post=2365"}],"version-history":[{"count":15,"href":"https:\/\/kiwi-kulturinitiative.de\/index.html\/wp-json\/wp\/v2\/pages\/2365\/revisions"}],"predecessor-version":[{"id":2913,"href":"https:\/\/kiwi-kulturinitiative.de\/index.html\/wp-json\/wp\/v2\/pages\/2365\/revisions\/2913"}],"wp:attachment":[{"href":"https:\/\/kiwi-kulturinitiative.de\/index.html\/wp-json\/wp\/v2\/media?parent=2365"}],"curies":[{"name":"wp","href":"https:\/\/api.w.org\/{rel}","templated":true}]}}