{"id":2338,"date":"2025-04-28T16:09:58","date_gmt":"2025-04-28T16:09:58","guid":{"rendered":"https:\/\/kiwi-kulturinitiative.de\/index.html\/?page_id=2338"},"modified":"2025-04-28T16:11:47","modified_gmt":"2025-04-28T16:11:47","slug":"sonja-kaerger","status":"publish","type":"page","link":"https:\/\/kiwi-kulturinitiative.de\/index.html\/sonja-kaerger\/","title":{"rendered":"Sonja K\u00e4rger"},"content":{"rendered":"\n<p class=\"has-text-color has-larger-font-size wp-block-paragraph\" style=\"color:#4f0c7b\"><strong>Sonja K\u00e4rger<\/strong><\/p>\n\n\n\n<p class=\"wp-block-paragraph\"><\/p>\n\n\n\n<figure class=\"wp-block-image size-full is-resized\"><img loading=\"lazy\" decoding=\"async\" width=\"452\" height=\"463\" src=\"https:\/\/kiwi-kulturinitiative.de\/wp-content\/uploads\/2025\/04\/Seestuecke.jpg\" alt=\"\" class=\"wp-image-2339\" style=\"aspect-ratio:1.0201342281879195;width:459px;height:auto\" srcset=\"https:\/\/kiwi-kulturinitiative.de\/wp-content\/uploads\/2025\/04\/Seestuecke.jpg 452w, https:\/\/kiwi-kulturinitiative.de\/wp-content\/uploads\/2025\/04\/Seestuecke-293x300.jpg 293w\" sizes=\"auto, (max-width: 452px) 100vw, 452px\" \/><\/figure>\n\n\n\n<p class=\"has-text-color wp-block-paragraph\" style=\"color:#4f0c7b\">Eines Tages entdeckte ich in einem B\u00fccherschrank einen Ausstellungskatalog von Clifford Ross.<\/p>\n\n\n\n<p class=\"wp-block-paragraph\">Er fotofiert Wellen, sie sind beeindruckend. Die Fotographien zeigen eine andere Welt, sie sind d\u00fcster und leicht zugleich und fangen in schwarz-wei\u00df die Gewalt des Meeres ein. Leider war das Buch feucht geworden und die Seiten klebten aneinander, die Fotografien waren teilweise unkenntlich, so dass ich begann, einige Bilde abzumalen\u2026<\/p>\n\n\n\n<p class=\"wp-block-paragraph\">Im Prozess ver\u00e4nderte sich immer wieder das Verh\u00e4ltnis Abbild- Original, das bisherige Ergebnis dieser Auseinandersetzung m\u00f6chte ich hier pr\u00e4sentieren.<\/p>\n\n\n\n<p class=\"has-text-color wp-block-paragraph\" style=\"color:#4f0c7b\">Sonja K\u00e4rger, Klein Winternheim seit 1975.<\/p>\n\n\n\n<p class=\"wp-block-paragraph\"><\/p>\n","protected":false},"excerpt":{"rendered":"<p>Sonja K\u00e4rger Eines Tages entdeckte ich in einem B\u00fccherschrank einen Ausstellungskatalog von Clifford Ross. Er fotofiert Wellen, sie sind beeindruckend. Die Fotographien zeigen eine andere Welt, sie sind d\u00fcster und [&hellip;]<\/p>\n","protected":false},"author":1,"featured_media":0,"parent":0,"menu_order":0,"comment_status":"closed","ping_status":"closed","template":"","meta":{"_crdt_document":"","footnotes":""},"class_list":["post-2338","page","type-page","status-publish","hentry","wpbf-post"],"_links":{"self":[{"href":"https:\/\/kiwi-kulturinitiative.de\/index.html\/wp-json\/wp\/v2\/pages\/2338","targetHints":{"allow":["GET"]}}],"collection":[{"href":"https:\/\/kiwi-kulturinitiative.de\/index.html\/wp-json\/wp\/v2\/pages"}],"about":[{"href":"https:\/\/kiwi-kulturinitiative.de\/index.html\/wp-json\/wp\/v2\/types\/page"}],"author":[{"embeddable":true,"href":"https:\/\/kiwi-kulturinitiative.de\/index.html\/wp-json\/wp\/v2\/users\/1"}],"replies":[{"embeddable":true,"href":"https:\/\/kiwi-kulturinitiative.de\/index.html\/wp-json\/wp\/v2\/comments?post=2338"}],"version-history":[{"count":1,"href":"https:\/\/kiwi-kulturinitiative.de\/index.html\/wp-json\/wp\/v2\/pages\/2338\/revisions"}],"predecessor-version":[{"id":2341,"href":"https:\/\/kiwi-kulturinitiative.de\/index.html\/wp-json\/wp\/v2\/pages\/2338\/revisions\/2341"}],"wp:attachment":[{"href":"https:\/\/kiwi-kulturinitiative.de\/index.html\/wp-json\/wp\/v2\/media?parent=2338"}],"curies":[{"name":"wp","href":"https:\/\/api.w.org\/{rel}","templated":true}]}}