{"id":2243,"date":"2025-03-18T17:09:44","date_gmt":"2025-03-18T17:09:44","guid":{"rendered":"https:\/\/kiwi-kulturinitiative.de\/index.html\/?page_id=2243"},"modified":"2025-05-06T13:25:24","modified_gmt":"2025-05-06T13:25:24","slug":"https-kiwi-kulturinitiative-de-index-html-kleine-drachen-ganz-gross","status":"publish","type":"page","link":"https:\/\/kiwi-kulturinitiative.de\/index.html\/https-kiwi-kulturinitiative-de-index-html-kleine-drachen-ganz-gross\/","title":{"rendered":"Kleine Drachen &#8211; ganz gro\u00df"},"content":{"rendered":"\n<p class=\"has-text-color has-larger-font-size wp-block-paragraph\" style=\"color:#4f0c7b\"><strong>Kleine Drachen<br>ganz gro\u00df!<\/strong><\/p>\n\n\n<style>.kb-image2243_6dd445-26.kb-image-is-ratio-size, .kb-image2243_6dd445-26 .kb-image-is-ratio-size{max-width:441px;width:100%;}.wp-block-kadence-column > .kt-inside-inner-col > .kb-image2243_6dd445-26.kb-image-is-ratio-size, .wp-block-kadence-column > .kt-inside-inner-col > .kb-image2243_6dd445-26 .kb-image-is-ratio-size{align-self:unset;}.kb-image2243_6dd445-26{max-width:441px;}.image-is-svg.kb-image2243_6dd445-26{-webkit-flex:0 1 100%;flex:0 1 100%;}.image-is-svg.kb-image2243_6dd445-26 img{width:100%;}.kb-image2243_6dd445-26 .kb-image-has-overlay:after{opacity:0.3;}<\/style>\n<figure class=\"wp-block-kadence-image kb-image2243_6dd445-26 size-large\"><img loading=\"lazy\" decoding=\"async\" width=\"1024\" height=\"683\" src=\"https:\/\/kiwi-kulturinitiative.de\/wp-content\/uploads\/2025\/03\/Zauneidechse-1024x683.jpg\" alt=\"\" class=\"kb-img wp-image-2244\" srcset=\"https:\/\/kiwi-kulturinitiative.de\/wp-content\/uploads\/2025\/03\/Zauneidechse-1024x683.jpg 1024w, https:\/\/kiwi-kulturinitiative.de\/wp-content\/uploads\/2025\/03\/Zauneidechse-300x200.jpg 300w, https:\/\/kiwi-kulturinitiative.de\/wp-content\/uploads\/2025\/03\/Zauneidechse-768x512.jpg 768w, https:\/\/kiwi-kulturinitiative.de\/wp-content\/uploads\/2025\/03\/Zauneidechse-1536x1024.jpg 1536w, https:\/\/kiwi-kulturinitiative.de\/wp-content\/uploads\/2025\/03\/Zauneidechse-2048x1365.jpg 2048w\" sizes=\"auto, (max-width: 1024px) 100vw, 1024px\" \/><\/figure>\n\n\n\n<p class=\"has-text-color wp-block-paragraph\" style=\"color:#4f0c7b\"><strong>KiWi goes Umwelt: Kleine Drachen ganz gro\u00df!<\/strong><br>Seit einigen Jahren schon ist die Ausgleichsfl\u00e4che hinter dem Grillplatz das neue Zuhause der sehr seltenen Zauneidechsen. <br>Diesem \u201enat\u00fcrlichen\u201c Schatz widmet sich ein eigenes \u00fcbergreifendes Projekt, das ausgehend von einer Kooperation der Lokalen Agenda Klein-Winternheim, dem Katholischen Kindergarten \u201eSt. Franziskus\u201c und der Kunsterzieherin Maya Albrecht im Rahmen der diesj\u00e4hrigen KIWI-Kunstausstellung seinen vielf\u00e4ltigen Abschluss findet. Seid also alle gespannt auf die Vernissage und auf die Premiere von: <br><strong>\u201eDas erfundene, aber auch ein bisschen wahre M\u00e4rchen vom kleinen Drachenland\u201c<\/strong>.<\/p>\n\n\n\n<p class=\"has-text-color wp-block-paragraph\" style=\"color:#4f0c7b\"><strong>Die Vernissage findet statt am Freitag, 23. Mai um 17:30 h<\/strong><br>in der alten Scheune von Inge &amp; Volker Eckert, Hauptstr.37 &#8211; gegen\u00fcber des Hauses Ritzinger.<br><br>Danach ziehen wir alle sofort um mit den Kunstwerken zur weiteren Ausstellung in das Haus Ritzinger, Hauptstr.34.<br>(Der Grund: Im Haus Ritzinger ist die Jazz-Formation HOT TRACE mit dem Aufbau und Soundcheck f\u00fcr das Konzert um 19:30 h besch\u00e4ftigt.)<br><\/p>\n\n\n\n<p class=\"has-regular-font-size wp-block-paragraph\"><\/p>\n\n\n\n<p class=\"wp-block-paragraph\"><\/p>\n\n\n\n<p class=\"wp-block-paragraph\"><\/p>\n","protected":false},"excerpt":{"rendered":"<p>Kleine Drachenganz gro\u00df! KiWi goes Umwelt: Kleine Drachen ganz gro\u00df!Seit einigen Jahren schon ist die Ausgleichsfl\u00e4che hinter dem Grillplatz das neue Zuhause der sehr seltenen Zauneidechsen. Diesem \u201enat\u00fcrlichen\u201c Schatz widmet [&hellip;]<\/p>\n","protected":false},"author":1,"featured_media":0,"parent":0,"menu_order":0,"comment_status":"closed","ping_status":"closed","template":"","meta":{"_crdt_document":"","footnotes":""},"class_list":["post-2243","page","type-page","status-publish","hentry","wpbf-post"],"_links":{"self":[{"href":"https:\/\/kiwi-kulturinitiative.de\/index.html\/wp-json\/wp\/v2\/pages\/2243","targetHints":{"allow":["GET"]}}],"collection":[{"href":"https:\/\/kiwi-kulturinitiative.de\/index.html\/wp-json\/wp\/v2\/pages"}],"about":[{"href":"https:\/\/kiwi-kulturinitiative.de\/index.html\/wp-json\/wp\/v2\/types\/page"}],"author":[{"embeddable":true,"href":"https:\/\/kiwi-kulturinitiative.de\/index.html\/wp-json\/wp\/v2\/users\/1"}],"replies":[{"embeddable":true,"href":"https:\/\/kiwi-kulturinitiative.de\/index.html\/wp-json\/wp\/v2\/comments?post=2243"}],"version-history":[{"count":6,"href":"https:\/\/kiwi-kulturinitiative.de\/index.html\/wp-json\/wp\/v2\/pages\/2243\/revisions"}],"predecessor-version":[{"id":2351,"href":"https:\/\/kiwi-kulturinitiative.de\/index.html\/wp-json\/wp\/v2\/pages\/2243\/revisions\/2351"}],"wp:attachment":[{"href":"https:\/\/kiwi-kulturinitiative.de\/index.html\/wp-json\/wp\/v2\/media?parent=2243"}],"curies":[{"name":"wp","href":"https:\/\/api.w.org\/{rel}","templated":true}]}}