{"id":2196,"date":"2025-01-17T17:53:37","date_gmt":"2025-01-17T17:53:37","guid":{"rendered":"https:\/\/kiwi-kulturinitiative.de\/index.html\/?page_id=2196"},"modified":"2025-01-18T13:42:34","modified_gmt":"2025-01-18T13:42:34","slug":"totholz-st-andreas","status":"publish","type":"page","link":"https:\/\/kiwi-kulturinitiative.de\/index.html\/totholz-st-andreas\/","title":{"rendered":"Fotoausstellung zur Fastenzeit in St. Andreas"},"content":{"rendered":"\n<p class=\"has-larger-font-size wp-block-paragraph\"><strong><strong>Fotoausstellung zur Fastenzeit in St. Andreas<\/strong><\/strong>&#8222;<\/p>\n\n\n\n<p class=\"has-larger-font-size wp-block-paragraph\"><strong>&#8222;Totholz &amp; Wunderland&#8220;<\/strong><\/p>\n\n\n\n<p class=\"has-large-font-size wp-block-paragraph\"><strong>In der Kirche St. Andreas von Klein-Winternheim <\/strong><\/p>\n\n\n\n<p class=\"has-large-font-size wp-block-paragraph\"><strong>mit Bildern von Bodo Witzke<\/strong><\/p>\n\n\n\n<p class=\"has-large-font-size wp-block-paragraph\"><strong>Veranstaltung zur Ausstellungser\u00f6ffnung<\/strong><br><strong>am 16. M\u00e4rz 2025 ab 17:00 h<\/strong><\/p>\n\n\n\n<p class=\"has-large-font-size wp-block-paragraph\"><strong>tags\u00fcber ge\u00f6ffnet bis zum 5. April 2025<\/strong><\/p>\n\n\n\n<figure class=\"wp-block-image size-large is-resized\"><img loading=\"lazy\" decoding=\"async\" width=\"1024\" height=\"611\" src=\"https:\/\/kiwi-kulturinitiative.de\/wp-content\/uploads\/2025\/01\/Ausstellung-St.Andreas-Totholz-Wunderland-1024x611.jpg\" alt=\"\" class=\"wp-image-2210\" style=\"width:461px;height:auto\" srcset=\"https:\/\/kiwi-kulturinitiative.de\/wp-content\/uploads\/2025\/01\/Ausstellung-St.Andreas-Totholz-Wunderland-1024x611.jpg 1024w, https:\/\/kiwi-kulturinitiative.de\/wp-content\/uploads\/2025\/01\/Ausstellung-St.Andreas-Totholz-Wunderland-300x179.jpg 300w, https:\/\/kiwi-kulturinitiative.de\/wp-content\/uploads\/2025\/01\/Ausstellung-St.Andreas-Totholz-Wunderland-768x458.jpg 768w, https:\/\/kiwi-kulturinitiative.de\/wp-content\/uploads\/2025\/01\/Ausstellung-St.Andreas-Totholz-Wunderland-1536x917.jpg 1536w, https:\/\/kiwi-kulturinitiative.de\/wp-content\/uploads\/2025\/01\/Ausstellung-St.Andreas-Totholz-Wunderland-2048x1222.jpg 2048w\" sizes=\"auto, (max-width: 1024px) 100vw, 1024px\" \/><figcaption class=\"wp-element-caption\">Totholz&amp;Wunderland<\/figcaption><\/figure>\n\n\n\n<p class=\"wp-block-paragraph\">Es sind Bilder, die zum Nachdenken anregen und die einfach sch\u00f6n und mit Gewinn anzuschauen sind, findet Pfarrer Simon Krost, w\u00e4hrend er zusammen mit dem Fotografen und Mitgliedern seiner Gemeinde diejenigen Fotografien ausw\u00e4hlt, die f\u00fcr eine Ausstellung in der Klein-Winternheimer Kirche St. Andreas vergr\u00f6\u00dfert werden sollen. Am Sonntag, den 16. M\u00e4rz um 17 Uhr, wird die Ausstellungser\u00f6ffnung in der Kirche stattfinden, mit Musik und der anschlie\u00dfenden M\u00f6glichkeit in geselliger Runde \u00fcber die Themen zu sprechen, die die Ausstellung ber\u00fchrt, denn die Fotografien mit dem Titel \u201eTotholz &amp; Wunderland\u201c laden ein, zur Fastenzeit einen Schritt zur\u00fcckzutreten und Dinge neu zu sehen. In seinen Bildern lenkt der Fotograf Bodo Witzke den Blick auf etwas, das \u00fcblicherweise keine Aufmerksamkeit bekommt, auf tote B\u00e4ume, auf Baumst\u00fcmpfe \u2013 und dabei entdeckt er neues Wachstum und faszinierende Sch\u00f6nheit, denn unsere Welt ist an vielen Stellen \u00fcberraschend reich, vital und sehenswert, findet er. Daf\u00fcr werden von Mitte M\u00e4rz bis zum 5. April in St. Andreas die Wandplastiken des Kreuzweges abgeh\u00e4ngt. \u201eSo eine Ausstellung machen wir nicht einfach so,\u201c sagt Pfarrer Krost, \u201ediese Fotografien haben eine Verbindung zum Kreuzweg, sie zeigen nicht nur Tod, sondern auch, wie neues Leben entsteht, dass der Tod nicht das letzte Wort \u00fcber unser Leben hat, eine wichtige Hoffnungsbotschaft f\u00fcr uns Christen.\u201c F\u00fcr Krost ist eine Ausstellung wie diese auch eine M\u00f6glichkeit, auf k\u00fcnstlerische Weise Zugang zu tabuisierten Themen zu finden. Die Religionsp\u00e4dagogin Gitta Schwank best\u00e4tigt das, der Zusammenhang von Tod und Leben sei f\u00fcr viele unbegreiflich. \u201eAn diesen Bildern aus der Natur kann man sehr gut sehen, dass es weiter geht. \u00dcbertragen hei\u00dft das: Auch wenn ich gestorben bin, es bleibt etwas.\u201c Ute Kipping-Karbach vom Pfarrgemeinderat sieht in einer solchen Ausstellung eine M\u00f6glichkeit, Kirche auch f\u00fcr Menschen jenseits der klassischen Kirchg\u00e4nger zu \u00f6ffnen: \u201eKirche soll f\u00fcr alle da sein!\u201c Einig sind sie sich, dass es eine St\u00e4rke der Bilder ist, von sehr unterschiedlichen Standpunkten aus betrachtet werden zu k\u00f6nnen, aus \u00e4sthetischer, \u00f6kologischer und spiritueller Sicht. Die Fotografien sind \u00fcber mehrere Jahre entstanden, mit Motiven aus Italien, den Niederlanden, Tschechien, aber auch aus Klein-Winternheim und dem Ober-Olmer Wald. \u201eIm Kleinen das Gro\u00dfe entdecken!\u201c ist dabei ein Motto des Journalisten und Fotografen Bodo Witzke, der als Fernsehreporter zahlreiche Preise f\u00fcr seine Arbeiten bekommen hat. W\u00e4hrend der Ausstellungszeit ist die Klein-Winternheimer Kirche tags\u00fcber ge\u00f6ffnet und l\u00e4dt ein, Bilder vom Vergehen und Werden anzuschauen und die eigenen Gedanken dabei wandern zu lassen.<\/p>\n\n\n\n<figure class=\"wp-block-image size-large is-resized\"><img loading=\"lazy\" decoding=\"async\" width=\"1024\" height=\"759\" src=\"https:\/\/kiwi-kulturinitiative.de\/wp-content\/uploads\/2025\/01\/05_TW_Motiv-mit-Text-1024x759.jpg\" alt=\"\" class=\"wp-image-2197\" style=\"width:461px;height:auto\" srcset=\"https:\/\/kiwi-kulturinitiative.de\/wp-content\/uploads\/2025\/01\/05_TW_Motiv-mit-Text-1024x759.jpg 1024w, https:\/\/kiwi-kulturinitiative.de\/wp-content\/uploads\/2025\/01\/05_TW_Motiv-mit-Text-300x222.jpg 300w, https:\/\/kiwi-kulturinitiative.de\/wp-content\/uploads\/2025\/01\/05_TW_Motiv-mit-Text-768x569.jpg 768w, https:\/\/kiwi-kulturinitiative.de\/wp-content\/uploads\/2025\/01\/05_TW_Motiv-mit-Text-1536x1138.jpg 1536w, https:\/\/kiwi-kulturinitiative.de\/wp-content\/uploads\/2025\/01\/05_TW_Motiv-mit-Text-2048x1517.jpg 2048w\" sizes=\"auto, (max-width: 1024px) 100vw, 1024px\" \/><\/figure>\n\n\n\n<p class=\"wp-block-paragraph\"><br><\/p>\n","protected":false},"excerpt":{"rendered":"<p>Fotoausstellung zur Fastenzeit in St. Andreas&#8222; &#8222;Totholz &amp; Wunderland&#8220; In der Kirche St. Andreas von Klein-Winternheim mit Bildern von Bodo Witzke Veranstaltung zur Ausstellungser\u00f6ffnungam 16. M\u00e4rz 2025 ab 17:00 h [&hellip;]<\/p>\n","protected":false},"author":1,"featured_media":0,"parent":0,"menu_order":0,"comment_status":"closed","ping_status":"closed","template":"","meta":{"_crdt_document":"","footnotes":""},"class_list":["post-2196","page","type-page","status-publish","hentry","wpbf-post"],"_links":{"self":[{"href":"https:\/\/kiwi-kulturinitiative.de\/index.html\/wp-json\/wp\/v2\/pages\/2196","targetHints":{"allow":["GET"]}}],"collection":[{"href":"https:\/\/kiwi-kulturinitiative.de\/index.html\/wp-json\/wp\/v2\/pages"}],"about":[{"href":"https:\/\/kiwi-kulturinitiative.de\/index.html\/wp-json\/wp\/v2\/types\/page"}],"author":[{"embeddable":true,"href":"https:\/\/kiwi-kulturinitiative.de\/index.html\/wp-json\/wp\/v2\/users\/1"}],"replies":[{"embeddable":true,"href":"https:\/\/kiwi-kulturinitiative.de\/index.html\/wp-json\/wp\/v2\/comments?post=2196"}],"version-history":[{"count":4,"href":"https:\/\/kiwi-kulturinitiative.de\/index.html\/wp-json\/wp\/v2\/pages\/2196\/revisions"}],"predecessor-version":[{"id":2213,"href":"https:\/\/kiwi-kulturinitiative.de\/index.html\/wp-json\/wp\/v2\/pages\/2196\/revisions\/2213"}],"wp:attachment":[{"href":"https:\/\/kiwi-kulturinitiative.de\/index.html\/wp-json\/wp\/v2\/media?parent=2196"}],"curies":[{"name":"wp","href":"https:\/\/api.w.org\/{rel}","templated":true}]}}