{"id":2179,"date":"2025-01-12T16:42:56","date_gmt":"2025-01-12T16:42:56","guid":{"rendered":"https:\/\/kiwi-kulturinitiative.de\/index.html\/?page_id=2179"},"modified":"2025-09-17T08:12:15","modified_gmt":"2025-09-17T08:12:15","slug":"kiwi-open-stage","status":"publish","type":"page","link":"https:\/\/kiwi-kulturinitiative.de\/index.html\/kiwi-open-stage\/","title":{"rendered":"Rock &amp; More"},"content":{"rendered":"\n<p class=\"has-larger-font-size wp-block-paragraph\"><strong>Rock &amp; More<\/strong><\/p>\n\n\n\n<p class=\"has-larger-font-size wp-block-paragraph\"><strong>Last Night of Summer \u2013 Ein Abend, f\u00fcnf Bands!<\/strong><\/p>\n\n\n\n<p class=\"wp-block-paragraph\">i<strong>m Hof von Anette Fleck &amp; Willi Raab<br>Waldstr. 2, 55270 Klein-Winternheim<\/strong><br><strong><br>Samstag, 13. September, 18:00 h \u2013 22:00 h<br>Einlass ab 17:30 h<\/strong><\/p>\n\n\n\n<p class=\"wp-block-paragraph\">\ud83c\udfb6 <strong>Rock &amp; More im Hof von Anette und Willi \u2013 ein Abend voller Musik und Begeisterung!<\/strong> \ud83c\udfb6<\/p>\n\n\n\n<p class=\"wp-block-paragraph\">Am Samstag, den 13. September, verwandelte sich der Hof von Anette Fleck und Willi Raab in Klein-Winternheim in ein kleines Festivalgel\u00e4nde. Rund 150 G\u00e4ste trotzten der unsicheren Wettervorhersage \u2013 und wurden belohnt: Ein kurzer Schauer von gerade einmal zw\u00f6lf Minuten konnte die Stimmung nicht tr\u00fcben. Danach hie\u00df es: B\u00fchne frei f\u00fcr <strong>f\u00fcnf Bands<\/strong> \u2013 ein absolutes Novum bei einer KIWI-Veranstaltung!<\/p>\n\n\n\n<p class=\"wp-block-paragraph\">Von Anfang an war klar: Dieser Abend w\u00fcrde besonders. Ob Bluesrock, Punk, Humppa, energiegeladene Rock-Interpretationen oder genre\u00fcbergreifende Cover \u2013 die Bands pr\u00e4sentierten ein abwechslungsreiches Programm, das f\u00fcr jeden Geschmack etwas bereithielt.<\/p>\n\n\n\n<p class=\"wp-block-paragraph\">\ud83d\udd25 <strong>5nach12<\/strong> sorgten mit kernigem Bluesrock und Klassikern von Clapton bis Bonamassa f\u00fcr G\u00e4nsehaut.<br>\ud83e\uddd9\u200d\u2640\ufe0f <strong>With Witch<\/strong> rockten mit Punk, Power und einer guten Portion Augenzwinkern.<br>\ud83d\udc83 <strong>Humppa Buskers<\/strong> wirbelten bekannte Songs durch ihren musikalischen Fleischwolf \u2013 Polka, Folk und jede Menge gute Laune!<br>\u26a1 <strong>Powerbank<\/strong> luden die Batterien des Publikums mit elektrisierender Spielfreude wieder auf.<br>\ud83d\ude80 <strong>Anju und die Argonauten<\/strong> nahmen die Zuh\u00f6rer mit auf eine musikalische Reise durch Jahrzehnte und Genres, getragen von Anjus kraftvoller Stimme.<\/p>\n\n\n\n<p class=\"wp-block-paragraph\">Zwischen den Auftritten f\u00fchrte <strong>Werner Eckert<\/strong> souver\u00e4n und charmant durchs Programm, interviewte die Musiker und brachte den G\u00e4sten die Bands noch n\u00e4her. Das Publikum dankte es: Es wurde getanzt, mitgesungen und kr\u00e4ftig applaudiert.<\/p>\n\n\n\n<p class=\"wp-block-paragraph\">Auch das Drumherum stimmte: Rheinhessischer Wein, k\u00fchles Bier, frische Paninis \u2013 und ein klarer, satter Sound dank der professionellen Betreuung der PA-Anlage durch Bernd.<\/p>\n\n\n\n<p class=\"wp-block-paragraph\">Die R\u00fcckmeldungen des Publikums waren eindeutig: <em>\u201eabwechslungsreich\u201c, \u201etoll\u201c, \u201eklasse organisiert\u201c, \u201eein besonderes Erlebnis\u201c<\/em>.<\/p>\n\n\n\n<p class=\"wp-block-paragraph\">\ud83d\udc49 <strong>Fazit:<\/strong> Viereinhalb Stunden Musik, f\u00fcnf Bands, ein begeistertes Publikum \u2013 \u201eRock &amp; More\u201c war ein Abend, den so schnell keiner vergisst. Ein gro\u00dfes Dankesch\u00f6n an alle Beteiligten auf und hinter der B\u00fchne \u2013 und nat\u00fcrlich an unser wunderbares Publikum.<\/p>\n\n\n\n<p class=\"wp-block-paragraph\"><strong>KIWI sagt: keep on rockin\u2018 \u2013 bis zum n\u00e4chsten Mal!<\/strong> \ud83c\udfb8\u2728<\/p>\n\n\n\n<p class=\"wp-block-paragraph\">____________________________________________________________________________________________<\/p>\n\n\n\n<p class=\"wp-block-paragraph\"><br><strong><br>Vorverkauf 16:00 \u20ac, Abendkasse 18,00 \u20ac<\/strong><\/p>\n\n\n\n<div class=\"wp-block-buttons is-layout-flex wp-block-buttons-is-layout-flex\">\n<div class=\"wp-block-button\"><a class=\"wp-block-button__link has-text-color has-background has-link-color wp-element-button\" href=\"https:\/\/kiwi-kulturinitiative.de\/index.html\/tickets\/\" style=\"color:#f9ee6f;background-color:#4f0c7b\"><strong>Tickets <\/strong><\/a><\/div>\n<\/div>\n\n\n\n<figure class=\"wp-block-image size-full is-resized\"><img loading=\"lazy\" decoding=\"async\" width=\"568\" height=\"511\" src=\"https:\/\/kiwi-kulturinitiative.de\/wp-content\/uploads\/2025\/01\/Anju-und-die-Argonauten.jpg\" alt=\"\" class=\"wp-image-2177\" style=\"width:458px;height:auto\" srcset=\"https:\/\/kiwi-kulturinitiative.de\/wp-content\/uploads\/2025\/01\/Anju-und-die-Argonauten.jpg 568w, https:\/\/kiwi-kulturinitiative.de\/wp-content\/uploads\/2025\/01\/Anju-und-die-Argonauten-300x270.jpg 300w\" sizes=\"auto, (max-width: 568px) 100vw, 568px\" \/><\/figure>\n\n\n\n<p class=\"wp-block-paragraph\">Foto: Anju und die Argonauten in der Waldstrasse<br><br>Seid dabei, wenn am 13. September 2025 der Hof von Anette und Willi in Klein-Winternheim zum Zentrum von Rock, Soul und Blues wird! Von 18:00 bis 22:00 Uhr erwarten euch f\u00fcnf gro\u00dfartige Bands. Freut euch auf einen Abend voller Beats, Kl\u00e4nge und Rhythmen \u2013 laut und leise!<br><br>Erlebt Rock &amp; More in seiner ganzen Vielfalt! Tanzt zu den mitrei\u00dfenden Rhythmen und genie\u00dft die entspannte Atmosph\u00e4re im Hof von Anette und Willi<br>.<br>Kulinarisches Angebot: Lasst euch von unserem Imbiss verw\u00f6hnen und genie\u00dft beste rheinhessische Weine sowie erfrischende Getr\u00e4nke.<br>Kommt vorbei und rockt mit uns! Gute Stimmung garantiert<br><strong>\u2013 keep on rockin&#8216;!<\/strong><\/p>\n\n\n\n<p class=\"wp-block-paragraph\">___________________________________________________<\/p>\n\n\n\n<p class=\"has-large-font-size wp-block-paragraph\"><strong>Das sind die Bands:<\/strong><\/p>\n\n\n\n<p class=\"wp-block-paragraph\"><strong>5nach12<\/strong> <br>ist eine BluesRockCoverBand aus Rhein-Main. Ankerpunkte der Band sind die 3 Kings des elektrischen Blues&nbsp; (Albert King, B.B. King und Freddy King), die wei\u00dfen Bluesgr\u00f6\u00dfen, allen voran Eric Clapton, Stevie Ray Vaughan, Steve Winwood, John Mayall, Peter Green sowie &#8211; last, but not least &#8211; der aktuelle Star am BluesRock Himmel, der grandiose Joe Bonamassa. Das volle und kernige Paket BluesRock wird mit ruhigen Rocksongs abgerundet.<\/p>\n\n\n\n<figure class=\"wp-block-image size-full is-resized\"><img loading=\"lazy\" decoding=\"async\" width=\"612\" height=\"341\" src=\"https:\/\/kiwi-kulturinitiative.de\/wp-content\/uploads\/2025\/03\/5nach12.jpg\" alt=\"\" class=\"wp-image-2284\" style=\"width:459px;height:auto\" srcset=\"https:\/\/kiwi-kulturinitiative.de\/wp-content\/uploads\/2025\/03\/5nach12.jpg 612w, https:\/\/kiwi-kulturinitiative.de\/wp-content\/uploads\/2025\/03\/5nach12-300x167.jpg 300w\" sizes=\"auto, (max-width: 612px) 100vw, 612px\" \/><\/figure>\n\n\n\n<p class=\"wp-block-paragraph\">Schorsch E. Wastewater &#8211; Schlagzeug, Gesang<br>B.B. Gert Tangel &#8211; Gitarre, Harp, Gesang<br>F. Rainer Bechtold &#8211; Keyboard, Gitarre<br>Willi Sch\u00e4fer &#8211; Bass<\/p>\n\n\n\n<p class=\"wp-block-paragraph\">___________________________________________________<br><br><strong>With Witch<\/strong><br>Wir sind With Witch aus Mainz-Wiesbaden und wir lassen es krachen &#8211; mit Punk, Power und Balladen, viel zu viel Eyeliner und einem Augenzwinkern. Hier gibt es noch laute, handgemachte Songs mit Herzblut und auch ein paar ausgew\u00e4hlte Cover, auf Deutsch, auf Englisch, ob Shakespeare oder Ducktales. Wir haben Geschichten zu erz\u00e4hlen und Konzerte zu rocken.<br>Lasst den Hexentanz beginnen!<\/p>\n\n\n\n<figure class=\"wp-block-image size-large is-resized\"><img loading=\"lazy\" decoding=\"async\" width=\"1024\" height=\"690\" src=\"https:\/\/kiwi-kulturinitiative.de\/wp-content\/uploads\/2025\/03\/withWitch-1024x690.jpg\" alt=\"\" class=\"wp-image-2285\" style=\"aspect-ratio:1.4840923847509508;width:460px;height:auto\" srcset=\"https:\/\/kiwi-kulturinitiative.de\/wp-content\/uploads\/2025\/03\/withWitch-1024x690.jpg 1024w, https:\/\/kiwi-kulturinitiative.de\/wp-content\/uploads\/2025\/03\/withWitch-300x202.jpg 300w, https:\/\/kiwi-kulturinitiative.de\/wp-content\/uploads\/2025\/03\/withWitch-768x517.jpg 768w, https:\/\/kiwi-kulturinitiative.de\/wp-content\/uploads\/2025\/03\/withWitch.jpg 1103w\" sizes=\"auto, (max-width: 1024px) 100vw, 1024px\" \/><\/figure>\n\n\n\n<p class=\"wp-block-paragraph\">Elena &#8211; Vocals<br>Verena &#8211; Gitarre und Vocals<br>Petra &#8211; Bass und Vocals<br>Samantha &#8211; Drums und Vocals<\/p>\n\n\n\n<p class=\"wp-block-paragraph\">___________________________________________________<\/p>\n\n\n\n<p class=\"wp-block-paragraph\"><strong>Humppa Buskers<\/strong><br>Die Humppa Buskers aus Bingen am Rhein pr\u00e4sentieren dem Ohr vertraute deutsche, sowie englische Songs von Abba, Avicii bis Waits und Zappa und drehen diese dabei mit Gesang, Akkordeon und Gitarre durch den musikalischen Fleischwolf von Polka (Finnisch &#8222;Humppa&#8220;), Country, Folk, Rock, Pop oder Underground. Gestartet als Stra\u00dfenmusiker (Englisch &#8222;Buskers&#8220;) ist die schr\u00e4ge Combo nun auch h\u00e4ufiger auf kleinen B\u00fchnen in Rheinhessen zu erleben. Kommt und tanzt zu Humppa &#8211; ist gesund!<br>https:\/\/www.instagram.com\/humppabuskers\/<\/p>\n\n\n\n<figure class=\"wp-block-image size-large is-resized\"><img loading=\"lazy\" decoding=\"async\" width=\"1024\" height=\"682\" src=\"https:\/\/kiwi-kulturinitiative.de\/wp-content\/uploads\/2025\/03\/Humppa2-1024x682.jpg\" alt=\"\" class=\"wp-image-2286\" style=\"aspect-ratio:1.5015015015015014;width:461px;height:auto\" srcset=\"https:\/\/kiwi-kulturinitiative.de\/wp-content\/uploads\/2025\/03\/Humppa2-1024x682.jpg 1024w, https:\/\/kiwi-kulturinitiative.de\/wp-content\/uploads\/2025\/03\/Humppa2-300x200.jpg 300w, https:\/\/kiwi-kulturinitiative.de\/wp-content\/uploads\/2025\/03\/Humppa2-768x511.jpg 768w, https:\/\/kiwi-kulturinitiative.de\/wp-content\/uploads\/2025\/03\/Humppa2-1536x1022.jpg 1536w, https:\/\/kiwi-kulturinitiative.de\/wp-content\/uploads\/2025\/03\/Humppa2.jpg 2048w\" sizes=\"auto, (max-width: 1024px) 100vw, 1024px\" \/><\/figure>\n\n\n\n<p class=\"wp-block-paragraph\">Bonnie Busker &#8211; Gesang und Percussion<br>Benny Busker &#8211; Gesang und Gitarre<br>Billy Busker &#8211; Akkordeon<br>Bobby Buskers &#8211; Schlagzeug<\/p>\n\n\n\n<p class=\"wp-block-paragraph\">___________________________________________________<\/p>\n\n\n\n<p class=\"wp-block-paragraph\"><strong>Powerbank<\/strong> <strong>\u2013 Music Energy<\/strong><br>Schlagzeug, Gitarre, Bass, Keyboard, Gesang &#8211; sie alle beherrschen ihr Instrument bestens und haben sich zum Ziel gesetzt die Energie von der B\u00fchne auf ihr Publikum zu \u00fcbertragen. Mit Powerbank k\u00f6nnt ihr eure Batterien durch die Musik wieder aufladen, einfach elektrisierend!<br>www.powerbank-band.de<\/p>\n\n\n\n<figure class=\"wp-block-image size-full is-resized\"><img loading=\"lazy\" decoding=\"async\" width=\"500\" height=\"500\" src=\"https:\/\/kiwi-kulturinitiative.de\/wp-content\/uploads\/2025\/03\/Powerbank-Logo.jpg\" alt=\"\" class=\"wp-image-2297\" style=\"width:460px;height:auto\" srcset=\"https:\/\/kiwi-kulturinitiative.de\/wp-content\/uploads\/2025\/03\/Powerbank-Logo.jpg 500w, https:\/\/kiwi-kulturinitiative.de\/wp-content\/uploads\/2025\/03\/Powerbank-Logo-300x300.jpg 300w, https:\/\/kiwi-kulturinitiative.de\/wp-content\/uploads\/2025\/03\/Powerbank-Logo-150x150.jpg 150w\" sizes=\"auto, (max-width: 500px) 100vw, 500px\" \/><\/figure>\n\n\n\n<p class=\"wp-block-paragraph\">Ute und Hanna &#8211; Gesang<br>Roberto &#8211; Schlagzeug<br>Tobi &#8211; Keyboard<br>Micha &#8211; Bass<br>Robert &#8211; Gitarre<\/p>\n\n\n\n<p class=\"wp-block-paragraph\">___________________________________________________<\/p>\n\n\n\n<p class=\"wp-block-paragraph\"><strong>Anju und die Argonauten<\/strong><br>Macht euch bereit f\u00fcr eine musikalische Reise, wenn Anju und die Argonauten die B\u00fchne betreten. Im Mittelpunkt steht die kraftvolle Stimme der S\u00e4ngerin Anju, deren Dynamikumfang und B\u00fchnenpr\u00e4senz den Songs eine neue Interpretation verleiht. Von zeitlosen Klassikern bis hin zu bekannten Chart-Hits umfasst das Repertoire Jahrzehnte. Die Band wechselt m\u00fchelos zwischen den Genres und bietet eine Setlist, die Zeit- und Musikgrenzen \u00fcberschreitet.<\/p>\n\n\n\n<figure class=\"wp-block-image size-large is-resized\"><img loading=\"lazy\" decoding=\"async\" width=\"1024\" height=\"730\" src=\"https:\/\/kiwi-kulturinitiative.de\/wp-content\/uploads\/2025\/03\/anjuunddieargonauten2-1024x730.jpg\" alt=\"\" class=\"wp-image-2288\" style=\"aspect-ratio:1.4027704716815712;width:460px;height:auto\" srcset=\"https:\/\/kiwi-kulturinitiative.de\/wp-content\/uploads\/2025\/03\/anjuunddieargonauten2-1024x730.jpg 1024w, https:\/\/kiwi-kulturinitiative.de\/wp-content\/uploads\/2025\/03\/anjuunddieargonauten2-300x214.jpg 300w, https:\/\/kiwi-kulturinitiative.de\/wp-content\/uploads\/2025\/03\/anjuunddieargonauten2-768x547.jpg 768w, https:\/\/kiwi-kulturinitiative.de\/wp-content\/uploads\/2025\/03\/anjuunddieargonauten2.jpg 1371w\" sizes=\"auto, (max-width: 1024px) 100vw, 1024px\" \/><\/figure>\n\n\n\n<p class=\"wp-block-paragraph\">Anjuli Rotter \u2013 Gesang<br>Ingo Kiefer \u2013 Gitarre<br>Marc Venner \u2013 Drums<br>Uwe Untersch\u00fctz \u2013 Bass<\/p>\n\n\n\n<p class=\"wp-block-paragraph\">___________________________________________________<\/p>\n\n\n\n<p class=\"wp-block-paragraph\"><\/p>\n","protected":false},"excerpt":{"rendered":"<p>Rock &amp; More Last Night of Summer \u2013 Ein Abend, f\u00fcnf Bands! im Hof von Anette Fleck &amp; Willi RaabWaldstr. 2, 55270 Klein-WinternheimSamstag, 13. September, 18:00 h \u2013 22:00 hEinlass [&hellip;]<\/p>\n","protected":false},"author":1,"featured_media":0,"parent":0,"menu_order":0,"comment_status":"closed","ping_status":"closed","template":"","meta":{"_crdt_document":"","footnotes":""},"class_list":["post-2179","page","type-page","status-publish","hentry","wpbf-post"],"_links":{"self":[{"href":"https:\/\/kiwi-kulturinitiative.de\/index.html\/wp-json\/wp\/v2\/pages\/2179","targetHints":{"allow":["GET"]}}],"collection":[{"href":"https:\/\/kiwi-kulturinitiative.de\/index.html\/wp-json\/wp\/v2\/pages"}],"about":[{"href":"https:\/\/kiwi-kulturinitiative.de\/index.html\/wp-json\/wp\/v2\/types\/page"}],"author":[{"embeddable":true,"href":"https:\/\/kiwi-kulturinitiative.de\/index.html\/wp-json\/wp\/v2\/users\/1"}],"replies":[{"embeddable":true,"href":"https:\/\/kiwi-kulturinitiative.de\/index.html\/wp-json\/wp\/v2\/comments?post=2179"}],"version-history":[{"count":17,"href":"https:\/\/kiwi-kulturinitiative.de\/index.html\/wp-json\/wp\/v2\/pages\/2179\/revisions"}],"predecessor-version":[{"id":2465,"href":"https:\/\/kiwi-kulturinitiative.de\/index.html\/wp-json\/wp\/v2\/pages\/2179\/revisions\/2465"}],"wp:attachment":[{"href":"https:\/\/kiwi-kulturinitiative.de\/index.html\/wp-json\/wp\/v2\/media?parent=2179"}],"curies":[{"name":"wp","href":"https:\/\/api.w.org\/{rel}","templated":true}]}}