{"id":2170,"date":"2025-01-09T17:12:46","date_gmt":"2025-01-09T17:12:46","guid":{"rendered":"https:\/\/kiwi-kulturinitiative.de\/index.html\/?page_id=2170"},"modified":"2025-11-02T16:18:09","modified_gmt":"2025-11-02T16:18:09","slug":"joerg-hegemann","status":"publish","type":"page","link":"https:\/\/kiwi-kulturinitiative.de\/index.html\/joerg-hegemann\/","title":{"rendered":"Boogie Woogie J\u00f6rg Hegemann"},"content":{"rendered":"\n<p class=\"has-extra-font-size wp-block-paragraph\"><strong>Boogie-Woogie im Rathaus <\/strong><br><strong>mit J\u00f6rg Hegemann<\/strong><\/p>\n\n\n\n<p class=\"wp-block-paragraph\" style=\"font-size:26px\"><strong>Rathaus Klein-Winternheim, Hauptstr. 6<\/strong><br><strong>Samstag, 15. November 2025, 19:30 h<\/strong> &#8211; Einlass ab 19:00 h<\/p>\n\n\n\n<p class=\"wp-block-paragraph\" style=\"font-size:18px\"><strong>Vorverkauf 16 \u20ac \/ Abendkasse 18 \u20ac<\/strong><\/p>\n\n\n\n<div class=\"wp-block-buttons is-layout-flex wp-block-buttons-is-layout-flex\">\n<div class=\"wp-block-button\"><a class=\"wp-block-button__link has-text-color has-background has-link-color has-large-font-size has-custom-font-size wp-element-button\" href=\"https:\/\/kiwi-kulturinitiative.de\/index.html\/tickets\/\" style=\"color:#f9ee6f;background-color:#4f0c7b\"><strong>Tickets<\/strong><\/a><\/div>\n<\/div>\n\n\n\n<ul class=\"wp-block-list\">\n<li style=\"font-size:26px\"><strong>in Kooperation mit dem Jazzclub Rheinhessen e.V<\/strong><\/li>\n<\/ul>\n\n\n\n<figure class=\"wp-block-image size-large is-resized\"><img loading=\"lazy\" decoding=\"async\" width=\"1024\" height=\"643\" src=\"https:\/\/kiwi-kulturinitiative.de\/wp-content\/uploads\/2025\/06\/Jazz-Club-Rhh-1-1024x643.png\" alt=\"\" class=\"wp-image-2406\" style=\"aspect-ratio:1.592554806280638;width:184px;height:auto\" srcset=\"https:\/\/kiwi-kulturinitiative.de\/wp-content\/uploads\/2025\/06\/Jazz-Club-Rhh-1-1024x643.png 1024w, https:\/\/kiwi-kulturinitiative.de\/wp-content\/uploads\/2025\/06\/Jazz-Club-Rhh-1-300x188.png 300w, https:\/\/kiwi-kulturinitiative.de\/wp-content\/uploads\/2025\/06\/Jazz-Club-Rhh-1-768x482.png 768w, https:\/\/kiwi-kulturinitiative.de\/wp-content\/uploads\/2025\/06\/Jazz-Club-Rhh-1.png 1200w\" sizes=\"auto, (max-width: 1024px) 100vw, 1024px\" \/><\/figure>\n\n\n\n<figure class=\"wp-block-image size-full is-resized\"><img loading=\"lazy\" decoding=\"async\" width=\"1024\" height=\"683\" src=\"https:\/\/kiwi-kulturinitiative.de\/wp-content\/uploads\/2025\/01\/Joerg-Hegemann.jpg\" alt=\"\" class=\"wp-image-2168\" style=\"width:420px;height:auto\" srcset=\"https:\/\/kiwi-kulturinitiative.de\/wp-content\/uploads\/2025\/01\/Joerg-Hegemann.jpg 1024w, https:\/\/kiwi-kulturinitiative.de\/wp-content\/uploads\/2025\/01\/Joerg-Hegemann-300x200.jpg 300w, https:\/\/kiwi-kulturinitiative.de\/wp-content\/uploads\/2025\/01\/Joerg-Hegemann-768x512.jpg 768w\" sizes=\"auto, (max-width: 1024px) 100vw, 1024px\" \/><\/figure>\n\n\n\n<p class=\"wp-block-paragraph\" style=\"font-size:16px\">Foto: J\u00f6rg Hegemann<\/p>\n\n\n\n<p class=\"wp-block-paragraph\">J\u00f6rg Hegemann aus Witten an der Ruhr, 1966 geboren, ist einer der bekanntesten deutschen Boogie Woogie Pianisten, die diesen Jazzpiano-Stil perfekt beherrschen und den Charme und die Kraft dieser Musik weiter lebendig erhalten. J\u00f6rg Hegemann nimmt seine Zuh\u00f6rer mit ins Chicago der drei\u00dfiger Jahre und zeigt ihnen die musikalische Welt der Boogie Woogie Urv\u00e4ter Albert Ammons, Meade Lux Lewis und Pete Johnson.<br>Konzerte in vielen L\u00e4ndern weltweit, &nbsp;auch in den USA und ungez\u00e4hlte Veranstaltungen quer durch Europa, mit Auftritten bei einigen der bedeutendsten Jazzfestivals wie z.B. Dixieland Festival Dresden,&nbsp; Jazzfr\u00fchling Kempten, Jazz Band Ball Wiesbaden oder der Jazzralley D\u00fcsseldorf und vielen anderen mehr. Konzerte mit den deutschen Boogie Meistern Axel Zwingenberger und Vince Weber und dem \u00d6sterreicher Martin Pyrker belegen: J\u00f6rg Hegemann ist aus der deutschen traditional Jazz- und Boogie-Szene nicht mehr wegzudenken!<br><br>Just genannter Axel Zwingenberger war &#8211; wie bei vielen anderen Boogie-Verr\u00fcckten &#8211; der Ausl\u00f6ser daf\u00fcr, dass 1983 der damals 16-j\u00e4hrige Hegemann vom Boogie-Fieber gepackt wurde. Die ersten Gehversuche musste er allerdings noch auf der elterlichen Heimorgel unternehmen, bis der Wittener sich mit 20 sein erstes eigenes Klavier zusammengespart hatte. In den Folgejahren gr\u00fcndete J\u00f6rg Hegemann zusammen mit 3 ebenfalls Boogie-begeisterten Freunden die Formation &#8222;Chicago Four&#8220;.<br><br>Als Solist entwickelte sich Hegemann in der Folgezeit enorm weiter, ver\u00f6ffentlichte seine erste Platte &#8222;Boogie Woogie Express&#8220; (1995) und wurde immer h\u00e4ufiger alleine und auch mit Rhythmusgruppe im Trio f\u00fcr Auftritte in Jazzclubs und Festivals verpflichtet. 1999 erschien die zweite CD &#8222;Steam Driven Boogie&#8220;. Seit 2009 pr\u00e4sentiert J\u00f6rg Hegemann seine eigene Konzertreihe unter dem Titel &#8222;J\u00f6rg Hegemann pr\u00e4sentiert Meister des Boogie Woogie&#8220;. Im Wasserschloss \u201eHaus Opherdicke\u201c in Holzwickede haut Hegemann regelm\u00e4\u00dfig mit deutschen und internationalen Top-K\u00fcnstlern in die Tasten. Au\u00dferdem kuratiert er zweimal im Jahr den Boogie Woogie Congress in der Philharmonie in Essen, zu der regelm\u00e4\u00dfig die bekanntesten K\u00fcnstler der Szene anreisen.<br><br>Im Oktober 2009 wurde J\u00f6rg Hegemann als erster &#8222;Pianist des Jahres&#8220; mit dem neu geschaffenen deutschen Boogie Woogie Musikpreis &#8222;Pinetop&#8220; ausgezeichnet.<\/p>\n\n\n\n<p class=\"wp-block-paragraph\"><strong>Bei der Veranstaltung am 15. November 2025 handelt es sich um eine Kooperation zwischen der Kulturinitiative Klein-Winternheim&nbsp;e. V. und dem Jazzclub Rheinhessen e. V.<\/strong><\/p>\n\n\n\n<p class=\"wp-block-paragraph\"><\/p>\n","protected":false},"excerpt":{"rendered":"<p>Boogie-Woogie im Rathaus mit J\u00f6rg Hegemann Rathaus Klein-Winternheim, Hauptstr. 6Samstag, 15. November 2025, 19:30 h &#8211; Einlass ab 19:00 h Vorverkauf 16 \u20ac \/ Abendkasse 18 \u20ac Foto: J\u00f6rg Hegemann [&hellip;]<\/p>\n","protected":false},"author":1,"featured_media":0,"parent":0,"menu_order":0,"comment_status":"closed","ping_status":"closed","template":"","meta":{"_crdt_document":"","footnotes":""},"class_list":["post-2170","page","type-page","status-publish","hentry","wpbf-post"],"_links":{"self":[{"href":"https:\/\/kiwi-kulturinitiative.de\/index.html\/wp-json\/wp\/v2\/pages\/2170","targetHints":{"allow":["GET"]}}],"collection":[{"href":"https:\/\/kiwi-kulturinitiative.de\/index.html\/wp-json\/wp\/v2\/pages"}],"about":[{"href":"https:\/\/kiwi-kulturinitiative.de\/index.html\/wp-json\/wp\/v2\/types\/page"}],"author":[{"embeddable":true,"href":"https:\/\/kiwi-kulturinitiative.de\/index.html\/wp-json\/wp\/v2\/users\/1"}],"replies":[{"embeddable":true,"href":"https:\/\/kiwi-kulturinitiative.de\/index.html\/wp-json\/wp\/v2\/comments?post=2170"}],"version-history":[{"count":5,"href":"https:\/\/kiwi-kulturinitiative.de\/index.html\/wp-json\/wp\/v2\/pages\/2170\/revisions"}],"predecessor-version":[{"id":2505,"href":"https:\/\/kiwi-kulturinitiative.de\/index.html\/wp-json\/wp\/v2\/pages\/2170\/revisions\/2505"}],"wp:attachment":[{"href":"https:\/\/kiwi-kulturinitiative.de\/index.html\/wp-json\/wp\/v2\/media?parent=2170"}],"curies":[{"name":"wp","href":"https:\/\/api.w.org\/{rel}","templated":true}]}}