{"id":2143,"date":"2024-12-22T14:51:23","date_gmt":"2024-12-22T14:51:23","guid":{"rendered":"https:\/\/kiwi-kulturinitiative.de\/index.html\/?page_id=2143"},"modified":"2025-05-05T06:41:28","modified_gmt":"2025-05-05T06:41:28","slug":"salonquartett-jalousie","status":"publish","type":"page","link":"https:\/\/kiwi-kulturinitiative.de\/index.html\/salonquartett-jalousie\/","title":{"rendered":"Salonquartett Jalousie"},"content":{"rendered":"\n<p class=\"has-text-color has-larger-font-size wp-block-paragraph\" style=\"color:#4f0c7b\"><strong><strong>S<\/strong>alonquartett <em>Jalousie<\/em><\/strong><\/p>\n\n\n\n<p class=\"wp-block-paragraph\" style=\"font-size:22px\"><strong>\u201eIn einer kleinen Konditorei \u2013 Caf\u00e9hausmusik aus der guten alten Zeit\u201c<\/strong><\/p>\n\n\n\n<p class=\"wp-block-paragraph\" style=\"font-size:19px\"><strong>Ein unterhaltsamer Nachmittag mit dem Salonquartett <em>Jalousie<\/em><\/strong><br><strong><br>Sonntag, 25. Mai 2025, 16:00 h<\/strong> &#8211; Einlass 15:30 h<br><strong><br>Vorverkauf  12 \u20ac  \/  Tageskasse 14 \u20ac<\/strong><\/p>\n\n\n\n<div class=\"wp-block-buttons is-layout-flex wp-block-buttons-is-layout-flex\">\n<div class=\"wp-block-button\"><a class=\"wp-block-button__link has-text-color has-background has-link-color has-large-font-size has-custom-font-size wp-element-button\" href=\"https:\/\/kiwi-kulturinitiative.de\/index.html\/tickets\/\" style=\"color:#f9ee6f;background-color:#4f0c7b\"><strong>Tickets<\/strong><\/a><\/div>\n<\/div>\n\n\n\n<p class=\"wp-block-paragraph\"><\/p>\n\n\n\n<p class=\"wp-block-paragraph\">Das <strong>Salonquartett <em>Jalousie<\/em><\/strong> spielt seit 1996 und hat sich zur Aufgabe gemacht, Musik aus der \u201eguten alten Zeit\u201c, aber in der klassischen Besetzung des Streichquartetts zu spielen. War diese Musikrichtung in der Vergangenheit oft ein wenig \u201eschief\u201c angesehen worden, erlebt sie in den letzten Jahren eine wahre Renaissance.<\/p>\n\n\n\n<p class=\"wp-block-paragraph\">Das Repertoire des Ensembles reicht von \u201eleichter\u201c Klassik \u00fcber die traditionelle Salon- und Kaffeehausmusik zu modernen Titeln, also von A wie (Bach-)Air zu Z wie Zigeunerbaron: M\u00e4rsche und Walzer, L\u00e4ndler und Polkas, St\u00e4ndchen und Serenaden, Ragtimes und Schlager, Tangos und Musicals, Sambas und Rumbas, Filmmusik und \u201eSchnulzen\u201c \u2013 Musik zum Mitsummen und Mitsingen.<\/p>\n\n\n\n<p class=\"wp-block-paragraph\"><strong>J\u00fcrgen Lantz<\/strong> (1. Violine): Studium Orchestermusik an der Musikhochschule Saarbr\u00fccken bei Prof. Ulrike Dierick. Nach dem Examen Vorspieler der 1. Violinen im Staatstheater Saarbr\u00fccken. Seit 2024 freiberuflich insbesondere f\u00fcr Alte Musik, im Saarl\u00e4ndische Barock-Ensemble, t\u00e4tig.<\/p>\n\n\n\n<p class=\"wp-block-paragraph\"><strong>Barbara Leichtweis-Birtel<\/strong> (2. Violine): Studium Schul- und Privatmusik an der Musikhochschule Saarbr\u00fccken bei Prof. Ulrike Dierick. Gesangsstudium bei Sibylle Fuchs und Herbert Schachtschneider. Seit 1978 als Geigerin, Musikp\u00e4dagogin und Chorleiterin t\u00e4tig.<\/p>\n\n\n\n<p class=\"wp-block-paragraph\"><strong>Wolfgang Birtel<\/strong> (Viola): Studium Schul- und Orchestermusik an der Musikhochschule Saarbr\u00fccken bei Prof. Ulrike Dierick (Violine) und bei Eckart Schloifer, Solobratschist des Rundfunk-Sinfonieorchesters Saarbr\u00fccken (Viola). Freiberuflich als Bratschist, Arrangeur, Musikjournalist und Musikherausgeber t\u00e4tig.<\/p>\n\n\n\n<p class=\"wp-block-paragraph\"><strong>Eva Scherer<\/strong> (Violoncello): Studium Schul-, Privat- und Orchestermusik an den Musikhochschulen Saarbr\u00fccken und Frankfurt bei Prof. Claus Kanngie\u00dfer (Violoncello) und Prof. Gerhard Mantel (Violoncello). Vom 1983\u20132017 war sie Leiterin einer Violoncello-Klasse an der Musikschule Mannheim, daneben Kammermusikklasse und Orchesterstudien Violoncello. Seit 2017 freiberuflich t\u00e4tig.lasse an der Musikschule Mannheim, daneben Kammermusikklasse und Orchesterstudien Violoncello. Seit 2017 freiberuflich t\u00e4tig.<\/p>\n\n\n\n<figure class=\"wp-block-image size-full is-resized\"><img loading=\"lazy\" decoding=\"async\" width=\"719\" height=\"526\" src=\"https:\/\/kiwi-kulturinitiative.de\/wp-content\/uploads\/2025\/01\/Salonquartett_Jalousie.jpg\" alt=\"\" class=\"wp-image-2189\" style=\"width:461px;height:auto\" srcset=\"https:\/\/kiwi-kulturinitiative.de\/wp-content\/uploads\/2025\/01\/Salonquartett_Jalousie.jpg 719w, https:\/\/kiwi-kulturinitiative.de\/wp-content\/uploads\/2025\/01\/Salonquartett_Jalousie-300x219.jpg 300w\" sizes=\"auto, (max-width: 719px) 100vw, 719px\" \/><\/figure>\n\n\n\n<p class=\"wp-block-paragraph\"><\/p>\n","protected":false},"excerpt":{"rendered":"<p>Salonquartett Jalousie \u201eIn einer kleinen Konditorei \u2013 Caf\u00e9hausmusik aus der guten alten Zeit\u201c Ein unterhaltsamer Nachmittag mit dem Salonquartett JalousieSonntag, 25. Mai 2025, 16:00 h &#8211; Einlass 15:30 hVorverkauf 12 [&hellip;]<\/p>\n","protected":false},"author":1,"featured_media":0,"parent":0,"menu_order":0,"comment_status":"closed","ping_status":"closed","template":"","meta":{"_crdt_document":"","footnotes":""},"class_list":["post-2143","page","type-page","status-publish","hentry","wpbf-post"],"_links":{"self":[{"href":"https:\/\/kiwi-kulturinitiative.de\/index.html\/wp-json\/wp\/v2\/pages\/2143","targetHints":{"allow":["GET"]}}],"collection":[{"href":"https:\/\/kiwi-kulturinitiative.de\/index.html\/wp-json\/wp\/v2\/pages"}],"about":[{"href":"https:\/\/kiwi-kulturinitiative.de\/index.html\/wp-json\/wp\/v2\/types\/page"}],"author":[{"embeddable":true,"href":"https:\/\/kiwi-kulturinitiative.de\/index.html\/wp-json\/wp\/v2\/users\/1"}],"replies":[{"embeddable":true,"href":"https:\/\/kiwi-kulturinitiative.de\/index.html\/wp-json\/wp\/v2\/comments?post=2143"}],"version-history":[{"count":6,"href":"https:\/\/kiwi-kulturinitiative.de\/index.html\/wp-json\/wp\/v2\/pages\/2143\/revisions"}],"predecessor-version":[{"id":2345,"href":"https:\/\/kiwi-kulturinitiative.de\/index.html\/wp-json\/wp\/v2\/pages\/2143\/revisions\/2345"}],"wp:attachment":[{"href":"https:\/\/kiwi-kulturinitiative.de\/index.html\/wp-json\/wp\/v2\/media?parent=2143"}],"curies":[{"name":"wp","href":"https:\/\/api.w.org\/{rel}","templated":true}]}}