{"id":2020,"date":"2024-11-17T14:18:44","date_gmt":"2024-11-17T14:18:44","guid":{"rendered":"https:\/\/kiwi-kulturinitiative.de\/index.html\/?page_id=2020"},"modified":"2025-11-02T16:18:49","modified_gmt":"2025-11-02T16:18:49","slug":"semilla","status":"publish","type":"page","link":"https:\/\/kiwi-kulturinitiative.de\/index.html\/semilla\/","title":{"rendered":"Semilla &#8211; m\u00fasica mediterr\u00e1nea"},"content":{"rendered":"\n<p class=\"has-text-color has-extra-font-size wp-block-paragraph\" style=\"color:#4f0c7b\"><strong><strong>Semilla &#8211; m\u00fasica mediterr\u00e1nea<\/strong><\/strong><\/p>\n\n\n\n<p class=\"wp-block-paragraph\" style=\"font-size:19px\"><strong>Konzerterlebnis mit Gesang, Harfe, Querfl\u00f6ten, Naturfl\u00f6ten und Saiteninstrumenten <br>Kulturst\u00e4tte &#8222;Lebendiges Museum&#8220;, Raiffeisenstr. 17, Klein-Winternheim<\/strong><br><strong><br>Sonntag, 23. November 2025, 17:00 h<\/strong> &#8211; Einlass 16:30 h<br><strong><br>Vorverkauf  12 \u20ac  \/  Abendkasse 14 \u20ac<\/strong><\/p>\n\n\n\n<div class=\"wp-block-buttons is-layout-flex wp-block-buttons-is-layout-flex\">\n<div class=\"wp-block-button\"><a class=\"wp-block-button__link has-text-color has-background has-link-color has-large-font-size has-custom-font-size wp-element-button\" href=\"https:\/\/kiwi-kulturinitiative.de\/index.html\/tickets\/\" style=\"color:#f9ee6f;background-color:#4f0c7b\"><strong>Tickets<\/strong><\/a><\/div>\n<\/div>\n\n\n\n<p class=\"wp-block-paragraph\"><strong>Semilla<\/strong><strong>\u2013 m\u00fasica mediterr\u00e1nea<\/strong><\/p>\n\n\n\n<p class=\"wp-block-paragraph\">Die Formation bietet ein au\u00dfergew\u00f6hnliches&nbsp;Konzerterlebnis in der Besetzung mit Harfe, Querfl\u00f6ten und Naturfl\u00f6ten, und Saiteninstrumenten.<br>Die Musik von Semilla stammt aus der Feder von Albert Peter und l\u00e4sst&nbsp;von Urlaub in Spanien und S\u00fcdamerika&nbsp;tr\u00e4umen.<br>Die Fl\u00f6tistin Steffi Gebhard studierte Querfl\u00f6te und Klavier, unterrichtet an verschiedenen Musikschulen und spielt bei diversen Gruppen. Valerie Cribbs studierte Harfe in Chicago, spielte 14 Jahre lang im Metropolitan Symphony Orchestra in Minnesota, USA, bevor sie 2001 nach Deutschland kam und kurz danach bei Semilla aufgenommen wurde. Semilla spielte u. a. bei Gro\u00dfveranstaltungen vom Roten Kreuz in Mainz, bei regelm\u00e4\u00dfigen Benefizkonzerten f\u00fcr die Nepal-Hilfe in der Mombacher Friedenskirche sowie f\u00fcr die Erhaltung einer Kirche in Frankreich.<\/p>\n\n\n\n<figure class=\"wp-block-image size-full\"><img loading=\"lazy\" decoding=\"async\" width=\"509\" height=\"377\" src=\"https:\/\/kiwi-kulturinitiative.de\/wp-content\/uploads\/2024\/11\/semilla.jpg\" alt=\"\" class=\"wp-image-2016\" srcset=\"https:\/\/kiwi-kulturinitiative.de\/wp-content\/uploads\/2024\/11\/semilla.jpg 509w, https:\/\/kiwi-kulturinitiative.de\/wp-content\/uploads\/2024\/11\/semilla-300x222.jpg 300w\" sizes=\"auto, (max-width: 509px) 100vw, 509px\" \/><\/figure>\n","protected":false},"excerpt":{"rendered":"<p>Semilla &#8211; m\u00fasica mediterr\u00e1nea Konzerterlebnis mit Gesang, Harfe, Querfl\u00f6ten, Naturfl\u00f6ten und Saiteninstrumenten Kulturst\u00e4tte &#8222;Lebendiges Museum&#8220;, Raiffeisenstr. 17, Klein-WinternheimSonntag, 23. November 2025, 17:00 h &#8211; Einlass 16:30 hVorverkauf 12 \u20ac \/ [&hellip;]<\/p>\n","protected":false},"author":1,"featured_media":0,"parent":0,"menu_order":0,"comment_status":"closed","ping_status":"closed","template":"","meta":{"_crdt_document":"","footnotes":""},"class_list":["post-2020","page","type-page","status-publish","hentry","wpbf-post"],"_links":{"self":[{"href":"https:\/\/kiwi-kulturinitiative.de\/index.html\/wp-json\/wp\/v2\/pages\/2020","targetHints":{"allow":["GET"]}}],"collection":[{"href":"https:\/\/kiwi-kulturinitiative.de\/index.html\/wp-json\/wp\/v2\/pages"}],"about":[{"href":"https:\/\/kiwi-kulturinitiative.de\/index.html\/wp-json\/wp\/v2\/types\/page"}],"author":[{"embeddable":true,"href":"https:\/\/kiwi-kulturinitiative.de\/index.html\/wp-json\/wp\/v2\/users\/1"}],"replies":[{"embeddable":true,"href":"https:\/\/kiwi-kulturinitiative.de\/index.html\/wp-json\/wp\/v2\/comments?post=2020"}],"version-history":[{"count":11,"href":"https:\/\/kiwi-kulturinitiative.de\/index.html\/wp-json\/wp\/v2\/pages\/2020\/revisions"}],"predecessor-version":[{"id":2506,"href":"https:\/\/kiwi-kulturinitiative.de\/index.html\/wp-json\/wp\/v2\/pages\/2020\/revisions\/2506"}],"wp:attachment":[{"href":"https:\/\/kiwi-kulturinitiative.de\/index.html\/wp-json\/wp\/v2\/media?parent=2020"}],"curies":[{"name":"wp","href":"https:\/\/api.w.org\/{rel}","templated":true}]}}