{"id":2001,"date":"2024-11-15T21:35:23","date_gmt":"2024-11-15T21:35:23","guid":{"rendered":"https:\/\/kiwi-kulturinitiative.de\/index.html\/?page_id=2001"},"modified":"2025-01-03T16:59:40","modified_gmt":"2025-01-03T16:59:40","slug":"dobocan-2025","status":"publish","type":"page","link":"https:\/\/kiwi-kulturinitiative.de\/index.html\/dobocan-2025\/","title":{"rendered":"Ateliergespr\u00e4ch bei Dor\u00e9l Dobocan &#8211; Kopie"},"content":{"rendered":"\n<p class=\"has-larger-font-size wp-block-paragraph\"><strong>Ateliergespr\u00e4ch bei Dor\u00e9l Dobocan<\/strong><\/p>\n\n\n\n<p class=\"has-large-font-size wp-block-paragraph\"><strong>Alte Patrone \u2013 Am Judensand 65, Mainz<\/strong><br><strong><br>Sonntag, 27. April 2025, 17:00 h<\/strong><\/p>\n\n\n\n<p class=\"has-large-font-size wp-block-paragraph\"><strong>Eintritt frei<\/strong>, <strong>jedoch nur nach Anmeldung an:<\/strong><br><strong><a href=\"mailto:info@kiwi-kulturinitiative.de\">info@kiwi-kulturinitiative.de<\/a><br>Die mitgebrachte R\u00fcckbest\u00e4tigung ist die Einlasskarte<\/strong><\/p>\n\n\n\n<p class=\"wp-block-paragraph\">Die Teilnehmerzahl ist auf 20 Personen begrenzt. Aufgrund der begrenzten Pl\u00e4tze m\u00fcssen Einlasskarten vorgelegt werden!<\/p>\n\n\n\n<figure class=\"wp-block-image size-large is-resized\"><img loading=\"lazy\" decoding=\"async\" width=\"1024\" height=\"683\" src=\"https:\/\/kiwi-kulturinitiative.de\/wp-content\/uploads\/2024\/11\/Dobocan-Atelier2-1024x683.jpg\" alt=\"\" class=\"wp-image-2002\" style=\"width:595px;height:auto\" srcset=\"https:\/\/kiwi-kulturinitiative.de\/wp-content\/uploads\/2024\/11\/Dobocan-Atelier2-1024x683.jpg 1024w, https:\/\/kiwi-kulturinitiative.de\/wp-content\/uploads\/2024\/11\/Dobocan-Atelier2-300x200.jpg 300w, https:\/\/kiwi-kulturinitiative.de\/wp-content\/uploads\/2024\/11\/Dobocan-Atelier2-768x512.jpg 768w, https:\/\/kiwi-kulturinitiative.de\/wp-content\/uploads\/2024\/11\/Dobocan-Atelier2.jpg 1382w\" sizes=\"auto, (max-width: 1024px) 100vw, 1024px\" \/><\/figure>\n\n\n\n<p class=\"wp-block-paragraph\">Der Maler Dor\u00e9l Dobocan l\u00e4dt uns ein in sein Atelier in der Alten Patrone in Mainz. <br>Wir haben die Gelegenheit, mit ihm ins Gespr\u00e4ch zu kommen, sein Atelier zu besichtigen und einige seiner Werke zu sehen.<\/p>\n\n\n\n<p class=\"wp-block-paragraph\">Dor\u00e9l Dobocan wurde 1951 als Angeh\u00f6riger der deutschen Minderheit der Donauschwaben in Temeschburg, Rum\u00e4nien, geboren. Die Zeit des Zusammenbruchs der Diktaturen im ehemaligen Ostblock und die Wiedervereinigung haben ihn nachhaltig gepr\u00e4gt. In unserem Gespr\u00e4ch m\u00f6chten wir mehr \u00fcber seine Erfahrungen mit dem Ceausescu-Regime, seine Flucht und den Weg zur Freiheit erfahren. Zudem werden wir mit ihm \u00fcber seine Sicht auf die heutige Welt diskutieren.<\/p>\n\n\n\n<p class=\"wp-block-paragraph\">Bereits in seiner Kindheit hegte Dobocan den Wunsch, K\u00fcnstler zu werden. Im Alter von 12 Jahren unternahm er seinen ersten Fluchtversuch, wurde jedoch 17 Tage sp\u00e4ter in einem Eisenbahnwaggon gefasst. Nach seiner Verurteilung und Inhaftierung kam er ein Jahr sp\u00e4ter auf Bew\u00e4hrung aus dem Gef\u00e4ngnis, stand jedoch fortan unter der Beobachtung des Ceausescu-Regimes. Die Geheimpolizei \u201eSecuritate\u201c erwischte ihn drei weitere Male bei Fluchtversuchen. Mit 22 Jahren landete Dobocan schlie\u00dflich in der Zwangspsychiatrie.<\/p>\n\n\n\n<p class=\"wp-block-paragraph\">1977 erwarb die Bundesregierung Dobocans &nbsp;Securitate (Staatssicherheits)-Akten. Bundeskanzler Schmidt forderte von Ceausescu dessen Freilassung und beauftragte Au\u00dfenminister Genscher, alle notwendigen Schritte einzuleiten. Im Jahr 1978 wurde er nach Deutschland ausgeflogen.<\/p>\n\n\n\n<p class=\"wp-block-paragraph\">Seine k\u00fcnstlerischen Erfolge umfassen unter Anderen den 2. Preis beim Concorso internazionale di pittura in Italien im Jahr 2000 sowie den F\u00f6rderpreis des Landes Rheinland-Pfalz f\u00fcr Malerei im Jahr 1980. Im selben Jahr richtete er ein Atelier auf der Insel Ibiza ein. Von 1980 bis 1983 war er Leiter des Zeichenkurses im Kunstverein Mainz. 1982 erhielt er den dritten Preis beim Bundeswettbewerb Hambacher Schloss. In den Jahren 1983 bis 1994 arbeitete er regelm\u00e4\u00dfig in New York.<\/p>\n\n\n\n<p class=\"wp-block-paragraph\">1984 gestaltete er das Narrenschiff f\u00fcr eine literarische Rheinreise mit 70 Schriftstellern und K\u00fcnstlern von Basel bis Rotterdam. 1985 hatte er seine erste gro\u00dfe Einzelausstellung in New York. In den folgenden Jahren verbrachte er Arbeitsaufenthalte in Brasilien, Argentinien, Uruguay und Paraguay. 1989 richtete er sich ein Atelier in Paris ein und stellte dort seine Arbeiten aus. Zwischen 1991 und 1993 schuf er 45 Plastiken unter dem Titel \u201eOrchestra sans Musica\u201c. Die erste gro\u00dfe Installation dieser Reihe wurde 1993 in der Kunsthalle Schirn in Frankfurt am Main gezeigt, gefolgt von einer Ausstellung im Theater am Goetheplatz in Baden-Baden.<\/p>\n\n\n\n<p class=\"wp-block-paragraph\">Von 1995 bis 1997 arbeitete Dobocan an der Bilderwand \u201eWeltlandschaften\u201c f\u00fcr eine Ausstellung im Kunstmuseum Peking, die 2000 vom ZDF erworben und im Hauptstadtstudio Zollernhof in Berlin ausgestellt wurde. 1999 begann er mit der Arbeit an einem Denkmal zu Ehren Martin Luther Kings und hatte dabei die Gelegenheit, Coretta Scott King, die Witwe des B\u00fcrgerrechtlers, zu treffen. Das Skulpturen-Ensemble \u201eIm Schatten der Macht \u2013 in memoriam Martin Luther King\u201c entstand zwischen 1999 und 2001.<\/p>\n\n\n\n<p class=\"wp-block-paragraph\">2004 pr\u00e4sentierte Dobocan die Ausstellung \u201eDialog\u201c im Marmorpalast des Russischen Museums in St. Petersburg, die im selben Jahr im Landesmuseum Koblenz auf der Festung Ehrenbreitstein wiederholt wurde. Seit 2007 ist er Mitglied des Beraterkreises des Arp Museums Bahnhof Rolandseck. 2008 \u00fcbergab er die Plastik \u201eGeigensolistin\u201c aus dem \u201eOrchestra sans Musica\u201c im Rahmen des Kunstfestes Weimar f\u00fcr die Gedenkst\u00e4tte KZ Buchenwald.<\/p>\n\n\n\n<p class=\"wp-block-paragraph\">Im Jahr 2008 wurde die Jubil\u00e4umsausstellung \u201eFrei(T)r\u00e4ume \u2013 30 Jahre Freiheit\u201c im Mainzer Landtag von Bundesau\u00dfenminister a. D. Hans-Dietrich Genscher er\u00f6ffnet. Von 2014 bis 2015 arbeitete Dobocan an dem Ausstellungsprojekt \u201eAN DER GRENZE \u2013 Nahaufnahmen. Fernblicke\u201c, das anl\u00e4sslich der Jubil\u00e4umsfeier \u201e25 Jahre Wiedervereinigung\u201c stattfand.<\/p>\n\n\n\n<p class=\"wp-block-paragraph\">2022 fand ein Festakt mit der Ausstellung \u201eDOBOCANS WELT\u201c unter der Schirmherrschaft der Ministerpr\u00e4sidentin von Rheinland-Pfalz, Malu Dreyer, anl\u00e4sslich seines f\u00fcnfzigj\u00e4hrigen Arbeitsjubil\u00e4ums und seines siebzigsten Geburtstags in der Akademie der Wissenschaften und der Literatur in Mainz statt. Zur Ausstellung erschien das gleichnamige Buch im G\u00f6ttinger Verlag der Kunst.<\/p>\n\n\n\n<p class=\"wp-block-paragraph\">Im Jahr 2023 nahm Dobocan als Gastredner am Tag der Deutschen Einheit in Hamburg in der Bundeskanzler Helmut Schmidt-Stiftung teil.<\/p>\n\n\n\n<p class=\"wp-block-paragraph\">Wir freuen uns auf ein spannendes Gespr\u00e4ch mit Dor\u00e9l Dobocan \u00fcber seine beeindruckende Lebensgeschichte und seine k\u00fcnstlerischen Werke.<\/p>\n\n\n\n<figure class=\"wp-block-image size-large is-resized\"><img loading=\"lazy\" decoding=\"async\" width=\"1024\" height=\"683\" src=\"https:\/\/kiwi-kulturinitiative.de\/wp-content\/uploads\/2024\/11\/Dobocan-Kacheln-1024x683.jpg\" alt=\"\" class=\"wp-image-2003\" style=\"width:633px;height:auto\" srcset=\"https:\/\/kiwi-kulturinitiative.de\/wp-content\/uploads\/2024\/11\/Dobocan-Kacheln-1024x683.jpg 1024w, https:\/\/kiwi-kulturinitiative.de\/wp-content\/uploads\/2024\/11\/Dobocan-Kacheln-300x200.jpg 300w, https:\/\/kiwi-kulturinitiative.de\/wp-content\/uploads\/2024\/11\/Dobocan-Kacheln-768x512.jpg 768w, https:\/\/kiwi-kulturinitiative.de\/wp-content\/uploads\/2024\/11\/Dobocan-Kacheln.jpg 1382w\" sizes=\"auto, (max-width: 1024px) 100vw, 1024px\" \/><\/figure>\n\n\n\n<figure class=\"wp-block-image size-large is-resized\"><img loading=\"lazy\" decoding=\"async\" width=\"683\" height=\"1024\" src=\"https:\/\/kiwi-kulturinitiative.de\/wp-content\/uploads\/2024\/11\/DobocanPortrait-683x1024.jpg\" alt=\"\" class=\"wp-image-2004\" style=\"width:460px;height:auto\" srcset=\"https:\/\/kiwi-kulturinitiative.de\/wp-content\/uploads\/2024\/11\/DobocanPortrait-683x1024.jpg 683w, https:\/\/kiwi-kulturinitiative.de\/wp-content\/uploads\/2024\/11\/DobocanPortrait-200x300.jpg 200w, https:\/\/kiwi-kulturinitiative.de\/wp-content\/uploads\/2024\/11\/DobocanPortrait-768x1151.jpg 768w, https:\/\/kiwi-kulturinitiative.de\/wp-content\/uploads\/2024\/11\/DobocanPortrait.jpg 922w\" sizes=\"auto, (max-width: 683px) 100vw, 683px\" \/><\/figure>\n\n\n\n<p class=\"has-large-font-size wp-block-paragraph\"><a href=\"https:\/\/www.dobocan.de\/en\/impressum.html\">https:\/\/www.dobocan.de\/en\/impressum.html<\/a><\/p>\n\n\n\n<p class=\"wp-block-paragraph\"><\/p>\n","protected":false},"excerpt":{"rendered":"<p>Ateliergespr\u00e4ch bei Dor\u00e9l Dobocan Alte Patrone \u2013 Am Judensand 65, MainzSonntag, 27. April 2025, 17:00 h Eintritt frei, jedoch nur nach Anmeldung an:info@kiwi-kulturinitiative.deDie mitgebrachte R\u00fcckbest\u00e4tigung ist die Einlasskarte Die Teilnehmerzahl [&hellip;]<\/p>\n","protected":false},"author":1,"featured_media":0,"parent":0,"menu_order":0,"comment_status":"closed","ping_status":"closed","template":"","meta":{"_crdt_document":"","footnotes":""},"class_list":["post-2001","page","type-page","status-publish","hentry","wpbf-post"],"_links":{"self":[{"href":"https:\/\/kiwi-kulturinitiative.de\/index.html\/wp-json\/wp\/v2\/pages\/2001","targetHints":{"allow":["GET"]}}],"collection":[{"href":"https:\/\/kiwi-kulturinitiative.de\/index.html\/wp-json\/wp\/v2\/pages"}],"about":[{"href":"https:\/\/kiwi-kulturinitiative.de\/index.html\/wp-json\/wp\/v2\/types\/page"}],"author":[{"embeddable":true,"href":"https:\/\/kiwi-kulturinitiative.de\/index.html\/wp-json\/wp\/v2\/users\/1"}],"replies":[{"embeddable":true,"href":"https:\/\/kiwi-kulturinitiative.de\/index.html\/wp-json\/wp\/v2\/comments?post=2001"}],"version-history":[{"count":9,"href":"https:\/\/kiwi-kulturinitiative.de\/index.html\/wp-json\/wp\/v2\/pages\/2001\/revisions"}],"predecessor-version":[{"id":2158,"href":"https:\/\/kiwi-kulturinitiative.de\/index.html\/wp-json\/wp\/v2\/pages\/2001\/revisions\/2158"}],"wp:attachment":[{"href":"https:\/\/kiwi-kulturinitiative.de\/index.html\/wp-json\/wp\/v2\/media?parent=2001"}],"curies":[{"name":"wp","href":"https:\/\/api.w.org\/{rel}","templated":true}]}}