{"id":1726,"date":"2024-06-19T10:12:00","date_gmt":"2024-06-19T10:12:00","guid":{"rendered":"https:\/\/kiwi-kulturinitiative.de\/index.html\/?page_id=1726"},"modified":"2024-10-18T22:19:30","modified_gmt":"2024-10-18T22:19:30","slug":"new-orleans-christmass-mit-all-that-jazz","status":"publish","type":"page","link":"https:\/\/kiwi-kulturinitiative.de\/index.html\/new-orleans-christmass-mit-all-that-jazz\/","title":{"rendered":"New Orleans Christmas mit &#8222;All That Jazz&#8220;"},"content":{"rendered":"\n<p class=\"has-larger-font-size wp-block-paragraph\"><strong>&#8222;New Orleans Christmas&#8220; mit &#8222;All That Jazz&#8220;<\/strong><\/p>\n\n\n\n<p class=\"has-large-font-size wp-block-paragraph\"><strong>New Orleans Christmas \u2013 vorweihnachtliches Konzert mit der Band \u201eAll <\/strong>T<strong>hat Jazz\u201c<\/strong><\/p>\n\n\n\n<p class=\"has-large-font-size wp-block-paragraph\"><strong>30.11.2024<\/strong>, <strong>19.30h, katholische Pfarrkirche St. Andreas, Klein-Winternheim<\/strong><\/p>\n\n\n\n<p class=\"has-large-font-size wp-block-paragraph\"><strong>Eintritt frei &#8211; Spenden sehr willkommen!<\/strong><\/p>\n\n\n\n<figure class=\"wp-block-image size-large is-resized\"><img loading=\"lazy\" decoding=\"async\" width=\"1024\" height=\"768\" src=\"https:\/\/kiwi-kulturinitiative.de\/wp-content\/uploads\/2024\/01\/Daxweiler--1024x768.jpg\" alt=\"\" class=\"wp-image-1519\" style=\"width:781px;height:auto\" srcset=\"https:\/\/kiwi-kulturinitiative.de\/wp-content\/uploads\/2024\/01\/Daxweiler--1024x768.jpg 1024w, https:\/\/kiwi-kulturinitiative.de\/wp-content\/uploads\/2024\/01\/Daxweiler--300x225.jpg 300w, https:\/\/kiwi-kulturinitiative.de\/wp-content\/uploads\/2024\/01\/Daxweiler--768x576.jpg 768w, https:\/\/kiwi-kulturinitiative.de\/wp-content\/uploads\/2024\/01\/Daxweiler--1536x1152.jpg 1536w, https:\/\/kiwi-kulturinitiative.de\/wp-content\/uploads\/2024\/01\/Daxweiler--2048x1536.jpg 2048w\" sizes=\"auto, (max-width: 1024px) 100vw, 1024px\" \/><\/figure>\n\n\n\n<p class=\"wp-block-paragraph\" style=\"font-size:18px\"><a href=\"https:\/\/www.jazzclub-rheinhessen.de\/\">https:\/\/www.jazzclub-rheinhessen.de\/<\/a><\/p>\n\n\n\n<p class=\"wp-block-paragraph\" style=\"font-size:18px\"><strong>Kooperationsveranstaltung zwischen der Kulturinitiative Klein-Winternheim e. V. und dem<a href=\"https:\/\/www.jazzclub-rheinhessen.de\/\"> Jazzclub Rheinhessen e. V.<\/a><\/strong><\/p>\n\n\n\n<p class=\"wp-block-paragraph\" style=\"font-size:18px\">\u201eAll That Jazz\u201c ist eine bereits 2001 gegr\u00fcndete Band aus dem Raum Bad Kreuznach, welche sich seit je her f\u00fcr den traditionellen \u201eNew Orleans- und Dixiland-Jazz\u201c interessiert hatte, damit bis heute erfolgreich ist und sein Publikum begeistert. Zusammen mit dem Bandleader Toni Krebs ist schon vor Jahren die Idee entstanden, die stimmungsvolle Zeit des Jahres, welche dem Weihnachtsfest vorausgeht, zu nutzen, um bekannter vorweihnachtliche Musik durch den besonderen Stil des New Orleans \u2013Jazz einen au\u00dfergew\u00f6hnlichen Glanz zu verleihen. Aus dieser Idee ist eine beachtliche Serie an vorweihnachtlichen Konzerten entstanden, die allesamt in Kirchh\u00e4usern aufgef\u00fchrt wurden \u2013 in diesem Jahr in der kath. Kirche St. Andreas in Klein-Winternheim.<\/p>\n\n\n\n<p class=\"wp-block-paragraph\" style=\"font-size:18px\">Zur Vorweihnachtszeit passende St\u00fccke wie \u201eWhite Christmas\u201c und \u201eSanta Claus\u201c ert\u00f6nen ebenso, wie die stimmungsvollen Titel \u201eAmazing Grace\u201c, \u201eOh holy night\u201c und \u201eWhat a wonderfull world\u201c. Bekannte Gospel-Songs runden das Programm ab, wobei nat\u00fcrlich weder der Weihnachtsmann noch das Rentier mit der roten Nase fehlen d\u00fcrfen.<\/p>\n\n\n\n<p class=\"wp-block-paragraph\" style=\"font-size:18px\">\u201eAll That Jazz\u201c beschr\u00e4nken sich jedoch nicht nur auf die \u00fcblichen Jazz -Standards, sondern bieten ein unterhaltsames und abwechslungsreiches Programm aus vielen Musikepochen einschlie\u00dflich Blues und Swing. Speziell f\u00fcr dieses Konzert haben sie bekannte Musikst\u00fccke arrangiert, um die Besucher auf die Weihnachtszeit einzustimmen.<\/p>\n\n\n\n<p class=\"wp-block-paragraph\"><\/p>\n","protected":false},"excerpt":{"rendered":"<p>&#8222;New Orleans Christmas&#8220; mit &#8222;All That Jazz&#8220; New Orleans Christmas \u2013 vorweihnachtliches Konzert mit der Band \u201eAll That Jazz\u201c 30.11.2024, 19.30h, katholische Pfarrkirche St. Andreas, Klein-Winternheim Eintritt frei &#8211; Spenden [&hellip;]<\/p>\n","protected":false},"author":1,"featured_media":0,"parent":0,"menu_order":0,"comment_status":"closed","ping_status":"closed","template":"","meta":{"_crdt_document":"","footnotes":""},"class_list":["post-1726","page","type-page","status-publish","hentry","wpbf-post"],"_links":{"self":[{"href":"https:\/\/kiwi-kulturinitiative.de\/index.html\/wp-json\/wp\/v2\/pages\/1726","targetHints":{"allow":["GET"]}}],"collection":[{"href":"https:\/\/kiwi-kulturinitiative.de\/index.html\/wp-json\/wp\/v2\/pages"}],"about":[{"href":"https:\/\/kiwi-kulturinitiative.de\/index.html\/wp-json\/wp\/v2\/types\/page"}],"author":[{"embeddable":true,"href":"https:\/\/kiwi-kulturinitiative.de\/index.html\/wp-json\/wp\/v2\/users\/1"}],"replies":[{"embeddable":true,"href":"https:\/\/kiwi-kulturinitiative.de\/index.html\/wp-json\/wp\/v2\/comments?post=1726"}],"version-history":[{"count":9,"href":"https:\/\/kiwi-kulturinitiative.de\/index.html\/wp-json\/wp\/v2\/pages\/1726\/revisions"}],"predecessor-version":[{"id":1948,"href":"https:\/\/kiwi-kulturinitiative.de\/index.html\/wp-json\/wp\/v2\/pages\/1726\/revisions\/1948"}],"wp:attachment":[{"href":"https:\/\/kiwi-kulturinitiative.de\/index.html\/wp-json\/wp\/v2\/media?parent=1726"}],"curies":[{"name":"wp","href":"https:\/\/api.w.org\/{rel}","templated":true}]}}