{"id":1695,"date":"2024-05-30T19:25:19","date_gmt":"2024-05-30T19:25:19","guid":{"rendered":"https:\/\/kiwi-kulturinitiative.de\/index.html\/?page_id=1695"},"modified":"2025-11-10T15:08:19","modified_gmt":"2025-11-10T15:08:19","slug":"kiwi-sponsoren","status":"publish","type":"page","link":"https:\/\/kiwi-kulturinitiative.de\/index.html\/kiwi-sponsoren\/","title":{"rendered":"KiWi-Sponsoren"},"content":{"rendered":"\n<p class=\"wp-block-paragraph\" style=\"font-size:32px\"><strong>KiWi-Sponsoren<\/strong><\/p>\n\n\n\n<p class=\"wp-block-paragraph\" style=\"font-size:16px\">Die Erstellung unserer Programm-Flyer, Eintrittskarten, Plakate, u.\u00e4. werden von vielen Firmen gesponsert, wof\u00fcr wir uns herzlich bedanken!<\/p>\n\n\n\n<p class=\"has-large-font-size wp-block-paragraph\"><strong>Folgende Firmen unterst\u00fctzen uns im aktuellen Kalenderjahr:<\/strong><\/p>\n\n\n\n<p class=\"wp-block-paragraph\" style=\"font-size:16px\"><strong>H\u00f6rsysteme J\u00f6rg Rempe, Mainz, Ingelheim, Nieder-Olm (Hauptsponsor) &#8211; <a href=\"https:\/\/www.rempe.de\/\">www.rempe.de<\/a><\/strong><br><strong><br>Maler-Fachbetrieb Reichardt GmbH, Saulheim &#8211; <a href=\"https:\/\/reichhardt-gmbh.de\/\">www.reichardt-gmbh.de<\/a><\/strong><br><strong><br>Andreas-Apotheke Klein-Winternheim &#8211; <a href=\"https:\/\/www.andreas-apo-klein-winternheim.de\/\">www.andreasapotheke.com<\/a><\/strong><br><strong><br>Weingut V.Eckert, Klein-Winternheim &#8211; <a href=\"https:\/\/weingut-eckert.de\/\">www.weingut-eckert.de<\/a><\/strong><br><strong><br>KFZ-Kargel, Klein-Winternheim &#8211;<a href=\"https:\/\/fahrzeugtechnik-kargel.de\/\">www.fahrzeugtechnik-kargel.de<\/a><\/strong><br><strong><br>Volksbank Darmstadt-Mainz &#8211; <a href=\"https:\/\/www.volksbanking.de\/privatkunden.html\">www.volksbanking.de\/privatkunden.html<\/a><\/strong><br><br><strong>RANFT Markisen &#8211; Fenster &#8211; Roll\u00e4den &#8211;<\/strong> <a href=\"https:\/\/www.ranft.de\/\"><strong>https:\/\/www.ranft.de\/<\/strong><\/a><\/p>\n\n\n\n<p class=\"wp-block-paragraph\" style=\"font-size:16px\"><strong>Tierarztpraxis Klein-Winternheim<\/strong> <strong>&#8211;<\/strong> <a href=\"https:\/\/www.tierarzt-klein-winternheim.de\/\"><strong>www.tierarzt-klein-winternheim.de<\/strong><br><\/a><strong><br><br><\/strong><br><strong>Weitere Sponsoren sind herzlich willkommen<\/strong>!<br>Ihr Interesse teilen Sie uns bitte mit an:<a href=\"https:\/\/kiwi-kulturinitiative.de\/index.html\/kontakt\/\"><strong>info@kiwi-klein-winternheim.de.<\/strong><\/a><br>Wir senden Ihnen gerne ein Angebot.<\/p>\n\n\n\n<p class=\"wp-block-paragraph\"><\/p>\n","protected":false},"excerpt":{"rendered":"<p>KiWi-Sponsoren Die Erstellung unserer Programm-Flyer, Eintrittskarten, Plakate, u.\u00e4. werden von vielen Firmen gesponsert, wof\u00fcr wir uns herzlich bedanken! Folgende Firmen unterst\u00fctzen uns im aktuellen Kalenderjahr: H\u00f6rsysteme J\u00f6rg Rempe, Mainz, Ingelheim, [&hellip;]<\/p>\n","protected":false},"author":1,"featured_media":0,"parent":0,"menu_order":0,"comment_status":"closed","ping_status":"closed","template":"","meta":{"_crdt_document":"","footnotes":""},"class_list":["post-1695","page","type-page","status-publish","hentry","wpbf-post"],"_links":{"self":[{"href":"https:\/\/kiwi-kulturinitiative.de\/index.html\/wp-json\/wp\/v2\/pages\/1695","targetHints":{"allow":["GET"]}}],"collection":[{"href":"https:\/\/kiwi-kulturinitiative.de\/index.html\/wp-json\/wp\/v2\/pages"}],"about":[{"href":"https:\/\/kiwi-kulturinitiative.de\/index.html\/wp-json\/wp\/v2\/types\/page"}],"author":[{"embeddable":true,"href":"https:\/\/kiwi-kulturinitiative.de\/index.html\/wp-json\/wp\/v2\/users\/1"}],"replies":[{"embeddable":true,"href":"https:\/\/kiwi-kulturinitiative.de\/index.html\/wp-json\/wp\/v2\/comments?post=1695"}],"version-history":[{"count":7,"href":"https:\/\/kiwi-kulturinitiative.de\/index.html\/wp-json\/wp\/v2\/pages\/1695\/revisions"}],"predecessor-version":[{"id":2538,"href":"https:\/\/kiwi-kulturinitiative.de\/index.html\/wp-json\/wp\/v2\/pages\/1695\/revisions\/2538"}],"wp:attachment":[{"href":"https:\/\/kiwi-kulturinitiative.de\/index.html\/wp-json\/wp\/v2\/media?parent=1695"}],"curies":[{"name":"wp","href":"https:\/\/api.w.org\/{rel}","templated":true}]}}