{"id":1666,"date":"2024-03-25T08:44:37","date_gmt":"2024-03-25T08:44:37","guid":{"rendered":"https:\/\/kiwi-kulturinitiative.de\/index.html\/?page_id=1666"},"modified":"2026-02-24T20:25:36","modified_gmt":"2026-02-24T20:25:36","slug":"katzen-vocal-swing-trio","status":"publish","type":"page","link":"https:\/\/kiwi-kulturinitiative.de\/index.html\/katzen-vocal-swing-trio\/","title":{"rendered":"Die Katzen &#8211; Vocal-Swing-Trio"},"content":{"rendered":"\n<p class=\"wp-block-paragraph\" style=\"font-size:32px\"><strong>&#8222;Die Katzen&#8220; Vocal-Swing-Trio<\/strong><\/p>\n\n\n\n<p class=\"has-large-font-size wp-block-paragraph\"><strong>Rathaus Klein-Winternheim, Hauptstr. 6<\/strong><br><strong><br>Samstag, 15. M\u00e4rz 2025, 19:30 h<\/strong>&nbsp;\u2013 Einlass 19:00 h<\/p>\n\n\n\n<p class=\"has-large-font-size wp-block-paragraph\"><strong>Vorverkauf 16,00 \u20ac,&nbsp;Abendkasse&nbsp;18,00 \u20ac<\/strong><\/p>\n\n\n\n<div class=\"wp-block-buttons is-layout-flex wp-block-buttons-is-layout-flex\">\n<div class=\"wp-block-button has-custom-font-size has-medium-font-size\"><a class=\"wp-block-button__link has-text-color has-background has-link-color wp-element-button\" href=\"https:\/\/kiwi-kulturinitiative.de\/index.html\/tickets\/\" style=\"color:#f9ee6f;background-color:#4f0c7b\"><strong>Ticket<\/strong>s<\/a><\/div>\n<\/div>\n\n\n\n<p class=\"wp-block-paragraph\"><strong>KATZEN SIND GEHEIMNISVOLL, ELEGANT, EIGENST\u00c4NDIG UND SIE LANDEN IMMER AUF IHREN PFOTEN<\/strong><\/p>\n\n\n\n<p class=\"wp-block-paragraph\" style=\"font-size:18px\">Die Wege der drei ausgebildeten S\u00e4ngerinnen Anja Kintscher, Claudia Seng und Sarah Schurig kreuzten sich w\u00e4hrend ihres Studiums an der Hochschule f\u00fcr Musik in Mainz und schlossen sich 2021 zu DIE KATZEN zusammen \u2013 ein Vocal-Swing-Trio, inspiriert von renommierten Frauentrios wie den ANDREW SISTERS.<br>Ihr Repertoire erh\u00e4lt durch eigens verfasste Arrangements einen einzigartig schwungvollen Pfoten-Abdruck. Das Swing-Trio haucht bekannten Jazz-Standards, aktuellen Popsongs, sowie Retroschlagern und beliebten Chanson-Melodien mit seinem ganz eigenen KATZEN-Sound neues Leben ein. Begleitet werden sie stets von Katern an den Instrumenten, Jens Machenthun an der Gitarre und Sebastian Meyer am Kontrabass.<br>Die mitrei\u00dfenden Gesangseinlagen der drei Powerfrauen, ihre charmanten Moderationen, synchronisierten Tanzchoreographien und die l\u00e4ssig-eleganten Vintage-Outfits machen jeden Auftritt der KATZEN zu einem einzigartigen Show-Erlebnis.<\/p>\n\n\n\n<figure class=\"wp-block-image size-large\"><img loading=\"lazy\" decoding=\"async\" width=\"1024\" height=\"682\" src=\"https:\/\/kiwi-kulturinitiative.de\/wp-content\/uploads\/2024\/03\/Katzen-Vocal-Swing-Trio-1024x682.jpg\" alt=\"\" class=\"wp-image-1663\" srcset=\"https:\/\/kiwi-kulturinitiative.de\/wp-content\/uploads\/2024\/03\/Katzen-Vocal-Swing-Trio-1024x682.jpg 1024w, https:\/\/kiwi-kulturinitiative.de\/wp-content\/uploads\/2024\/03\/Katzen-Vocal-Swing-Trio-300x200.jpg 300w, https:\/\/kiwi-kulturinitiative.de\/wp-content\/uploads\/2024\/03\/Katzen-Vocal-Swing-Trio-768x512.jpg 768w, https:\/\/kiwi-kulturinitiative.de\/wp-content\/uploads\/2024\/03\/Katzen-Vocal-Swing-Trio.jpg 1232w\" sizes=\"auto, (max-width: 1024px) 100vw, 1024px\" \/><\/figure>\n\n\n\n<p class=\"wp-block-paragraph\" style=\"font-size:18px\"><a href=\"https:\/\/www.diekatzen-music.de\">https:\/\/www.diekatzen-music.de<\/a><\/p>\n\n\n\n<p class=\"wp-block-paragraph\" style=\"font-size:18px\"><\/p>\n\n\n\n<p class=\"wp-block-paragraph\"><\/p>\n","protected":false},"excerpt":{"rendered":"<p>&#8222;Die Katzen&#8220; Vocal-Swing-Trio Rathaus Klein-Winternheim, Hauptstr. 6Samstag, 15. M\u00e4rz 2025, 19:30 h&nbsp;\u2013 Einlass 19:00 h Vorverkauf 16,00 \u20ac,&nbsp;Abendkasse&nbsp;18,00 \u20ac KATZEN SIND GEHEIMNISVOLL, ELEGANT, EIGENST\u00c4NDIG UND SIE LANDEN IMMER AUF IHREN [&hellip;]<\/p>\n","protected":false},"author":1,"featured_media":0,"parent":0,"menu_order":0,"comment_status":"closed","ping_status":"closed","template":"","meta":{"_crdt_document":"","footnotes":""},"class_list":["post-1666","page","type-page","status-publish","hentry","wpbf-post"],"_links":{"self":[{"href":"https:\/\/kiwi-kulturinitiative.de\/index.html\/wp-json\/wp\/v2\/pages\/1666","targetHints":{"allow":["GET"]}}],"collection":[{"href":"https:\/\/kiwi-kulturinitiative.de\/index.html\/wp-json\/wp\/v2\/pages"}],"about":[{"href":"https:\/\/kiwi-kulturinitiative.de\/index.html\/wp-json\/wp\/v2\/types\/page"}],"author":[{"embeddable":true,"href":"https:\/\/kiwi-kulturinitiative.de\/index.html\/wp-json\/wp\/v2\/users\/1"}],"replies":[{"embeddable":true,"href":"https:\/\/kiwi-kulturinitiative.de\/index.html\/wp-json\/wp\/v2\/comments?post=1666"}],"version-history":[{"count":19,"href":"https:\/\/kiwi-kulturinitiative.de\/index.html\/wp-json\/wp\/v2\/pages\/1666\/revisions"}],"predecessor-version":[{"id":2159,"href":"https:\/\/kiwi-kulturinitiative.de\/index.html\/wp-json\/wp\/v2\/pages\/1666\/revisions\/2159"}],"wp:attachment":[{"href":"https:\/\/kiwi-kulturinitiative.de\/index.html\/wp-json\/wp\/v2\/media?parent=1666"}],"curies":[{"name":"wp","href":"https:\/\/api.w.org\/{rel}","templated":true}]}}