{"id":1621,"date":"2024-02-16T17:30:30","date_gmt":"2024-02-16T17:30:30","guid":{"rendered":"https:\/\/kiwi-kulturinitiative.de\/index.html\/?page_id=1621"},"modified":"2024-10-18T22:20:47","modified_gmt":"2024-10-18T22:20:47","slug":"boogie-woogie-christoph-oeser","status":"publish","type":"page","link":"https:\/\/kiwi-kulturinitiative.de\/index.html\/boogie-woogie-christoph-oeser\/","title":{"rendered":"Boogie-Woogie-Night"},"content":{"rendered":"\n<p class=\"has-larger-font-size wp-block-paragraph\"><strong>Boogie-Woogie-Night<br>mit Christoph Oeser &amp; Friends<\/strong><\/p>\n\n\n\n<p class=\"wp-block-paragraph\" style=\"font-size:20px\"><strong>Rathaus Klein-Winternheim, Hauptstr. 6<\/strong><br><strong><br>Samstag, 16. November, 19:30 h<\/strong>  &#8211; Einlass 19:00 h<br><br><strong>Vorverkauf 16,00 \u20ac,&nbsp;Abendkasse&nbsp;18,00 \u20ac<\/strong><\/p>\n\n\n\n<div class=\"wp-block-buttons is-layout-flex wp-block-buttons-is-layout-flex\">\n<div class=\"wp-block-button has-custom-font-size has-medium-font-size\"><a class=\"wp-block-button__link has-text-color has-background has-link-color wp-element-button\" href=\"https:\/\/kiwi-kulturinitiative.de\/index.html\/tickets\/\" style=\"color:#f9ee6f;background-color:#4f0c7b\"><strong>Tickets<\/strong><\/a><\/div>\n<\/div>\n\n\n\n<figure class=\"wp-block-image size-large is-resized\"><img loading=\"lazy\" decoding=\"async\" width=\"683\" height=\"1024\" src=\"https:\/\/kiwi-kulturinitiative.de\/wp-content\/uploads\/2024\/02\/Christoph-Oeser-1-683x1024.jpg\" alt=\"\" class=\"wp-image-1624\" style=\"width:550px;height:auto\" srcset=\"https:\/\/kiwi-kulturinitiative.de\/wp-content\/uploads\/2024\/02\/Christoph-Oeser-1-683x1024.jpg 683w, https:\/\/kiwi-kulturinitiative.de\/wp-content\/uploads\/2024\/02\/Christoph-Oeser-1-200x300.jpg 200w, https:\/\/kiwi-kulturinitiative.de\/wp-content\/uploads\/2024\/02\/Christoph-Oeser-1-768x1152.jpg 768w, https:\/\/kiwi-kulturinitiative.de\/wp-content\/uploads\/2024\/02\/Christoph-Oeser-1-1024x1536.jpg 1024w, https:\/\/kiwi-kulturinitiative.de\/wp-content\/uploads\/2024\/02\/Christoph-Oeser-1-1365x2048.jpg 1365w, https:\/\/kiwi-kulturinitiative.de\/wp-content\/uploads\/2024\/02\/Christoph-Oeser-1-scaled.jpg 1707w\" sizes=\"auto, (max-width: 683px) 100vw, 683px\" \/><\/figure>\n\n\n\n<p class=\"wp-block-paragraph\" style=\"font-size:18px\">Christoph Oeser geh\u00f6rt zweifelsohne zu den \u201eUrgesteinen\u201c des Boogie-Woogie in Deutschland und hat entscheidend dazu beigetragen, dieser Musik hierzulande wieder eine gewisse Popularit\u00e4t zu verschaffen. Oser lernte bereits als Kind Klavier und hat sich dann ab seinem 16. Lebensjahr autodidaktisch mit Blues und Boogie-Woogie besch\u00e4ftigt. Schon 1975 gr\u00fcndete er seine erste Band, die im Grenzbereich zwischen Jazzrock und Blues unterwegs war.<br>Nach einem \u201eAusflug\u201c in den hessischen Mundartblues, wo er 1981 den \u201ePreis der Deutschen Schallplattenkritik\u201c erhielt, schloss sich Oeser dann der bekannten \u201eFrankfurt City Blues Band\u201c an und tourte international. In diese Zeit fallen auch seine Konzerte mit Bluesgr\u00f6\u00dfen wie Champion Jack Dupree und Alan Skidmore.<br>Weitere Erfahrung als Boogie-Woogie- und Blues -Pianist konnte er w\u00e4hrend seiner Zeit in zwei bedeutsamen regionalen Bands erlangen, der \u201eBarrelhouse Jazzband\u201c und der \u201eMatchbox Bluesband\u201c. International wurde Christoph Oeser weiterhin bekannt durch seine Auftritte mit Little Willie Littlefield und Maxine Howard.<br>1989 stieg Oeser dann als Nachfolger des deutschen Boogie-Woogie-Pioniers Leopold von Knobelsdorf in die bereits gut positionierte und bekannte \u201eBoogie-Woogie-Company\u201c ein, mit der er unz\u00e4hlige Auftritte in Deutschland und im europ\u00e4ischen Ausland spielte. Daneben hat Christoph Oeser auch weiterhin viele Solo-Konzerte gegeben oder Auftritte mit seinem Trio bestritten, zusammen mit Bernd Kohn (Schlagzeug) und Wolfgang M\u00f6rike (Bass).<br>Seine Diskographie als Boogie-Woogie-Pianist kann sich sehen lassen: seit seinen Anf\u00e4ngen hat er ein gutes Dutzend Platten ver\u00f6ffentlicht, als Solist, im Trio und mit verschiedenen Bands, insbesondere mit der Boogie-Woogie-Company, der er nun schon rd. 35 Jahre angeh\u00f6rt.<br>Christoph Oeser ist ein begnadeter Klaviervirtuose und geh\u00f6rt zur Spitze der europ\u00e4ischen Boogie-Woogie-Szene. <br>Als Vertreter des klassischen \u201eNew-Orleans-Boogie\u201c schafft er es immer wieder, dass mit dieser lebensfrohen und\u00a0 rhythmischen\u00a0 Musik der Funke \u00a0schnell zum Publikum \u00fcberspringt. <br>In der Formation \u201eChristoph Oeser &amp; Friends\u201c tritt er zusammen mit Georg Viel (Schlagzeug) und Doris Assenheimer (Tenorsaxophon) auf.<\/p>\n\n\n\n<p class=\"wp-block-paragraph\"><\/p>\n","protected":false},"excerpt":{"rendered":"<p>Boogie-Woogie-Nightmit Christoph Oeser &amp; Friends Rathaus Klein-Winternheim, Hauptstr. 6Samstag, 16. November, 19:30 h &#8211; Einlass 19:00 h Vorverkauf 16,00 \u20ac,&nbsp;Abendkasse&nbsp;18,00 \u20ac Christoph Oeser geh\u00f6rt zweifelsohne zu den \u201eUrgesteinen\u201c des Boogie-Woogie [&hellip;]<\/p>\n","protected":false},"author":1,"featured_media":0,"parent":0,"menu_order":0,"comment_status":"closed","ping_status":"closed","template":"","meta":{"_crdt_document":"","footnotes":""},"class_list":["post-1621","page","type-page","status-publish","hentry","wpbf-post"],"_links":{"self":[{"href":"https:\/\/kiwi-kulturinitiative.de\/index.html\/wp-json\/wp\/v2\/pages\/1621","targetHints":{"allow":["GET"]}}],"collection":[{"href":"https:\/\/kiwi-kulturinitiative.de\/index.html\/wp-json\/wp\/v2\/pages"}],"about":[{"href":"https:\/\/kiwi-kulturinitiative.de\/index.html\/wp-json\/wp\/v2\/types\/page"}],"author":[{"embeddable":true,"href":"https:\/\/kiwi-kulturinitiative.de\/index.html\/wp-json\/wp\/v2\/users\/1"}],"replies":[{"embeddable":true,"href":"https:\/\/kiwi-kulturinitiative.de\/index.html\/wp-json\/wp\/v2\/comments?post=1621"}],"version-history":[{"count":8,"href":"https:\/\/kiwi-kulturinitiative.de\/index.html\/wp-json\/wp\/v2\/pages\/1621\/revisions"}],"predecessor-version":[{"id":1950,"href":"https:\/\/kiwi-kulturinitiative.de\/index.html\/wp-json\/wp\/v2\/pages\/1621\/revisions\/1950"}],"wp:attachment":[{"href":"https:\/\/kiwi-kulturinitiative.de\/index.html\/wp-json\/wp\/v2\/media?parent=1621"}],"curies":[{"name":"wp","href":"https:\/\/api.w.org\/{rel}","templated":true}]}}