{"id":1508,"date":"2024-01-25T13:46:15","date_gmt":"2024-01-25T13:46:15","guid":{"rendered":"https:\/\/kiwi-kulturinitiative.de\/index.html\/?page_id=1508"},"modified":"2025-07-02T13:08:06","modified_gmt":"2025-07-02T13:08:06","slug":"klassik-im-rathaus-gruppe-der-12-2024","status":"publish","type":"page","link":"https:\/\/kiwi-kulturinitiative.de\/index.html\/klassik-im-rathaus-gruppe-der-12-2024\/","title":{"rendered":"Klassik im Rathaus &#8211; Gruppe der 12"},"content":{"rendered":"\n<p class=\"has-text-color has-larger-font-size wp-block-paragraph\" style=\"color:#4f0c7b\"><strong>Klassik im Rathaus<\/strong><br><strong>mit<\/strong> <strong>&#8222;Gruppe der 12&#8220;<\/strong><\/p>\n\n\n\n<p class=\"wp-block-paragraph\" style=\"font-size:19px\"><strong>des Peter-Cornelius-Konservatoriums der Stadt Mainz<\/strong><\/p>\n\n\n\n<p class=\"wp-block-paragraph\" style=\"font-size:19px\">i<strong>m Rathaus Klein-Winternheim, Hauptstr. 6<\/strong><br><br><strong><strong>Sonntag, 14. September, 17:00 h<\/strong>\u2003<strong>\u2013 Eintritt frei<\/strong> <\/strong> &#8211; Einlass ab 16:30 h<br>\u2003<br><strong>Eintritt frei<\/strong>, <strong>Spenden f\u00fcr die Sch\u00fcler-Gruppe erw\u00fcnscht<\/strong><\/p>\n\n\n\n<figure class=\"wp-block-image size-large is-resized\"><img loading=\"lazy\" decoding=\"async\" width=\"1024\" height=\"696\" src=\"https:\/\/kiwi-kulturinitiative.de\/wp-content\/uploads\/2025\/03\/Gruppe-der-12-1024x696.jpg\" alt=\"\" class=\"wp-image-2231\" style=\"width:597px;height:auto\" srcset=\"https:\/\/kiwi-kulturinitiative.de\/wp-content\/uploads\/2025\/03\/Gruppe-der-12-1024x696.jpg 1024w, https:\/\/kiwi-kulturinitiative.de\/wp-content\/uploads\/2025\/03\/Gruppe-der-12-300x204.jpg 300w, https:\/\/kiwi-kulturinitiative.de\/wp-content\/uploads\/2025\/03\/Gruppe-der-12-768x522.jpg 768w, https:\/\/kiwi-kulturinitiative.de\/wp-content\/uploads\/2025\/03\/Gruppe-der-12-1536x1044.jpg 1536w, https:\/\/kiwi-kulturinitiative.de\/wp-content\/uploads\/2025\/03\/Gruppe-der-12.jpg 1649w\" sizes=\"auto, (max-width: 1024px) 100vw, 1024px\" \/><\/figure>\n\n\n\n<p class=\"wp-block-paragraph\">Ein abwechslungsreiches Programm erwartet das Publikum am Sonntag, den 14.09. im Kammermusikkonzert der Gruppe der 12. Die jungen Musiker*innen pr\u00e4sentieren sich mit Werken von Barock bis Jazz und lassen mit ihren au\u00dfergew\u00f6hnlichen Leistungen aufhorchen. Den Rahmen des Konzertprogrammes bilden zwei Auff\u00fchrungen des Komponisten Manuel Hilleke, die eigens f\u00fcr die Gruppe komponiert wurden und ein gelungenes Crossover aus Klassik, Filmmusik und Jazz bieten. Kommen Sie vorbei und genie\u00dfen Sie einen Nachmittag mit wunderbaren Kl\u00e4ngen. Der Eintritt ist frei.<\/p>\n\n\n\n<p class=\"wp-block-paragraph\"><\/p>\n","protected":false},"excerpt":{"rendered":"<p>Klassik im Rathausmit &#8222;Gruppe der 12&#8220; des Peter-Cornelius-Konservatoriums der Stadt Mainz im Rathaus Klein-Winternheim, Hauptstr. 6 Sonntag, 14. September, 17:00 h\u2003\u2013 Eintritt frei &#8211; Einlass ab 16:30 h\u2003Eintritt frei, Spenden [&hellip;]<\/p>\n","protected":false},"author":1,"featured_media":0,"parent":0,"menu_order":0,"comment_status":"closed","ping_status":"closed","template":"","meta":{"_crdt_document":"","footnotes":""},"class_list":["post-1508","page","type-page","status-publish","hentry","wpbf-post"],"_links":{"self":[{"href":"https:\/\/kiwi-kulturinitiative.de\/index.html\/wp-json\/wp\/v2\/pages\/1508","targetHints":{"allow":["GET"]}}],"collection":[{"href":"https:\/\/kiwi-kulturinitiative.de\/index.html\/wp-json\/wp\/v2\/pages"}],"about":[{"href":"https:\/\/kiwi-kulturinitiative.de\/index.html\/wp-json\/wp\/v2\/types\/page"}],"author":[{"embeddable":true,"href":"https:\/\/kiwi-kulturinitiative.de\/index.html\/wp-json\/wp\/v2\/users\/1"}],"replies":[{"embeddable":true,"href":"https:\/\/kiwi-kulturinitiative.de\/index.html\/wp-json\/wp\/v2\/comments?post=1508"}],"version-history":[{"count":13,"href":"https:\/\/kiwi-kulturinitiative.de\/index.html\/wp-json\/wp\/v2\/pages\/1508\/revisions"}],"predecessor-version":[{"id":2427,"href":"https:\/\/kiwi-kulturinitiative.de\/index.html\/wp-json\/wp\/v2\/pages\/1508\/revisions\/2427"}],"wp:attachment":[{"href":"https:\/\/kiwi-kulturinitiative.de\/index.html\/wp-json\/wp\/v2\/media?parent=1508"}],"curies":[{"name":"wp","href":"https:\/\/api.w.org\/{rel}","templated":true}]}}