{"id":1464,"date":"2024-01-24T15:45:54","date_gmt":"2024-01-24T15:45:54","guid":{"rendered":"https:\/\/kiwi-kulturinitiative.de\/index.html\/?page_id=1464"},"modified":"2024-01-24T16:54:27","modified_gmt":"2024-01-24T16:54:27","slug":"anju-und-die-argonauten","status":"publish","type":"page","link":"https:\/\/kiwi-kulturinitiative.de\/index.html\/anju-und-die-argonauten\/","title":{"rendered":"Anju &amp; die Argonauten"},"content":{"rendered":"\n<p class=\"has-larger-font-size wp-block-paragraph\"><strong>Anju &amp; die Argonauten<\/strong><\/p>\n\n\n\n<p class=\"wp-block-paragraph\"><strong>Vorgruppe<\/strong> <strong>beim<\/strong> <strong>Konzert von &#8222;Southbound Train&#8220; im Hof von Anette Fleck und Willi Raab<\/strong><br><strong>Waldstr. 2, 55270 Klein Winternheim<\/strong><br><br><strong>Freitag, 3. Mai 18:15 h<\/strong>\u2003(Einlass ab 17:45 h)<\/p>\n\n\n\n<figure class=\"wp-block-image size-full is-resized\"><img loading=\"lazy\" decoding=\"async\" width=\"927\" height=\"595\" src=\"https:\/\/kiwi-kulturinitiative.de\/wp-content\/uploads\/2024\/01\/Argonauten.jpg\" alt=\"\" class=\"wp-image-1486\" style=\"width:458px;height:auto\" srcset=\"https:\/\/kiwi-kulturinitiative.de\/wp-content\/uploads\/2024\/01\/Argonauten.jpg 927w, https:\/\/kiwi-kulturinitiative.de\/wp-content\/uploads\/2024\/01\/Argonauten-300x193.jpg 300w, https:\/\/kiwi-kulturinitiative.de\/wp-content\/uploads\/2024\/01\/Argonauten-768x493.jpg 768w\" sizes=\"auto, (max-width: 927px) 100vw, 927px\" \/><\/figure>\n\n\n\n<p class=\"wp-block-paragraph\"><strong>Anju und die Argonauten<\/strong>:<br>Ein eklektisches Musikprogramm der letzten Jahrzehnte.<br>Mach dich bereit f\u00fcr eine musikalische Reise, wenn Anjuli und die Argonauten die B\u00fchne betreten. Im Mittelpunkt steht die kraftvolle Stimme der S\u00e4ngerin Anjuli, deren Dynamikumfang und B\u00fchnenpr\u00e4senz sowohl bekannten als auch weniger bekannten Hits eine neue Interpretation verleiht. Von zeitlosen Klassikern bis hin zu bekannten Chart-Hits umfasst das Repertoire Jahrzehnte und stellt sicher, dass f\u00fcr&nbsp;jeden etwas dabei ist. Die Band kann m\u00fchelos zwischen den Genres wechseln und bietet eine Setlist, die Zeit- und Musikgrenzen \u00fcberschreitet.<\/p>\n\n\n\n<p class=\"wp-block-paragraph\">Anjuli Rotter \u2013 Gesang<br>Ingo Kiefer \u2013 Gitarre<br>Marc Venner \u2013 Drums<br>Uwe Untersch\u00fctz \u2013 Bass<\/p>\n\n\n\n<p class=\"wp-block-paragraph\"><\/p>\n\n\n\n<p class=\"wp-block-paragraph\"><\/p>\n\n\n\n<p class=\"wp-block-paragraph\"><\/p>\n","protected":false},"excerpt":{"rendered":"<p>Anju &amp; die Argonauten Vorgruppe beim Konzert von &#8222;Southbound Train&#8220; im Hof von Anette Fleck und Willi RaabWaldstr. 2, 55270 Klein Winternheim Freitag, 3. Mai 18:15 h\u2003(Einlass ab 17:45 h) [&hellip;]<\/p>\n","protected":false},"author":1,"featured_media":0,"parent":0,"menu_order":0,"comment_status":"closed","ping_status":"closed","template":"","meta":{"_crdt_document":"","footnotes":""},"class_list":["post-1464","page","type-page","status-publish","hentry","wpbf-post"],"_links":{"self":[{"href":"https:\/\/kiwi-kulturinitiative.de\/index.html\/wp-json\/wp\/v2\/pages\/1464","targetHints":{"allow":["GET"]}}],"collection":[{"href":"https:\/\/kiwi-kulturinitiative.de\/index.html\/wp-json\/wp\/v2\/pages"}],"about":[{"href":"https:\/\/kiwi-kulturinitiative.de\/index.html\/wp-json\/wp\/v2\/types\/page"}],"author":[{"embeddable":true,"href":"https:\/\/kiwi-kulturinitiative.de\/index.html\/wp-json\/wp\/v2\/users\/1"}],"replies":[{"embeddable":true,"href":"https:\/\/kiwi-kulturinitiative.de\/index.html\/wp-json\/wp\/v2\/comments?post=1464"}],"version-history":[{"count":9,"href":"https:\/\/kiwi-kulturinitiative.de\/index.html\/wp-json\/wp\/v2\/pages\/1464\/revisions"}],"predecessor-version":[{"id":1487,"href":"https:\/\/kiwi-kulturinitiative.de\/index.html\/wp-json\/wp\/v2\/pages\/1464\/revisions\/1487"}],"wp:attachment":[{"href":"https:\/\/kiwi-kulturinitiative.de\/index.html\/wp-json\/wp\/v2\/media?parent=1464"}],"curies":[{"name":"wp","href":"https:\/\/api.w.org\/{rel}","templated":true}]}}