{"id":1435,"date":"2024-01-24T11:06:37","date_gmt":"2024-01-24T11:06:37","guid":{"rendered":"https:\/\/kiwi-kulturinitiative.de\/index.html\/?page_id=1435"},"modified":"2024-06-29T11:53:02","modified_gmt":"2024-06-29T11:53:02","slug":"eco-latino-kerb-im-ritz","status":"publish","type":"page","link":"https:\/\/kiwi-kulturinitiative.de\/index.html\/eco-latino-kerb-im-ritz\/","title":{"rendered":"Kerb im Ritz mit Eco Latino"},"content":{"rendered":"\n<p class=\"has-larger-font-size wp-block-paragraph\">&#8222;<strong>Kerb im Ritz&#8220; mit Eco Latino<\/strong><\/p>\n\n\n\n<p class=\"wp-block-paragraph\" style=\"font-size:19px\"><strong>Sonntag, 29. September, 17:00 h<\/strong>\u2003(Einlass ab 16:30 h)<br><strong>Haus Ritzinger, <br>Hauptstrasse 34, Klein-Winternheim<br><br>Vorverkauf 6,00 \u20ac\u2002\/ Tageskasse 8,00 \u20ac<\/strong><\/p>\n\n\n\n<div class=\"wp-block-buttons is-layout-flex wp-block-buttons-is-layout-flex\">\n<div class=\"wp-block-button has-custom-font-size\" style=\"font-size:19px\"><a class=\"wp-block-button__link has-text-color has-background has-link-color wp-element-button\" href=\"https:\/\/kiwi-kulturinitiative.de\/index.html\/tickets\/\" style=\"color:#f9ee6f;background-color:#4f0c7b\"><strong>Tickets<\/strong><\/a><\/div>\n<\/div>\n\n\n\n<p class=\"wp-block-paragraph\" style=\"font-size:19px\"><\/p>\n\n\n\n<figure class=\"wp-block-image size-full is-resized\"><img loading=\"lazy\" decoding=\"async\" width=\"800\" height=\"600\" src=\"https:\/\/kiwi-kulturinitiative.de\/wp-content\/uploads\/2024\/06\/Eco_Latina.jpg\" alt=\"\" class=\"wp-image-1744\" style=\"width:461px;height:auto\" srcset=\"https:\/\/kiwi-kulturinitiative.de\/wp-content\/uploads\/2024\/06\/Eco_Latina.jpg 800w, https:\/\/kiwi-kulturinitiative.de\/wp-content\/uploads\/2024\/06\/Eco_Latina-300x225.jpg 300w, https:\/\/kiwi-kulturinitiative.de\/wp-content\/uploads\/2024\/06\/Eco_Latina-768x576.jpg 768w\" sizes=\"auto, (max-width: 800px) 100vw, 800px\" \/><\/figure>\n\n\n\n<p class=\"has-regular-font-size wp-block-paragraph\">Nach dem Pinochet-Putsch gegen Allende vor 50 Jahren fanden einige Chile-Fl\u00fcchtlinge Aufnahme in Mainz und Wiesbaden.<br>Erf\u00fcllt von den Protest-Kl\u00e4ngen aus Chile (z.B. Victor Jara) trugen sie diese Musik nach Deutschland.<br>So entstand die Gruppe ECO LATINO.<br>Bis heute lieben und widmen sie sich der s\u00fcdamerikanischen Folklore, auch mit einer F\u00fclle von eigenen Kompositionen. Ihre Themen sind Solidarit\u00e4t, Frieden, auch Feiern und das Leben der einfachen Leute. <br><br>______________________________________<\/p>\n\n\n\n<p class=\"wp-block-paragraph\"><\/p>\n","protected":false},"excerpt":{"rendered":"<p>&#8222;Kerb im Ritz&#8220; mit Eco Latino Sonntag, 29. September, 17:00 h\u2003(Einlass ab 16:30 h)Haus Ritzinger, Hauptstrasse 34, Klein-Winternheim Vorverkauf 6,00 \u20ac\u2002\/ Tageskasse 8,00 \u20ac Nach dem Pinochet-Putsch gegen Allende vor [&hellip;]<\/p>\n","protected":false},"author":1,"featured_media":0,"parent":0,"menu_order":0,"comment_status":"closed","ping_status":"closed","template":"","meta":{"_crdt_document":"","footnotes":""},"class_list":["post-1435","page","type-page","status-publish","hentry","wpbf-post"],"_links":{"self":[{"href":"https:\/\/kiwi-kulturinitiative.de\/index.html\/wp-json\/wp\/v2\/pages\/1435","targetHints":{"allow":["GET"]}}],"collection":[{"href":"https:\/\/kiwi-kulturinitiative.de\/index.html\/wp-json\/wp\/v2\/pages"}],"about":[{"href":"https:\/\/kiwi-kulturinitiative.de\/index.html\/wp-json\/wp\/v2\/types\/page"}],"author":[{"embeddable":true,"href":"https:\/\/kiwi-kulturinitiative.de\/index.html\/wp-json\/wp\/v2\/users\/1"}],"replies":[{"embeddable":true,"href":"https:\/\/kiwi-kulturinitiative.de\/index.html\/wp-json\/wp\/v2\/comments?post=1435"}],"version-history":[{"count":6,"href":"https:\/\/kiwi-kulturinitiative.de\/index.html\/wp-json\/wp\/v2\/pages\/1435\/revisions"}],"predecessor-version":[{"id":1745,"href":"https:\/\/kiwi-kulturinitiative.de\/index.html\/wp-json\/wp\/v2\/pages\/1435\/revisions\/1745"}],"wp:attachment":[{"href":"https:\/\/kiwi-kulturinitiative.de\/index.html\/wp-json\/wp\/v2\/media?parent=1435"}],"curies":[{"name":"wp","href":"https:\/\/api.w.org\/{rel}","templated":true}]}}