{"id":1418,"date":"2024-01-24T10:20:40","date_gmt":"2024-01-24T10:20:40","guid":{"rendered":"https:\/\/kiwi-kulturinitiative.de\/index.html\/?page_id=1418"},"modified":"2024-05-27T14:19:59","modified_gmt":"2024-05-27T14:19:59","slug":"absinto-orkestra-im-ritz","status":"publish","type":"page","link":"https:\/\/kiwi-kulturinitiative.de\/index.html\/absinto-orkestra-im-ritz\/","title":{"rendered":"Absinto Orkestra im Ritz"},"content":{"rendered":"\n<p class=\"has-larger-font-size wp-block-paragraph\">&#8222;<strong>Fr\u00fchschoppen im Ritz&#8220;<br>mit Absinto Orkestra<\/strong><\/p>\n\n\n\n<p class=\"wp-block-paragraph\" style=\"font-size:19px\"><strong>Fr\u00fchschoppen im Haus Ritzinger &#8211; \u00fcberdachter Au\u00dfenbereich, <\/strong><br><strong>Hauptstr. 34, Klein-Winternheim<\/strong><br><strong><br>Sonntag, 30.Juni 11:30<\/strong> <strong>h<\/strong>\u2002 (Einlass ab 11:00 h)<br><br><strong>Vorverkauf 16,00 \u20ac,&nbsp;Tageskasse&nbsp;18,00 \u20ac<\/strong><\/p>\n\n\n\n<div class=\"wp-block-buttons is-layout-flex wp-block-buttons-is-layout-flex\">\n<div class=\"wp-block-button has-custom-font-size has-medium-font-size\"><a class=\"wp-block-button__link has-text-color has-background has-link-color wp-element-button\" href=\"https:\/\/kiwi-kulturinitiative.de\/index.html\/tickets\/\" style=\"color:#f9ee6f;background-color:#4f0c7b\"><strong>Tickets<\/strong><\/a><\/div>\n<\/div>\n\n\n\n<figure class=\"wp-block-image size-full is-resized\"><img loading=\"lazy\" decoding=\"async\" width=\"2560\" height=\"1746\" src=\"https:\/\/kiwi-kulturinitiative.de\/wp-content\/uploads\/2024\/01\/absinto-orkestra_pressefoto-sebastian-dingler_kreis-scaled.jpg\" alt=\"\" class=\"wp-image-1454\" style=\"width:674px;height:449px\" srcset=\"https:\/\/kiwi-kulturinitiative.de\/wp-content\/uploads\/2024\/01\/absinto-orkestra_pressefoto-sebastian-dingler_kreis-scaled.jpg 2560w, https:\/\/kiwi-kulturinitiative.de\/wp-content\/uploads\/2024\/01\/absinto-orkestra_pressefoto-sebastian-dingler_kreis-300x205.jpg 300w, https:\/\/kiwi-kulturinitiative.de\/wp-content\/uploads\/2024\/01\/absinto-orkestra_pressefoto-sebastian-dingler_kreis-1024x698.jpg 1024w, https:\/\/kiwi-kulturinitiative.de\/wp-content\/uploads\/2024\/01\/absinto-orkestra_pressefoto-sebastian-dingler_kreis-768x524.jpg 768w, https:\/\/kiwi-kulturinitiative.de\/wp-content\/uploads\/2024\/01\/absinto-orkestra_pressefoto-sebastian-dingler_kreis-1536x1047.jpg 1536w, https:\/\/kiwi-kulturinitiative.de\/wp-content\/uploads\/2024\/01\/absinto-orkestra_pressefoto-sebastian-dingler_kreis-2048x1396.jpg 2048w\" sizes=\"auto, (max-width: 2560px) 100vw, 2560px\" \/><\/figure>\n\n\n\n<p class=\"wp-block-paragraph\"><strong>EINE-WELT-MUSIK<\/strong><br>Die f\u00fcnf Absintos geh\u00f6ren weit \u00fcber ihre Rhein-Main-Heimat hinaus zu den Top-Liveacts der Folk- und Weltmusik-Szene. <br>Auf ihren Konzerten reisen sie musikalisch in die Balkan-Metropolen, drehen eine Runde durch den Mittelmeerraum, biegen kurz vor dem Ural ab &#8211; und mischen dabei Eigenes mit Geborgtem.<br>W\u00e4hrend Kontrabass, Gitarre und Mandoline ein furioses Rhythmus-Feuerwerk z\u00fcnden, fahren Saxofon und Geige auf der melodischen Achterbahn. Dazu zelebriert kerniger Gesang Lieder vom Sinti-Traditional bis Tom Waits \u2013 und alles dreht sich um Liebe und Verg\u00e4nglichkeit, Witz und Sehnsucht, Melancholie und Rausch.<br><br>Stefan \u00d6lke: Gitarre, Mandoline, Gesang<br>Johannes Reinig: Violine<br>Francois Heun: Saxofon<br>Pavel Klimashevsky: Kontrabass<br>Joachim Schappert: Gitarre, Gesang<\/p>\n\n\n\n<p class=\"wp-block-paragraph\"><\/p>\n","protected":false},"excerpt":{"rendered":"<p>&#8222;Fr\u00fchschoppen im Ritz&#8220;mit Absinto Orkestra Fr\u00fchschoppen im Haus Ritzinger &#8211; \u00fcberdachter Au\u00dfenbereich, Hauptstr. 34, Klein-WinternheimSonntag, 30.Juni 11:30 h\u2002 (Einlass ab 11:00 h) Vorverkauf 16,00 \u20ac,&nbsp;Tageskasse&nbsp;18,00 \u20ac EINE-WELT-MUSIKDie f\u00fcnf Absintos geh\u00f6ren [&hellip;]<\/p>\n","protected":false},"author":1,"featured_media":0,"parent":0,"menu_order":0,"comment_status":"closed","ping_status":"closed","template":"","meta":{"_crdt_document":"","footnotes":""},"class_list":["post-1418","page","type-page","status-publish","hentry","wpbf-post"],"_links":{"self":[{"href":"https:\/\/kiwi-kulturinitiative.de\/index.html\/wp-json\/wp\/v2\/pages\/1418","targetHints":{"allow":["GET"]}}],"collection":[{"href":"https:\/\/kiwi-kulturinitiative.de\/index.html\/wp-json\/wp\/v2\/pages"}],"about":[{"href":"https:\/\/kiwi-kulturinitiative.de\/index.html\/wp-json\/wp\/v2\/types\/page"}],"author":[{"embeddable":true,"href":"https:\/\/kiwi-kulturinitiative.de\/index.html\/wp-json\/wp\/v2\/users\/1"}],"replies":[{"embeddable":true,"href":"https:\/\/kiwi-kulturinitiative.de\/index.html\/wp-json\/wp\/v2\/comments?post=1418"}],"version-history":[{"count":11,"href":"https:\/\/kiwi-kulturinitiative.de\/index.html\/wp-json\/wp\/v2\/pages\/1418\/revisions"}],"predecessor-version":[{"id":1690,"href":"https:\/\/kiwi-kulturinitiative.de\/index.html\/wp-json\/wp\/v2\/pages\/1418\/revisions\/1690"}],"wp:attachment":[{"href":"https:\/\/kiwi-kulturinitiative.de\/index.html\/wp-json\/wp\/v2\/media?parent=1418"}],"curies":[{"name":"wp","href":"https:\/\/api.w.org\/{rel}","templated":true}]}}