{"id":1364,"date":"2024-01-23T17:28:43","date_gmt":"2024-01-23T17:28:43","guid":{"rendered":"https:\/\/kiwi-kulturinitiative.de\/index.html\/?page_id=1364"},"modified":"2025-08-13T10:35:44","modified_gmt":"2025-08-13T10:35:44","slug":"schinderhannes","status":"publish","type":"page","link":"https:\/\/kiwi-kulturinitiative.de\/index.html\/schinderhannes\/","title":{"rendered":"Schinderhannes &#8211;"},"content":{"rendered":"\n<p class=\"has-larger-font-size wp-block-paragraph\"><strong>Schinderhannes <\/strong><\/p>\n\n\n\n<p class=\"wp-block-paragraph\" style=\"font-size:18px\"><strong>&#8222;SCHINDERHANNES &#8211; Das Alter wird die Krankheit nicht sein, an der ich sterbe&#8220;<\/strong><br><strong>ein Theatersolo mit Christian Klischat<\/strong><\/p>\n\n\n\n<p class=\"wp-block-paragraph\" style=\"font-size:18px\"><strong>in der alten Scheune von Inge &amp; Volker Eckert, <br>Hauptstrasse 37, Klein-Winternheim<\/strong><\/p>\n\n\n\n<p class=\"wp-block-paragraph\" style=\"font-size:18px\"><strong>Sonntag, den 31. August 2025<\/strong><br><strong>17:00 h<\/strong> &#8211; Einlass ab 16:30 h<\/p>\n\n\n\n<p class=\"wp-block-paragraph\" style=\"font-size:18px\"><strong>Vorverkauf 12,00 \u20ac\u2002\/ Tageskasse 14,00 \u20ac<\/strong><\/p>\n\n\n\n<div class=\"wp-block-buttons is-layout-flex wp-block-buttons-is-layout-flex\">\n<div class=\"wp-block-button\"><a class=\"wp-block-button__link has-text-color has-background has-link-color has-custom-font-size wp-element-button\" href=\"https:\/\/kiwi-kulturinitiative.de\/index.html\/tickets\/\" style=\"color:#f9ee6f;background-color:#4f0c7b;font-size:18px\"><strong>Tickets <\/strong><\/a><\/div>\n<\/div>\n\n\n\n<p class=\"wp-block-paragraph\" style=\"font-size:16px\"><strong> <\/strong><\/p>\n\n\n\n<figure class=\"wp-block-image size-large is-resized\"><img loading=\"lazy\" decoding=\"async\" width=\"713\" height=\"1024\" src=\"https:\/\/kiwi-kulturinitiative.de\/wp-content\/uploads\/2024\/01\/Schinderhannes1a-1-713x1024.jpg\" alt=\"\" class=\"wp-image-1379\" style=\"width:645px;height:auto\" srcset=\"https:\/\/kiwi-kulturinitiative.de\/wp-content\/uploads\/2024\/01\/Schinderhannes1a-1-713x1024.jpg 713w, https:\/\/kiwi-kulturinitiative.de\/wp-content\/uploads\/2024\/01\/Schinderhannes1a-1-209x300.jpg 209w, https:\/\/kiwi-kulturinitiative.de\/wp-content\/uploads\/2024\/01\/Schinderhannes1a-1-768x1104.jpg 768w, https:\/\/kiwi-kulturinitiative.de\/wp-content\/uploads\/2024\/01\/Schinderhannes1a-1.jpg 959w\" sizes=\"auto, (max-width: 713px) 100vw, 713px\" \/><\/figure>\n\n\n\n<p class=\"wp-block-paragraph\" style=\"font-size:18px\">Der, den wir da auf fast leerer B\u00fchne sehen, hat eine Verabredung, die er nicht vers\u00e4umen will.<br>Eine Verabredung mit dem sch\u00f6nen Hannes, der als \u201eSchinderhannes\u201c einer der ber\u00fchmtesten R\u00e4uber der deutschen Geschichte wurde.<\/p>\n\n\n\n<p class=\"wp-block-paragraph\" style=\"font-size:18px\">Wer war der Mann, der nach dem Motto \u201eLive fast \u2013 die young\u201c zu leben schien, der mit dem Diebstahl von Hammeln und Pferden begann, in brutaler Weise Stra\u00dfenraub beging und bewohnte H\u00e4user pl\u00fcnderte, Menschen erpresste und ihnen Schutzgeldzahlungen abverlangte, und der sich nicht scheute, Mord und Totschlag zu begehen?<\/p>\n\n\n\n<p class=\"wp-block-paragraph\" style=\"font-size:18px\">Der, den wir da auf fast leerer B\u00fchne sehen, will wissen, auf wen er trifft an diesem 21. November 1803 gegen ein Uhr am Nachmittag vor den Toren der Stadt Mainz: dem Tag der Hinrichtung des sch\u00f6nen Hannes im Kreise von neunzehn seiner Spie\u00dfgesellen.<\/p>\n\n\n\n<p class=\"wp-block-paragraph\" style=\"font-size:18px\">Und so erinnert sich dieser Mann an viele Zeugen, die im Prozess \u2013 oder in seiner Phantasie \u2013 h\u00f6chst gegenteilige Dinge zum Delinquenten zu sagen hatten: an die Mutter und die Geliebte, an den auf den Tod zugerichteten Kaufmann, an den Leibkameraden, an den \u00f6ffentlichen Ankl\u00e4ger, den irre gewordenen Pfarrer, den Metzger voller Bewunderung, an den bettelarmen Jugendfreund oder einen stiernackigen Hehler.<\/p>\n\n\n\n<p class=\"wp-block-paragraph\" style=\"font-size:18px\">Die Aussagen puzzeln sich am Ende, frei von folkloristischer Legendbildung, nicht nur zum Bild einer bewegten Kriegszeit zusammen, sondern lassen auch das Exemplarische eines Lebensweges ahnen zwischen krimineller Energie und der Gunst der Stunde.<\/p>\n\n\n\n<p class=\"wp-block-paragraph\" style=\"font-size:18px\">Buch und Regie: <strong>G\u00d6TZ BRANDT<\/strong> <br>(Redakteur, Drehbuch-Autor, Regisseur u.a. Staatstheater Mainz, Nationaltheater Mannheim)<\/p>\n\n\n\n<p class=\"wp-block-paragraph\" style=\"font-size:18px\">Spiel: <strong>CHRISTIAN KLISCHAT<\/strong>\u2002<br>(u.a. Staatstheater Wiesbaden, Nationaltheater Weimar, Staatstheater Darmstadt, Hans-Otto-Theater Potsdam)<\/p>\n\n\n\n<p class=\"wp-block-paragraph\" style=\"font-size:18px\"><strong>TRAILER:<\/strong><\/p>\n\n\n\n<figure class=\"wp-block-embed is-type-video is-provider-youtube wp-block-embed-youtube wp-embed-aspect-16-9 wp-has-aspect-ratio\"><div class=\"wp-block-embed__wrapper\">\n<div class=\"wpbf-responsive-embed\"><iframe loading=\"lazy\" hcb-fetch-image-from=\"https:\/\/www.youtube.com\/watch?v=nOOx3Aw-9rg\" title=\"SCHINDERHANNES Trailer - &quot;Ein Theatersolo mit Christian Klischat&quot;\" width=\"1200\" height=\"675\" src=\"https:\/\/www.youtube.com\/embed\/nOOx3Aw-9rg?feature=oembed\" frameborder=\"0\" allow=\"accelerometer; autoplay; clipboard-write; encrypted-media; gyroscope; picture-in-picture; web-share\" referrerpolicy=\"strict-origin-when-cross-origin\" allowfullscreen><\/iframe><\/div>\n<\/div><\/figure>\n\n\n\n<p class=\"wp-block-paragraph\"><\/p>\n","protected":false},"excerpt":{"rendered":"<p>Schinderhannes &#8222;SCHINDERHANNES &#8211; Das Alter wird die Krankheit nicht sein, an der ich sterbe&#8220;ein Theatersolo mit Christian Klischat in der alten Scheune von Inge &amp; Volker Eckert, Hauptstrasse 37, Klein-Winternheim [&hellip;]<\/p>\n","protected":false},"author":1,"featured_media":0,"parent":0,"menu_order":0,"comment_status":"closed","ping_status":"closed","template":"","meta":{"_crdt_document":"","footnotes":""},"class_list":["post-1364","page","type-page","status-publish","hentry","wpbf-post"],"_links":{"self":[{"href":"https:\/\/kiwi-kulturinitiative.de\/index.html\/wp-json\/wp\/v2\/pages\/1364","targetHints":{"allow":["GET"]}}],"collection":[{"href":"https:\/\/kiwi-kulturinitiative.de\/index.html\/wp-json\/wp\/v2\/pages"}],"about":[{"href":"https:\/\/kiwi-kulturinitiative.de\/index.html\/wp-json\/wp\/v2\/types\/page"}],"author":[{"embeddable":true,"href":"https:\/\/kiwi-kulturinitiative.de\/index.html\/wp-json\/wp\/v2\/users\/1"}],"replies":[{"embeddable":true,"href":"https:\/\/kiwi-kulturinitiative.de\/index.html\/wp-json\/wp\/v2\/comments?post=1364"}],"version-history":[{"count":18,"href":"https:\/\/kiwi-kulturinitiative.de\/index.html\/wp-json\/wp\/v2\/pages\/1364\/revisions"}],"predecessor-version":[{"id":2448,"href":"https:\/\/kiwi-kulturinitiative.de\/index.html\/wp-json\/wp\/v2\/pages\/1364\/revisions\/2448"}],"wp:attachment":[{"href":"https:\/\/kiwi-kulturinitiative.de\/index.html\/wp-json\/wp\/v2\/media?parent=1364"}],"curies":[{"name":"wp","href":"https:\/\/api.w.org\/{rel}","templated":true}]}}