{"id":1343,"date":"2024-01-23T10:21:38","date_gmt":"2024-01-23T10:21:38","guid":{"rendered":"https:\/\/kiwi-kulturinitiative.de\/index.html\/?page_id=1343"},"modified":"2024-02-06T16:42:17","modified_gmt":"2024-02-06T16:42:17","slug":"southbound-train","status":"publish","type":"page","link":"https:\/\/kiwi-kulturinitiative.de\/index.html\/southbound-train\/","title":{"rendered":"Southbound Train"},"content":{"rendered":"\n<p class=\"wp-block-paragraph\" style=\"font-size:32px\"><strong>Southbound Train &#8211; Bluesrock vom Feinsten<\/strong><\/p>\n\n\n\n<p class=\"wp-block-paragraph\" style=\"font-size:19px\"><strong>Konzert im Hof von Anette Fleck und Willi Raab<\/strong><br><strong>Waldstr. 2, 55270 Klein Winternheim<\/strong><br><strong><br>Southbound Train mit Gerd Vogel, Tom Bornemann, Arne Moos &amp; Robert Hennrich<\/strong><br><br><strong>Freitag, 3.Mai 19:00 h<\/strong>\u2003<br>(Einlass ab 17:45 h wegen Vorgruppe ab 18:15 h)<br><br><strong>Vorverkauf 16,00 \u20ac,&nbsp;Abendkasse&nbsp;18,00 \u20ac<\/strong><\/p>\n\n\n\n<div class=\"wp-block-buttons is-layout-flex wp-block-buttons-is-layout-flex\">\n<div class=\"wp-block-button has-custom-font-size has-medium-font-size\"><a class=\"wp-block-button__link has-text-color has-background has-link-color wp-element-button\" href=\"https:\/\/kiwi-kulturinitiative.de\/index.html\/tickets\/\" style=\"color:#f9ee6f;background-color:#4f0c7b\"><strong>Tickets<\/strong><\/a><\/div>\n<\/div>\n\n\n\n<figure class=\"wp-block-image size-full is-resized\"><img loading=\"lazy\" decoding=\"async\" width=\"700\" height=\"453\" src=\"https:\/\/kiwi-kulturinitiative.de\/wp-content\/uploads\/2024\/01\/Beitrag-Southbound.jpg\" alt=\"\" class=\"wp-image-1344\" style=\"width:578px;height:auto\" srcset=\"https:\/\/kiwi-kulturinitiative.de\/wp-content\/uploads\/2024\/01\/Beitrag-Southbound.jpg 700w, https:\/\/kiwi-kulturinitiative.de\/wp-content\/uploads\/2024\/01\/Beitrag-Southbound-300x194.jpg 300w\" sizes=\"auto, (max-width: 700px) 100vw, 700px\" \/><\/figure>\n\n\n\n<p class=\"wp-block-paragraph\">Mit der&nbsp; Band \u201eSouthbound Train\u201c&nbsp; erwartet uns eine Bluesrock-Formation rund um den Ausnahmegitarristen Gerd Vogel aus Wiesbaden. Am Bass spielt mit Tom Bornemann ein langj\u00e4hriger Weggef\u00e4hrte&nbsp; von Gerd Vogel noch aus Zeiten der Sunnyland Bluesband. Erg\u00e4nzt wird die Gruppe durch&nbsp; Arne Moos an den Drums und dem Blues &#8211; Urgestein Robert Hennrich mit seiner Blues -Harp, auch ein ex- Kollege von der Sunnyland Bluesband.<br>Die Sunnyland Bluesband hat 1993 das legend\u00e4re \u201eRock Over Germany\u201c \u2013 Festival in Mainz- Finthen vor 20.000 Zuschauern er\u00f6ffnet, bevor Musikgr\u00f6\u00dfen wie Joe Cocker, Tina Turner oder Rod Steward die B\u00fchne betraten.<br>Gerd Vogel und Tom Bornemann haben sich im Laufe ihrer Blues -Karriere bei zahlreichen Auftritten mit internationalen Blues-Gr\u00f6\u00dfen einen Namen gemacht. So spielten beide lange Zeit in der Begleitband von Marla Glen und &nbsp;tourten davor mit John Mayall&nbsp; durch die USA. 2000 folgte ein gemeinsamer Auftritt mit der Blueslegende B. B. King, der begeistert war von dem perfekten Slide-Gitarrenspiel von Gerd Vogel: \u201eI wish, I could play slide like you guys\u201c,wird er zitiert.<br>Gepr\u00e4gt von dem virtuosen und unverwechselbaren Bluesstil Gerd Vogels hat die Band ein breites Bluesrock &#8211; Repertoire im Programm. Neben eigenen Kompositionen reicht die Bandbreite von B.B. King \u00fcber Eric Clapton oder Muddy Waters bis hin zu dem fetzigen Bluesrock von&nbsp; Z Z &#8211; Top oder Jimmy Hendrix.<\/p>\n\n\n\n<p class=\"wp-block-paragraph\" style=\"font-size:16px\"><\/p>\n","protected":false},"excerpt":{"rendered":"<p>Southbound Train &#8211; Bluesrock vom Feinsten Konzert im Hof von Anette Fleck und Willi RaabWaldstr. 2, 55270 Klein WinternheimSouthbound Train mit Gerd Vogel, Tom Bornemann, Arne Moos &amp; Robert Hennrich [&hellip;]<\/p>\n","protected":false},"author":1,"featured_media":0,"parent":0,"menu_order":0,"comment_status":"closed","ping_status":"closed","template":"","meta":{"_crdt_document":"","footnotes":""},"class_list":["post-1343","page","type-page","status-publish","hentry","wpbf-post"],"_links":{"self":[{"href":"https:\/\/kiwi-kulturinitiative.de\/index.html\/wp-json\/wp\/v2\/pages\/1343","targetHints":{"allow":["GET"]}}],"collection":[{"href":"https:\/\/kiwi-kulturinitiative.de\/index.html\/wp-json\/wp\/v2\/pages"}],"about":[{"href":"https:\/\/kiwi-kulturinitiative.de\/index.html\/wp-json\/wp\/v2\/types\/page"}],"author":[{"embeddable":true,"href":"https:\/\/kiwi-kulturinitiative.de\/index.html\/wp-json\/wp\/v2\/users\/1"}],"replies":[{"embeddable":true,"href":"https:\/\/kiwi-kulturinitiative.de\/index.html\/wp-json\/wp\/v2\/comments?post=1343"}],"version-history":[{"count":7,"href":"https:\/\/kiwi-kulturinitiative.de\/index.html\/wp-json\/wp\/v2\/pages\/1343\/revisions"}],"predecessor-version":[{"id":1505,"href":"https:\/\/kiwi-kulturinitiative.de\/index.html\/wp-json\/wp\/v2\/pages\/1343\/revisions\/1505"}],"wp:attachment":[{"href":"https:\/\/kiwi-kulturinitiative.de\/index.html\/wp-json\/wp\/v2\/media?parent=1343"}],"curies":[{"name":"wp","href":"https:\/\/api.w.org\/{rel}","templated":true}]}}