{"id":1304,"date":"2024-01-22T11:05:53","date_gmt":"2024-01-22T11:05:53","guid":{"rendered":"https:\/\/kiwi-kulturinitiative.de\/index.html\/?page_id=1304"},"modified":"2024-08-09T14:10:30","modified_gmt":"2024-08-09T14:10:30","slug":"papiertheater-dramonie","status":"publish","type":"page","link":"https:\/\/kiwi-kulturinitiative.de\/index.html\/papiertheater-dramonie\/","title":{"rendered":"Die Klugen Leute"},"content":{"rendered":"\n<p class=\"has-text-color has-larger-font-size wp-block-paragraph\" style=\"color:#4f0c7b\"><strong>&#8222;Die Klugen Leute&#8220;<\/strong><\/p>\n\n\n\n<p class=\"wp-block-paragraph\" style=\"font-size:25px\"><strong>mit<\/strong> <strong>Papiertheater<\/strong> <strong>Dramonie<\/strong><\/p>\n\n\n\n<p class=\"wp-block-paragraph\">&#8230; die urspr\u00fcnglichste Form des analogen Papiertheaters f\u00fcr Erwachsene<\/p>\n\n\n\n<p class=\"has-medium-font-size wp-block-paragraph\"><strong>Rathaus Klein-Winternheim<\/strong>, <strong>Hauptstr. 6<\/strong><br><strong><br>Sonntag, 7. April, 15:30 h (Einlass ab 15:00 h)<br>Sonntag, 7. April, 17:30 h (Einlass ab 17:00 h)<\/strong><\/p>\n\n\n\n<figure class=\"wp-block-image size-large is-resized\"><img loading=\"lazy\" decoding=\"async\" width=\"1024\" height=\"840\" src=\"https:\/\/kiwi-kulturinitiative.de\/wp-content\/uploads\/2024\/01\/Die-Klugen-Leute-PR-Foto-mit-ganzem-Proszenium-1-1024x840.jpg\" alt=\"\" class=\"wp-image-1322\" style=\"width:528px;height:auto\" srcset=\"https:\/\/kiwi-kulturinitiative.de\/wp-content\/uploads\/2024\/01\/Die-Klugen-Leute-PR-Foto-mit-ganzem-Proszenium-1-1024x840.jpg 1024w, https:\/\/kiwi-kulturinitiative.de\/wp-content\/uploads\/2024\/01\/Die-Klugen-Leute-PR-Foto-mit-ganzem-Proszenium-1-300x246.jpg 300w, https:\/\/kiwi-kulturinitiative.de\/wp-content\/uploads\/2024\/01\/Die-Klugen-Leute-PR-Foto-mit-ganzem-Proszenium-1-768x630.jpg 768w, https:\/\/kiwi-kulturinitiative.de\/wp-content\/uploads\/2024\/01\/Die-Klugen-Leute-PR-Foto-mit-ganzem-Proszenium-1-1536x1261.jpg 1536w, https:\/\/kiwi-kulturinitiative.de\/wp-content\/uploads\/2024\/01\/Die-Klugen-Leute-PR-Foto-mit-ganzem-Proszenium-1.jpg 1907w\" sizes=\"auto, (max-width: 1024px) 100vw, 1024px\" \/><\/figure>\n\n\n\n<p class=\"has-medium-font-size wp-block-paragraph\">Zuschauerzahl je Vorstellung auf 30 begrenzt!<strong><br><a href=\"https:\/\/kiwi-kulturinitiative.de\/index.html\/tickets\/\">Vorverkauf 10,00 \u20ac<\/a>  \/  <\/strong>Tageskasse<strong> <\/strong>nur sehr begrenzt m\u00f6glich <\/p>\n\n\n\n<div class=\"wp-block-buttons is-layout-flex wp-block-buttons-is-layout-flex\">\n<div class=\"wp-block-button has-custom-font-size\" style=\"font-size:19px\"><a class=\"wp-block-button__link has-text-color has-background has-link-color wp-element-button\" href=\"https:\/\/kiwi-kulturinitiative.de\/index.html\/tickets\/\" style=\"color:#f9ee6f;background-color:#4f0c7b\"><strong>Tickets<\/strong><\/a><\/div>\n<\/div>\n\n\n\n<p class=\"wp-block-paragraph\">Das Papiertheater Dramonie ist eine Spielgruppe aus Wiesbaden, die, gegr\u00fcndet von dem Operns\u00e4nger und Musiker Alexander Spemann, vom Staatstheater Mainz, verschiedenste Produktionen in der Originalgr\u00f6\u00dfe des historischen Papiertheaters erstellt und spielt.<br>Die Mitspielenden Ursula Hering und Michael Dreesen sind ebenfalls auf den gro\u00dfen B\u00fchnen zuhause und widmen sich in ihrer Freizeit dieser kleinsten B\u00fchnen- und Theaterform.<br>Von komplett eigen erdachtem Stoff bis zu klassischen M\u00e4rchen oder selbst geschriebenen Adaptionen anderer Literatur findet sich Verschiedenstes in dem Repertoire des Papiertheaters Dramonie.<br>Ebenso wird auf unterschiedlichen B\u00fchnen produziert und gespielt, von der digital ausgestatteten, gro\u00dfen \u201eDramoniekiste\u201c bis zum \u201eDramonie Analogtheater\u201c, das komplett ohne Digitaltechnik daherkommt.<br>Die Produktion \u201eDie Klugen Leute\u201c ist eine Form eines wenig bekannten M\u00e4rchens der Br\u00fcder Grimm. Eine Einf\u00fchrung und Erkl\u00e4rung der Frage \u201eWas ist Papiertheater?\u201c\u2002wird vorangesetzt.<br>Gespielt wird hier auf dem \u201eDramonie Analogtheater\u201c, der urspr\u00fcnglichsten Form des Papiertheaters.<\/p>\n\n\n\n<figure class=\"wp-block-image size-large is-resized\"><img loading=\"lazy\" decoding=\"async\" width=\"1024\" height=\"640\" src=\"https:\/\/kiwi-kulturinitiative.de\/wp-content\/uploads\/2024\/01\/Die-Klugen-Leute-PR-Foto-Ausschnitt-1-1024x640.jpg\" alt=\"\" class=\"wp-image-1327\" style=\"width:537px;height:auto\" srcset=\"https:\/\/kiwi-kulturinitiative.de\/wp-content\/uploads\/2024\/01\/Die-Klugen-Leute-PR-Foto-Ausschnitt-1-1024x640.jpg 1024w, https:\/\/kiwi-kulturinitiative.de\/wp-content\/uploads\/2024\/01\/Die-Klugen-Leute-PR-Foto-Ausschnitt-1-300x188.jpg 300w, https:\/\/kiwi-kulturinitiative.de\/wp-content\/uploads\/2024\/01\/Die-Klugen-Leute-PR-Foto-Ausschnitt-1-768x480.jpg 768w, https:\/\/kiwi-kulturinitiative.de\/wp-content\/uploads\/2024\/01\/Die-Klugen-Leute-PR-Foto-Ausschnitt-1-1536x960.jpg 1536w, https:\/\/kiwi-kulturinitiative.de\/wp-content\/uploads\/2024\/01\/Die-Klugen-Leute-PR-Foto-Ausschnitt-1.jpg 1678w\" sizes=\"auto, (max-width: 1024px) 100vw, 1024px\" \/><\/figure>\n\n\n\n<p class=\"wp-block-paragraph\" style=\"font-size:16px\">.<\/p>\n\n\n\n<p class=\"wp-block-paragraph\" style=\"font-size:16px\"><\/p>\n\n\n\n<p class=\"wp-block-paragraph\"><\/p>\n","protected":false},"excerpt":{"rendered":"<p>&#8222;Die Klugen Leute&#8220; mit Papiertheater Dramonie &#8230; die urspr\u00fcnglichste Form des analogen Papiertheaters f\u00fcr Erwachsene Rathaus Klein-Winternheim, Hauptstr. 6Sonntag, 7. April, 15:30 h (Einlass ab 15:00 h)Sonntag, 7. April, 17:30 [&hellip;]<\/p>\n","protected":false},"author":1,"featured_media":0,"parent":0,"menu_order":0,"comment_status":"closed","ping_status":"closed","template":"","meta":{"_crdt_document":"","footnotes":""},"class_list":["post-1304","page","type-page","status-publish","hentry","wpbf-post"],"_links":{"self":[{"href":"https:\/\/kiwi-kulturinitiative.de\/index.html\/wp-json\/wp\/v2\/pages\/1304","targetHints":{"allow":["GET"]}}],"collection":[{"href":"https:\/\/kiwi-kulturinitiative.de\/index.html\/wp-json\/wp\/v2\/pages"}],"about":[{"href":"https:\/\/kiwi-kulturinitiative.de\/index.html\/wp-json\/wp\/v2\/types\/page"}],"author":[{"embeddable":true,"href":"https:\/\/kiwi-kulturinitiative.de\/index.html\/wp-json\/wp\/v2\/users\/1"}],"replies":[{"embeddable":true,"href":"https:\/\/kiwi-kulturinitiative.de\/index.html\/wp-json\/wp\/v2\/comments?post=1304"}],"version-history":[{"count":14,"href":"https:\/\/kiwi-kulturinitiative.de\/index.html\/wp-json\/wp\/v2\/pages\/1304\/revisions"}],"predecessor-version":[{"id":1756,"href":"https:\/\/kiwi-kulturinitiative.de\/index.html\/wp-json\/wp\/v2\/pages\/1304\/revisions\/1756"}],"wp:attachment":[{"href":"https:\/\/kiwi-kulturinitiative.de\/index.html\/wp-json\/wp\/v2\/media?parent=1304"}],"curies":[{"name":"wp","href":"https:\/\/api.w.org\/{rel}","templated":true}]}}