{"id":1271,"date":"2024-01-17T21:17:28","date_gmt":"2024-01-17T21:17:28","guid":{"rendered":"https:\/\/kiwi-kulturinitiative.de\/index.html\/?page_id=1271"},"modified":"2024-01-17T21:29:25","modified_gmt":"2024-01-17T21:29:25","slug":"jochen-lichtenthaeler","status":"publish","type":"page","link":"https:\/\/kiwi-kulturinitiative.de\/index.html\/jochen-lichtenthaeler\/","title":{"rendered":"Jochen Lichtenth\u00e4ler"},"content":{"rendered":"\n<p class=\"has-larger-font-size wp-block-paragraph\"><strong>Jochen Lichtenth\u00e4ler<\/strong><\/p>\n\n\n\n<figure class=\"wp-block-image size-large is-resized\"><img loading=\"lazy\" decoding=\"async\" width=\"1024\" height=\"684\" src=\"https:\/\/kiwi-kulturinitiative.de\/wp-content\/uploads\/2024\/01\/JL-Fischmarkt-Iran_HD-1024x684.jpg\" alt=\"\" class=\"wp-image-1276\" style=\"width:536px;height:auto\" srcset=\"https:\/\/kiwi-kulturinitiative.de\/wp-content\/uploads\/2024\/01\/JL-Fischmarkt-Iran_HD-1024x684.jpg 1024w, https:\/\/kiwi-kulturinitiative.de\/wp-content\/uploads\/2024\/01\/JL-Fischmarkt-Iran_HD-300x200.jpg 300w, https:\/\/kiwi-kulturinitiative.de\/wp-content\/uploads\/2024\/01\/JL-Fischmarkt-Iran_HD-768x513.jpg 768w, https:\/\/kiwi-kulturinitiative.de\/wp-content\/uploads\/2024\/01\/JL-Fischmarkt-Iran_HD-1536x1026.jpg 1536w, https:\/\/kiwi-kulturinitiative.de\/wp-content\/uploads\/2024\/01\/JL-Fischmarkt-Iran_HD.jpg 1920w\" sizes=\"auto, (max-width: 1024px) 100vw, 1024px\" \/><\/figure>\n\n\n\n<p class=\"wp-block-paragraph\">&#8222;Der Augenblick&#8220;<\/p>\n\n\n\n<p class=\"wp-block-paragraph\">Jochen Lichtenth\u00e4ler lebt als geb\u00fcrtiger Kurpf\u00e4lzer nach seinem Chemiestudium in Heidelberg seit 1994 mit seiner Frau in Rheinhessen &#8211; aktuell in Jugenheim. Sein Hobby Fotografie begleitet ihn seit der Jugend. Seine Bilder entstehen oft auf Reisen, aber auch im Alltag. Eine seiner Kameras ist immer griffbereit. <br>Nebenbei engagiert er sich im Vorstand der Kulturinitiative Jugenheim e.V., als Jugenheimer Ortsleitung der Kreis-vhs Mainz-Bingen und bei der &#8222;Fotogruppe im Mehrgenerationenhaus Ingelheim (FiM)<\/p>\n\n\n\n<p class=\"wp-block-paragraph\"><\/p>\n","protected":false},"excerpt":{"rendered":"<p>Jochen Lichtenth\u00e4ler &#8222;Der Augenblick&#8220; Jochen Lichtenth\u00e4ler lebt als geb\u00fcrtiger Kurpf\u00e4lzer nach seinem Chemiestudium in Heidelberg seit 1994 mit seiner Frau in Rheinhessen &#8211; aktuell in Jugenheim. Sein Hobby Fotografie begleitet [&hellip;]<\/p>\n","protected":false},"author":1,"featured_media":0,"parent":0,"menu_order":0,"comment_status":"closed","ping_status":"closed","template":"","meta":{"_crdt_document":"","footnotes":""},"class_list":["post-1271","page","type-page","status-publish","hentry","wpbf-post"],"_links":{"self":[{"href":"https:\/\/kiwi-kulturinitiative.de\/index.html\/wp-json\/wp\/v2\/pages\/1271","targetHints":{"allow":["GET"]}}],"collection":[{"href":"https:\/\/kiwi-kulturinitiative.de\/index.html\/wp-json\/wp\/v2\/pages"}],"about":[{"href":"https:\/\/kiwi-kulturinitiative.de\/index.html\/wp-json\/wp\/v2\/types\/page"}],"author":[{"embeddable":true,"href":"https:\/\/kiwi-kulturinitiative.de\/index.html\/wp-json\/wp\/v2\/users\/1"}],"replies":[{"embeddable":true,"href":"https:\/\/kiwi-kulturinitiative.de\/index.html\/wp-json\/wp\/v2\/comments?post=1271"}],"version-history":[{"count":3,"href":"https:\/\/kiwi-kulturinitiative.de\/index.html\/wp-json\/wp\/v2\/pages\/1271\/revisions"}],"predecessor-version":[{"id":1279,"href":"https:\/\/kiwi-kulturinitiative.de\/index.html\/wp-json\/wp\/v2\/pages\/1271\/revisions\/1279"}],"wp:attachment":[{"href":"https:\/\/kiwi-kulturinitiative.de\/index.html\/wp-json\/wp\/v2\/media?parent=1271"}],"curies":[{"name":"wp","href":"https:\/\/api.w.org\/{rel}","templated":true}]}}