{"id":1249,"date":"2024-01-17T15:38:15","date_gmt":"2024-01-17T15:38:15","guid":{"rendered":"https:\/\/kiwi-kulturinitiative.de\/index.html\/?page_id=1249"},"modified":"2026-02-27T23:43:15","modified_gmt":"2026-02-27T23:43:15","slug":"25-jahre-kiwi-bei-rheinhessenkultur","status":"publish","type":"page","link":"https:\/\/kiwi-kulturinitiative.de\/index.html\/25-jahre-kiwi-bei-rheinhessenkultur\/","title":{"rendered":"&#8222;rheinhessenKULTur&#8220;"},"content":{"rendered":"\n<figure class=\"wp-block-image size-full\"><img loading=\"lazy\" decoding=\"async\" width=\"598\" height=\"843\" src=\"https:\/\/kiwi-kulturinitiative.de\/wp-content\/uploads\/2026\/01\/Werbeflyer-Rhh-Koop-Vorderseite-2026.jpg\" alt=\"\" class=\"wp-image-2738\" srcset=\"https:\/\/kiwi-kulturinitiative.de\/wp-content\/uploads\/2026\/01\/Werbeflyer-Rhh-Koop-Vorderseite-2026.jpg 598w, https:\/\/kiwi-kulturinitiative.de\/wp-content\/uploads\/2026\/01\/Werbeflyer-Rhh-Koop-Vorderseite-2026-213x300.jpg 213w\" sizes=\"auto, (max-width: 598px) 100vw, 598px\" \/><\/figure>\n\n\n\n<figure class=\"wp-block-image size-full\"><img loading=\"lazy\" decoding=\"async\" width=\"598\" height=\"843\" src=\"https:\/\/kiwi-kulturinitiative.de\/wp-content\/uploads\/2026\/01\/Werbeflyer-Rhh-Koop-Rueckseite-2026.jpg\" alt=\"\" class=\"wp-image-2739\" srcset=\"https:\/\/kiwi-kulturinitiative.de\/wp-content\/uploads\/2026\/01\/Werbeflyer-Rhh-Koop-Rueckseite-2026.jpg 598w, https:\/\/kiwi-kulturinitiative.de\/wp-content\/uploads\/2026\/01\/Werbeflyer-Rhh-Koop-Rueckseite-2026-213x300.jpg 213w\" sizes=\"auto, (max-width: 598px) 100vw, 598px\" \/><\/figure>\n\n\n\n<p class=\"wp-block-paragraph\">___________________________________________________________________<\/p>\n\n\n\n<p class=\"has-large-font-size wp-block-paragraph\"><br><strong>Hier geht&#8217;s zu:<\/strong><\/p>\n\n\n\n<div class=\"wp-block-buttons is-layout-flex wp-block-buttons-is-layout-flex\">\n<div class=\"wp-block-button has-custom-width wp-block-button__width-50\"><a class=\"wp-block-button__link has-text-color has-background has-link-color has-large-font-size has-custom-font-size wp-element-button\" href=\"https:\/\/kiwi-kulturinitiative.de\/index.html\/kiwi-kultur-partner\/\" style=\"color:#f9ee6f;background-color:#4f0c7b\"><strong>Partner-Organisationen von KiWi<\/strong><\/a><\/div>\n<\/div>\n\n\n\n<p class=\"wp-block-paragraph\">___________________________________________________________________<\/p>\n\n\n\n<p class=\"has-large-font-size wp-block-paragraph\"><br><strong>Hier geht&#8217;s zur:<\/strong><\/p>\n\n\n\n<figure class=\"wp-block-image size-full is-resized\"><a href=\"https:\/\/www.rheinhessen-mitte.de\/rheinhessenkultur\"><img loading=\"lazy\" decoding=\"async\" width=\"674\" height=\"166\" src=\"https:\/\/kiwi-kulturinitiative.de\/wp-content\/uploads\/2024\/03\/rheinhessenKULTur-Button-2.jpg\" alt=\"\" class=\"wp-image-1649\" style=\"width:389px;height:auto\" srcset=\"https:\/\/kiwi-kulturinitiative.de\/wp-content\/uploads\/2024\/03\/rheinhessenKULTur-Button-2.jpg 674w, https:\/\/kiwi-kulturinitiative.de\/wp-content\/uploads\/2024\/03\/rheinhessenKULTur-Button-2-300x74.jpg 300w\" sizes=\"auto, (max-width: 674px) 100vw, 674px\" \/><\/a><\/figure>\n\n\n\n<p class=\"wp-block-paragraph\"><strong>Kooperation rheinhessischer Kunst- und Kulturveranstalter<\/strong><\/p>\n\n\n\n<p class=\"has-large-font-size wp-block-paragraph\">Die Vielfalt Rheinhessens zeigt sich nicht nur bei den zahllosen H\u00fcgeln, anspruchsvollen Weinen und malerischen D\u00f6rfern, sondern besticht auch durch eine lebendige und abwechslungsreiche Kunst- und Kulturlandschaft.&nbsp; Dazu tragen vor allem die vielen, zumeist ehrenamtlich t\u00e4tigen Kunst- und Kulturorganisationen in den rheinhessischen Gemeinden bei. Hier wird Gro\u00dfartiges geleistet, um auch im l\u00e4ndlichen Raum ein attraktives Kunst-und Kulturprogramm f\u00fcr Rheinhessen anzubieten. Dabei schaffen die Angebote auch stets eine M\u00f6glichkeit f\u00fcr Begegnung und Geselligkeit, sie bauen Vorurteile ab und erreichen, dass sich die Menschen in unseren Gemeinden n\u00e4her kommen. Dies geschieht zumeist generationen\u00fcbergreifend und f\u00f6rdert damit&nbsp;Miteinander und Integration. Unsere Gemeinden sollen durch ein reichhaltiges Kunst- und Kulturangebot noch lebens- und liebenswerter werden.<\/p>\n\n\n\n<p class=\"has-large-font-size wp-block-paragraph\">Rund 30, zumeist ehrenamtlich t\u00e4tige Kulturorganisationen tragen als Veranstalter dazu bei, Jahr f\u00fcr Jahr anspruchsvolle Programme aus fast allen Bereichen von Kunst und Kultur zu realisieren. Die einzelnen Organisationen arbeiten jedoch vollkommen unabh\u00e4ngig&nbsp; voneinander und ohne Austausch mit anderen Vereinen. Dabei g\u00e4be es&nbsp; ein beachtliches Potential, durch gegenseitige Kooperation voneinander zu lernen, ein gemeinsames \u201eNetzwerk\u201c zu entwickeln und bei ausgew\u00e4hlten Themen zusammenzuarbeiten.<\/p>\n\n\n\n<p class=\"has-large-font-size wp-block-paragraph\">Aus diesem Gedanken heraus hat sich im Jahr 2023 <strong><em>\u201erheinhessenKULTur\u201c<\/em><\/strong>&nbsp; entwickelt, die Kooperation rheinhessischer Kunst- und Kulturveranstalter.<br>KiWi ist bereits dieser Organisation beigetreten!<\/p>\n\n\n\n<p class=\"has-large-font-size wp-block-paragraph\">Dankenswerterweise wird unser Projekt &nbsp;durch das \u201eTouristik Center Rheinhessen Mitte\u201c&nbsp; in W\u00f6rrstadt unterst\u00fctzt. Hier findet Ihr auch unser Veranstaltungsprogramm und weitere Neuigkeiten zur Entwicklung der Kooperation:<\/p>\n\n\n\n<p class=\"has-text-align-left has-text-color has-regular-font-size wp-block-paragraph\" style=\"color:#4f0c7b\"> <br><\/p>\n\n\n\n<p class=\"wp-block-paragraph\"><\/p>\n","protected":false},"excerpt":{"rendered":"<p>___________________________________________________________________ Hier geht&#8217;s zu: ___________________________________________________________________ Hier geht&#8217;s zur: Kooperation rheinhessischer Kunst- und Kulturveranstalter Die Vielfalt Rheinhessens zeigt sich nicht nur bei den zahllosen H\u00fcgeln, anspruchsvollen Weinen und malerischen D\u00f6rfern, sondern [&hellip;]<\/p>\n","protected":false},"author":1,"featured_media":0,"parent":0,"menu_order":0,"comment_status":"closed","ping_status":"closed","template":"","meta":{"_crdt_document":"","footnotes":""},"class_list":["post-1249","page","type-page","status-publish","hentry","wpbf-post"],"_links":{"self":[{"href":"https:\/\/kiwi-kulturinitiative.de\/index.html\/wp-json\/wp\/v2\/pages\/1249","targetHints":{"allow":["GET"]}}],"collection":[{"href":"https:\/\/kiwi-kulturinitiative.de\/index.html\/wp-json\/wp\/v2\/pages"}],"about":[{"href":"https:\/\/kiwi-kulturinitiative.de\/index.html\/wp-json\/wp\/v2\/types\/page"}],"author":[{"embeddable":true,"href":"https:\/\/kiwi-kulturinitiative.de\/index.html\/wp-json\/wp\/v2\/users\/1"}],"replies":[{"embeddable":true,"href":"https:\/\/kiwi-kulturinitiative.de\/index.html\/wp-json\/wp\/v2\/comments?post=1249"}],"version-history":[{"count":24,"href":"https:\/\/kiwi-kulturinitiative.de\/index.html\/wp-json\/wp\/v2\/pages\/1249\/revisions"}],"predecessor-version":[{"id":2948,"href":"https:\/\/kiwi-kulturinitiative.de\/index.html\/wp-json\/wp\/v2\/pages\/1249\/revisions\/2948"}],"wp:attachment":[{"href":"https:\/\/kiwi-kulturinitiative.de\/index.html\/wp-json\/wp\/v2\/media?parent=1249"}],"curies":[{"name":"wp","href":"https:\/\/api.w.org\/{rel}","templated":true}]}}