{"id":1116,"date":"2023-06-11T14:19:16","date_gmt":"2023-06-11T14:19:16","guid":{"rendered":"https:\/\/kiwi-kulturinitiative.de\/index.html\/?page_id=1116"},"modified":"2024-12-14T19:24:51","modified_gmt":"2024-12-14T19:24:51","slug":"hanne-wiese-hildegard-boehmelmann-textil-design","status":"publish","type":"page","link":"https:\/\/kiwi-kulturinitiative.de\/index.html\/hanne-wiese-hildegard-boehmelmann-textil-design\/","title":{"rendered":"Hanne Wiese &#038; Hildegard B\u00f6hmelmann"},"content":{"rendered":"\n<p class=\"has-text-color has-larger-font-size wp-block-paragraph\" style=\"color:#4f0c7b\"><strong>Hanne Wiese &amp; Hildegard B\u00f6hmelmann<\/strong><\/p>\n\n\n\n<p class=\"wp-block-paragraph\">Wir sind Hanne Wiese &amp; Hildegard B\u00f6hmelmann.<br>Wir wohnen und kreieren Textil schon viele Jahre in Klein-Winternheim.<\/p>\n\n\n\n<figure class=\"wp-block-image size-large is-resized\"><img loading=\"lazy\" decoding=\"async\" width=\"873\" height=\"1024\" src=\"https:\/\/kiwi-kulturinitiative.de\/wp-content\/uploads\/2023\/06\/Hanne-Wiese-Mein-kunterbunter-Baby-Kinderquilt-873x1024.jpg\" alt=\"\" class=\"wp-image-1117\" style=\"width:461px;height:541px\" srcset=\"https:\/\/kiwi-kulturinitiative.de\/wp-content\/uploads\/2023\/06\/Hanne-Wiese-Mein-kunterbunter-Baby-Kinderquilt-873x1024.jpg 873w, https:\/\/kiwi-kulturinitiative.de\/wp-content\/uploads\/2023\/06\/Hanne-Wiese-Mein-kunterbunter-Baby-Kinderquilt-256x300.jpg 256w, https:\/\/kiwi-kulturinitiative.de\/wp-content\/uploads\/2023\/06\/Hanne-Wiese-Mein-kunterbunter-Baby-Kinderquilt-768x901.jpg 768w, https:\/\/kiwi-kulturinitiative.de\/wp-content\/uploads\/2023\/06\/Hanne-Wiese-Mein-kunterbunter-Baby-Kinderquilt.jpg 1088w\" sizes=\"auto, (max-width: 873px) 100vw, 873px\" \/><\/figure>\n\n\n\n<p class=\"wp-block-paragraph\">Hanne Wiese &#8211; &#8222;Mein kunterbunter Baby-\/Kinderquilt&#8220;, 100 x 130 cm<br> \u00a0<\/p>\n\n\n\n<figure class=\"wp-block-image size-large is-resized\"><img loading=\"lazy\" decoding=\"async\" width=\"923\" height=\"1024\" src=\"https:\/\/kiwi-kulturinitiative.de\/wp-content\/uploads\/2023\/06\/Hildegard-Boehmelmann-Quilt-923x1024.jpg\" alt=\"\" class=\"wp-image-1120\" style=\"width:457px;height:507px\" srcset=\"https:\/\/kiwi-kulturinitiative.de\/wp-content\/uploads\/2023\/06\/Hildegard-Boehmelmann-Quilt-923x1024.jpg 923w, https:\/\/kiwi-kulturinitiative.de\/wp-content\/uploads\/2023\/06\/Hildegard-Boehmelmann-Quilt-270x300.jpg 270w, https:\/\/kiwi-kulturinitiative.de\/wp-content\/uploads\/2023\/06\/Hildegard-Boehmelmann-Quilt-768x852.jpg 768w, https:\/\/kiwi-kulturinitiative.de\/wp-content\/uploads\/2023\/06\/Hildegard-Boehmelmann-Quilt.jpg 1200w\" sizes=\"auto, (max-width: 923px) 100vw, 923px\" \/><\/figure>\n\n\n\n<p class=\"wp-block-paragraph\">Hildegard B\u00f6hmelmann,  Quilt \u2013 f\u00fcr Kunstauktion \u201cUkrainehilfe\u201d gespendet<br><br>Beschreibung: Baby-Krabbel-Quilt,<br>3 Lagen: Obermaterial: Baumwolle, F\u00fcllung: Synthetik-Vlies, R\u00fcckseite: Polyestervlies,<br>92 x 105 cm, handgequiltet, hei\u00df waschbar<\/p>\n\n\n\n<p class=\"wp-block-paragraph\">Hildegard B\u00f6hmelmann ist Autodidaktin seit ca. 2000 und besucht Kurse in Textilgestaltung bei in- und ausl\u00e4ndischen Quilt-K\u00fcnstlerinnen.<\/p>\n\n\n\n<p class=\"wp-block-paragraph\"><\/p>\n\n\n\n<p class=\"wp-block-paragraph\"><\/p>\n","protected":false},"excerpt":{"rendered":"<p>Hanne Wiese &amp; Hildegard B\u00f6hmelmann Wir sind Hanne Wiese &amp; Hildegard B\u00f6hmelmann.Wir wohnen und kreieren Textil schon viele Jahre in Klein-Winternheim. Hanne Wiese &#8211; &#8222;Mein kunterbunter Baby-\/Kinderquilt&#8220;, 100 x 130 [&hellip;]<\/p>\n","protected":false},"author":1,"featured_media":0,"parent":0,"menu_order":0,"comment_status":"closed","ping_status":"closed","template":"","meta":{"_crdt_document":"","footnotes":""},"class_list":["post-1116","page","type-page","status-publish","hentry","wpbf-post"],"_links":{"self":[{"href":"https:\/\/kiwi-kulturinitiative.de\/index.html\/wp-json\/wp\/v2\/pages\/1116","targetHints":{"allow":["GET"]}}],"collection":[{"href":"https:\/\/kiwi-kulturinitiative.de\/index.html\/wp-json\/wp\/v2\/pages"}],"about":[{"href":"https:\/\/kiwi-kulturinitiative.de\/index.html\/wp-json\/wp\/v2\/types\/page"}],"author":[{"embeddable":true,"href":"https:\/\/kiwi-kulturinitiative.de\/index.html\/wp-json\/wp\/v2\/users\/1"}],"replies":[{"embeddable":true,"href":"https:\/\/kiwi-kulturinitiative.de\/index.html\/wp-json\/wp\/v2\/comments?post=1116"}],"version-history":[{"count":6,"href":"https:\/\/kiwi-kulturinitiative.de\/index.html\/wp-json\/wp\/v2\/pages\/1116\/revisions"}],"predecessor-version":[{"id":2091,"href":"https:\/\/kiwi-kulturinitiative.de\/index.html\/wp-json\/wp\/v2\/pages\/1116\/revisions\/2091"}],"wp:attachment":[{"href":"https:\/\/kiwi-kulturinitiative.de\/index.html\/wp-json\/wp\/v2\/media?parent=1116"}],"curies":[{"name":"wp","href":"https:\/\/api.w.org\/{rel}","templated":true}]}}