{"id":1062,"date":"2023-04-24T21:13:37","date_gmt":"2023-04-24T21:13:37","guid":{"rendered":"https:\/\/kiwi-kulturinitiative.de\/index.html\/?page_id=1062"},"modified":"2023-04-24T21:14:25","modified_gmt":"2023-04-24T21:14:25","slug":"25-jahre-kiwi-wie-geht-es-weiter","status":"publish","type":"page","link":"https:\/\/kiwi-kulturinitiative.de\/index.html\/25-jahre-kiwi-wie-geht-es-weiter\/","title":{"rendered":"25-Jahre-KiWi &#8211; wie geht es weiter"},"content":{"rendered":"\n<p class=\"has-text-color has-larger-font-size wp-block-paragraph\" style=\"color:#4f0c7b\"><strong>25-Jahre-KiWi &#8211; wie geht es weiter<\/strong><\/p>\n\n\n\n<p class=\"has-text-align-left has-text-color has-regular-font-size wp-block-paragraph\" style=\"color:#4f0c7b\">Bei KiWi gehen wir grunds\u00e4tzlich kritisch mit unserem Kulturangebot um und fragen uns je nach Besuch einzelner Genres oder Veranstaltungen, ob es denn sinnhaftig ist, an eine Fortf\u00fchrung im n\u00e4chsten Programm zu denken oder eher nicht. Aber ein 25 j\u00e4hriger Geburtstag ist nat\u00fcrlich ein besonderer Grund einmal kurz innezuhalten und sich zu fragen, wie es denn weitergehen kann.<br>Wir hatten in den zur\u00fcckliegenden Jahren eine unglaubliche Breite an Kultur-Angeboten in unserem Repertoire und haben gef\u00fchlt kein Genre<br>ausgelassen. Aber mit den Jahren ver\u00e4ndert sich der Zeitgeist und nat\u00fcrlich ist auch unser Publikum mit uns \u00e4lter geworden.<br>Das hat Einflu\u00df auf die Art der Programme, die nachgefragt werden und sich eines guten Publikumszuspruches erfreuen.<br>Andererseits darf das nicht bedeuten, dass KiWi nur Programme anbieten sollte, die im sogenannten \u201eMainstream\u201c liegen. Wir sehen es durchaus als unsere Aufgabe an, gelegentlich Nischenprogramme aufzunehmen, solange das finanzielle Risiko tragbar erscheint. Beispielsweise haben wir in 2022 mit der \u201eBoogie-Woogie-Night\u201c ein f\u00fcr KiWi neues Genre in das Programm aufgenommen. Die anwesenden Zuschauer waren begeistert und haben uns ermutigt auch im neuen Programm mit diesem Thema fortzufahren ( 7.Okt.: Thomas Scheytt).<br>Nat\u00fcrlich m\u00fcssen wir die Programme auch an die Kapazit\u00e4ten unserer ehrenamtlich aktiven Vereinsmitglieder anpassen.<br>Daher setzen wir eher auf eine breite Vielfalt im Programm-Angebot, statt auf organisatorisch sehr zeitintensive Veranstaltungen, wohlwissend, dass z.B. die langj\u00e4hrigen Formate \u201eJazz in der Garage\u201c und \u201eRock im Weingut\u201c f\u00fcr KiWi beachtliche Erfolge waren.<br>Die Grenzen in der zuk\u00fcnftigen Programmgestaltung sind jedenfalls nicht durch mangelnde Ideen gegeben, sondern eher durch die Anzahl von Menschen im Verein, die bereit sind Veranstaltungen zu planen und umzusetzen.<br>Unsere Kreativit\u00e4t in Bezug auf denkbare Formate und Veranstaltungsinhalte ist schier grenzenlos, nicht aber die \u201eManpower\u201c die uns f\u00fcr deren Umsetzung zur Verf\u00fcgung steht. Die Anwerbung aktiver Mitglieder bleibt somit auch f\u00fcr die Zukunft ein wichtiges Thema!<br>Selbstverst\u00e4ndlich fragen wir uns, wie wir das KiWi \u2013 Angebot f\u00fcr j\u00fcngere Menschen attraktiv gestalten k\u00f6nnen. Dazu wollen wir zuk\u00fcnftig verst\u00e4rkt auch j\u00fcngere K\u00fcnstler auftreten lassen (25. Feb.: Giuseppe Sortino) oder Genres anbieten, die auch ein j\u00fcngeres Publikum ansprechen (17. Sept.: Sascha Hartmann). <br>Zur \u201eVerj\u00fcngung\u201c des Kiwi-Programms geh\u00f6rt es aber auch, weiterhin mit Elan daran zu arbeiten, j\u00fcngere B\u00fcrgerinnen und B\u00fcrger von Klein-<br>Winternheim daf\u00fcr zu begeistern, sich f\u00fcr Kulturarbeit ehrenamtlich einzubringen und bei KiWi mitzuwirken. Der Erfolg bei diesem Thema hat gro\u00dfen Einfluss auf unsere zuk\u00fcnftige Arbeit.<br>Schaut man durch die \u201ekulturelle Brille\u201c in die rheinhessische Landschaft, so entdeckt man in vielen unserer Nachbargemeinden ebenfalls Kulturvereine, die ein \u00e4hnliches Anliegen haben wie KiWi:<br>Sie wollen mehr Leben in die kulturelle Bude ihrer Gemeinde bringen!<br>Fast all diese Vereine haben die gleichen Herausforderungen wie KiWi zu meistern und somit erscheint es sinnvoll, hier in einen Austausch zu gehen, um im Sinne von \u201ebest practice\u201c seine jeweiligen Arbeitsweisen zu vergleichen und zu lernen, was man besser machen kann.<br>M\u00f6glicherweise liegt in fallweisen Kooperationen mit anderen Kulturorganisationen auch ein Schl\u00fcssel f\u00fcr mehr Effizienz, wenn es gelingt Synergien zu finden z. B. in einer projektbezogenen Zusammenarbeit oder durch B\u00fcndelung von \u201eWerbung\u201c. Die Kontakte sind hergestellt und wir werden dieses Thema weiter verfolgen.<br>Somit schreitet die Weiterentwicklung von KiWi, ausgehend von einer soliden Basis an Erfahrung, einer stabilen Gruppe aktiver Vereinsmitglieder und eines sicheren finanziellem R\u00fcckhalts voran.<br>Wir wollen auch weiterhin Bew\u00e4hrtes mit Neuem verbinden und streben eine gro\u00dfe Breite unterschiedlichster Formate und Inhalte an.<br>Dabei gibt es auch weitere Kulturfelder, die wir uns bei KiWi vorstellen k\u00f6nnen, z.B. \u201eGartenkultur\u201c oder \u201eEsskultur\u201c mit einem musikbegleiteten \u201eWine-And-Dine-Abend\u201c.<br>Gerne nehmen wir aber auch von unseren Vereinsmitgliedern Anregungen auf, die der Weiterentwicklung eine Richtung geben k\u00f6nnen. Nutzen Sie KiWi auch als eine \u201ePlattform\u201c, mit deren Hilfe sie ihre \u201eKultur\u201c in den Ort holen \u2013 sprechen sie mit uns.<\/p>\n\n\n\n<p class=\"wp-block-paragraph\"><\/p>\n","protected":false},"excerpt":{"rendered":"<p>25-Jahre-KiWi &#8211; wie geht es weiter Bei KiWi gehen wir grunds\u00e4tzlich kritisch mit unserem Kulturangebot um und fragen uns je nach Besuch einzelner Genres oder Veranstaltungen, ob es denn sinnhaftig [&hellip;]<\/p>\n","protected":false},"author":1,"featured_media":0,"parent":0,"menu_order":0,"comment_status":"closed","ping_status":"closed","template":"","meta":{"_crdt_document":"","footnotes":""},"class_list":["post-1062","page","type-page","status-publish","hentry","wpbf-post"],"_links":{"self":[{"href":"https:\/\/kiwi-kulturinitiative.de\/index.html\/wp-json\/wp\/v2\/pages\/1062","targetHints":{"allow":["GET"]}}],"collection":[{"href":"https:\/\/kiwi-kulturinitiative.de\/index.html\/wp-json\/wp\/v2\/pages"}],"about":[{"href":"https:\/\/kiwi-kulturinitiative.de\/index.html\/wp-json\/wp\/v2\/types\/page"}],"author":[{"embeddable":true,"href":"https:\/\/kiwi-kulturinitiative.de\/index.html\/wp-json\/wp\/v2\/users\/1"}],"replies":[{"embeddable":true,"href":"https:\/\/kiwi-kulturinitiative.de\/index.html\/wp-json\/wp\/v2\/comments?post=1062"}],"version-history":[{"count":1,"href":"https:\/\/kiwi-kulturinitiative.de\/index.html\/wp-json\/wp\/v2\/pages\/1062\/revisions"}],"predecessor-version":[{"id":1064,"href":"https:\/\/kiwi-kulturinitiative.de\/index.html\/wp-json\/wp\/v2\/pages\/1062\/revisions\/1064"}],"wp:attachment":[{"href":"https:\/\/kiwi-kulturinitiative.de\/index.html\/wp-json\/wp\/v2\/media?parent=1062"}],"curies":[{"name":"wp","href":"https:\/\/api.w.org\/{rel}","templated":true}]}}