{"id":1057,"date":"2023-04-24T21:02:56","date_gmt":"2023-04-24T21:02:56","guid":{"rendered":"https:\/\/kiwi-kulturinitiative.de\/index.html\/?page_id=1057"},"modified":"2023-04-24T21:04:08","modified_gmt":"2023-04-24T21:04:08","slug":"25-jahre-kiwi-vorstaende-chronologisch","status":"publish","type":"page","link":"https:\/\/kiwi-kulturinitiative.de\/index.html\/25-jahre-kiwi-vorstaende-chronologisch\/","title":{"rendered":"25-Jahre-KiWi &#8211; die Vorst\u00e4nde in der Geschichte"},"content":{"rendered":"\n<p class=\"has-text-color has-larger-font-size wp-block-paragraph\" style=\"color:#4f0c7b\"><strong>25-Jahre-KiWi &#8211; die Vorst\u00e4nde in der Geschichte<\/strong><\/p>\n\n\n\n<p class=\"has-text-align-left has-text-color has-regular-font-size wp-block-paragraph\" style=\"color:#4f0c7b\"><br>Seit der Gr\u00fcndung von KiWi im Jahre 1998 haben sich bis heute zahlreiche Klein-Winternheimer daf\u00fcr eingesetzt, die Kulturarbeit im Ort zu f\u00f6rdern und ihre Bereitschaft durch die \u00dcbernahme eines \u201eEhrenamtes\u201c in der Leitung des Vereines aktiv unter Beweis gestellt.<br>Sie alle haben einen gro\u00dfen Teil ihrer Freizeit f\u00fcr die Ziele und Ideen von KiWi eingesetzt und damit auch einen \u201eDienst\u201c an der Allgemeinheit, den B\u00fcrgerinnen und B\u00fcrgern des Ortes geleistet.<br>Dieses gemeinn\u00fctzige Engagement kann man nicht hoch genug bewerten und es gilt all jenen Dank zu sagen, die KiWi in den vergangenen 25 Jahren mit ihrer Initiative, ihrer Kompetenz und ihrer Kreativit\u00e4t gef\u00fchrt und weiterentwickelt haben.<br>Insbesondere gilt unser Dank an dieser Stelle auch Olaf Muhl, der von der ersten Stunde an dabei war und KiWi mit seinem unermesslichen Einsatz gro\u00df gemacht hat. Etliche KiWi \u2013 Formate gehen auf seine Initiative zur\u00fcck, insbesondere die Veranstaltungsreihe \u201eJazz in der Garage\u201c im ehemaligen Klein-Winternheimer KFZ \u2013 Betrieb Kilicaslan. Zahlreiche namhafte K\u00fcnstler konnten wir zu Auftritten in dieser Werkstatt in unsere Gemeinde \u201elocken\u201c.<br>Es waren aber nicht nur die Vorst\u00e4nde und Beisitzer des Vereines, welche die fast 200 Veranstaltungen der Vereinsgeschichte geplant und organisiert haben, sondern auch die vielen \u201eKiWi \u2013 Vereinsmitglieder\u201c, ohne deren Hilfe wir das nicht h\u00e4tten erm\u00f6glichen k\u00f6nnen \u2013 vielen Dank an alle Helfer!<br>Unser Dank gilt in diesem Zusammenhang aber auch unserem Publikum, Vereinsmitgliedern und externen G\u00e4sten, die KiWi \u00fcber diese lange Zeit die Treue gehalten haben und unserem Kulturangebot erst einen Sinn geben.<br>Es ist das Publikum, das uns durch den Besuch unserer Veranstaltungen motiviert und anspornt, KiWi eine Zukunft zu geben.<br><\/p>\n\n\n\n<figure class=\"wp-block-image size-large\"><img loading=\"lazy\" decoding=\"async\" width=\"722\" height=\"1024\" src=\"https:\/\/kiwi-kulturinitiative.de\/wp-content\/uploads\/2023\/04\/27-Vorstaende-links-722x1024.jpg\" alt=\"\" class=\"wp-image-1058\" srcset=\"https:\/\/kiwi-kulturinitiative.de\/wp-content\/uploads\/2023\/04\/27-Vorstaende-links-722x1024.jpg 722w, https:\/\/kiwi-kulturinitiative.de\/wp-content\/uploads\/2023\/04\/27-Vorstaende-links-211x300.jpg 211w, https:\/\/kiwi-kulturinitiative.de\/wp-content\/uploads\/2023\/04\/27-Vorstaende-links-768x1090.jpg 768w, https:\/\/kiwi-kulturinitiative.de\/wp-content\/uploads\/2023\/04\/27-Vorstaende-links-1083x1536.jpg 1083w, https:\/\/kiwi-kulturinitiative.de\/wp-content\/uploads\/2023\/04\/27-Vorstaende-links-1444x2048.jpg 1444w, https:\/\/kiwi-kulturinitiative.de\/wp-content\/uploads\/2023\/04\/27-Vorstaende-links.jpg 1748w\" sizes=\"auto, (max-width: 722px) 100vw, 722px\" \/><\/figure>\n","protected":false},"excerpt":{"rendered":"<p>25-Jahre-KiWi &#8211; die Vorst\u00e4nde in der Geschichte Seit der Gr\u00fcndung von KiWi im Jahre 1998 haben sich bis heute zahlreiche Klein-Winternheimer daf\u00fcr eingesetzt, die Kulturarbeit im Ort zu f\u00f6rdern und [&hellip;]<\/p>\n","protected":false},"author":1,"featured_media":0,"parent":0,"menu_order":0,"comment_status":"closed","ping_status":"closed","template":"","meta":{"_crdt_document":"","footnotes":""},"class_list":["post-1057","page","type-page","status-publish","hentry","wpbf-post"],"_links":{"self":[{"href":"https:\/\/kiwi-kulturinitiative.de\/index.html\/wp-json\/wp\/v2\/pages\/1057","targetHints":{"allow":["GET"]}}],"collection":[{"href":"https:\/\/kiwi-kulturinitiative.de\/index.html\/wp-json\/wp\/v2\/pages"}],"about":[{"href":"https:\/\/kiwi-kulturinitiative.de\/index.html\/wp-json\/wp\/v2\/types\/page"}],"author":[{"embeddable":true,"href":"https:\/\/kiwi-kulturinitiative.de\/index.html\/wp-json\/wp\/v2\/users\/1"}],"replies":[{"embeddable":true,"href":"https:\/\/kiwi-kulturinitiative.de\/index.html\/wp-json\/wp\/v2\/comments?post=1057"}],"version-history":[{"count":1,"href":"https:\/\/kiwi-kulturinitiative.de\/index.html\/wp-json\/wp\/v2\/pages\/1057\/revisions"}],"predecessor-version":[{"id":1060,"href":"https:\/\/kiwi-kulturinitiative.de\/index.html\/wp-json\/wp\/v2\/pages\/1057\/revisions\/1060"}],"wp:attachment":[{"href":"https:\/\/kiwi-kulturinitiative.de\/index.html\/wp-json\/wp\/v2\/media?parent=1057"}],"curies":[{"name":"wp","href":"https:\/\/api.w.org\/{rel}","templated":true}]}}