{"id":1045,"date":"2023-04-24T20:47:25","date_gmt":"2023-04-24T20:47:25","guid":{"rendered":"https:\/\/kiwi-kulturinitiative.de\/index.html\/?page_id=1045"},"modified":"2023-04-24T20:47:25","modified_gmt":"2023-04-24T20:47:25","slug":"25-jahre-kiwi-gruendung-2","status":"publish","type":"page","link":"https:\/\/kiwi-kulturinitiative.de\/index.html\/25-jahre-kiwi-gruendung-2\/","title":{"rendered":"25-Jahre-KiWi &#8211; von der Gr\u00fcndung bis heute"},"content":{"rendered":"\n<p class=\"has-text-color has-larger-font-size wp-block-paragraph\" style=\"color:#4f0c7b\"><strong>25-Jahre-KiWi &#8211; von der Gr\u00fcndung bis heute<\/strong><\/p>\n\n\n\n<p class=\"has-text-align-left has-text-color has-regular-font-size wp-block-paragraph\" style=\"color:#4f0c7b\">Nach der Gr\u00fcndung von KiWi im Jahre 1998 ist die Kulturinitiative schnell gewachsen und konnte knapp 10 Jahre sp\u00e4ter schon 60 Mitglieder als Bestandteil der Klein-Winternheimer Kulturszene z\u00e4hlen.<br>In den ersten Jahren waren es vor allem die spektakul\u00e4ren Auftritte der Kaiserslauterner Kultband \u201eSoul Providers\u201c im Weingut V. Eckert, die KiWi weit \u00fcber die Grenzen des Ortes bekannt gemacht haben.<br>Doch das Programm ging weit \u00fcber Soul-Musik hinaus, wurde zunehmend bunter und vielf\u00e4ltiger. Formate wie \u201eJazz in der Garage\u201c und \u201eRock im Weingut\u201c wurden etabliert und haben \u00fcber viele Jahre namhafte K\u00fcnstler nach Klein-Winternheim<br>gelockt (u.a. Trance Groove, Nighthawks \/ Garage und Wolf Maahn \/ Weingut).<br>In erster Linie f\u00fcr Jugendliche und Familien waren die Open-Air-Kino-Veranstaltungen im Garten des Biohofes Schreiber gedacht, die oftmals<br>ihren Kampf mit dem Wetter ausfechten mussten.<br>Im Dezember 2006 vergab die Verbandsgemeinde Nieder-Olm zum sechsten Male ihren Ehrenamtspreis f\u00fcr Kulturschaffende aus der VG &#8211; diesmal auch an KiWi. Dies war eine gro\u00dfe Anerkennung f\u00fcr die Arbeit aller im Verein ehrenamtlich T\u00e4tigen und Ansporn, auf dem eingeschlagenen Weg weiter fortzufahren. Dabei war es stets das Ansinnen von KiWi , Begegnungen zwischen den Generationen zu initiieren und f\u00fcr alle Altersgruppen ein Angebot zu bieten.<br>Auch die Kleinsten wurden mit Lesungen aus Kinderb\u00fcchern und den Vorf\u00fchrungen der Theatergruppe 3PUNKT1, sowie von Weihnachtsm\u00e4rchen durch das Volkstheater Mainz nicht vergessen.<br>Unvergessen sind auch die Events im Rahmen der Reihe \u201eCubanische N\u00e4chte\u201c mit hei\u00dfen karibischen Rhythmen und coolen Drinks<br>\u2013 ein gerne besuchtes Sommer-Format.<br>Auch ein gro\u00dfer Erfolg: Auftritt von \u201eMusical Factory\u201c in der Haybachhalle \u2013 Partystimmung pur.<br>Die ganze Familie wurde angesprochen, wenn in den Innenhof des Hauses Ritzinger zum Fr\u00fchschoppen geladen wurde, zu World Music, Folk, Jazz, Blues oder Rock. Dazu meist ein passendes Angebot an Speisen und Getr\u00e4nken, wenn m\u00f6glich angepa\u00dft an die Herkunft der jeweiligen K\u00fcnstler. Dieses Format hat sich bis heute behauptet und erh\u00e4lt in den letzten Jahren wieder \u201eAuftrieb\u201c durch die chilligen Auftritte der \u201eRockin\u00b4Blues Band\u201c aus Mainz (auch in diesem Jahr: 18. Juni 2023).<br>Ebenfalls das Haus Ritzinger, die Haybach-Halle und der Rathaus-Saal waren immer wieder Schaupl\u00e4tze von Ausstellungen der Bereiche Fotografie, Malerei, Skulpturen, Schmuckdesign oder textilem Gestalten. Im Jahr 2007 erfolgte der Aufruf von KiWi an die Klein-Winternheimer, ihr \u201ekreatives Potential aus ihren Wohnzimmern zu holen\u201c. Daraus ist ein etabliertes Format des KiWi-Jahres-Programms \u201eKlein-Winternheimer Kreativit\u00e4t\u201c geworden.<br>In jeder Ausstellung pr\u00e4sentiert stets ein\/eine Gastk\u00fcnstler*in ihre Werke. (Kunstausstellung \u2013 \u201eKlein-Winternheimer Kreative\u201c: 17. Juni 2023). <br>So hatte sich KiWi \u00fcber die Jahre zu einem gut funktionierenden \u201eMotor\u201c f\u00fcr die Belebung der \u00f6rtlichen Kultur etabliert und ist zum festen Bestandteil des Gemeindegeschehens geworden. Meist gut besuchte Veranstaltungen spornen uns an, das Programm aufrecht zu erhalten und auch Neues auszuprobieren.<br>Erst mit dem Ausbruch der Corona \u2013 Krise 2020 gab es im Kulturbetrieb einen herben R\u00fcckschlag f\u00fcr unsere Arbeit. Doch auch in dieser Zeit, als Live\u2013Veranstaltungen nicht durchgef\u00fchrt werden konnten, war KiWi kreativ und hat das Format \u201eKiWi\u2013Online\u201c entwickelt.<br>Auf diese Weise ist es m\u00f6glich geworden, auch vom h\u00e4uslichen Sofa aus Live-Kultur am Bildschirm zu erleben, verbunden mit dem sonst \u00fcblichen Gl\u00e4schen Wein. Die beiden Online-Veranstaltungen mit \u201eAbsinto Orkestra\u201c und \u201eLa Finesse\u201c waren ausgezeichnet besucht und ein gro\u00dfer Erfolg, auch dank der Zusammenarbeit mit dem Weingut V. Eckert und integrierter Weinprobe, sowie den ehrenamtlichen Moderatoren Werner Eckert und Marc Deutsch.<br>Im Jahr des 25.Geburtstages steht KiWi gut dar: 92 stimmberechtigte Vereinsmitglieder und eine sehr stabile finanzielle Situation erlauben es uns, auch weiterhin ein anspruchsvolles und vielseitiges Kulturangebot zu unterbreiten. Dies wird aber nur m\u00f6glich durch die engagierten Aktiven des Vereins, die gerade f\u00fcr das Jubil\u00e4umsjahr ein ambitioniertes Programm mit 10 Veranstaltungen zusammengestellt haben (s. Jahresprogramm 2023).<br>Unterst\u00fctzen sie bitte weiterhin die ehrenamtliche Arbeit von KiWi in Klein-Winternheim, um das Feuer am Brennen zu halten und weiterhin Leben in die \u201ekulturelle Bude\u201c zu bringen &#8211; denn Kultur tut gut!<br>Besuchen sie unsere Veranstaltungen, werden sie Mitglied bei KiWi oder arbeiten sie aktiv mit bei der Planung und Durchf\u00fchrung von Kultur-<br>Veranstaltungen im Ort \u2013 bleiben sie uns gewogen!<br><\/p>\n","protected":false},"excerpt":{"rendered":"<p>25-Jahre-KiWi &#8211; von der Gr\u00fcndung bis heute Nach der Gr\u00fcndung von KiWi im Jahre 1998 ist die Kulturinitiative schnell gewachsen und konnte knapp 10 Jahre sp\u00e4ter schon 60 Mitglieder als [&hellip;]<\/p>\n","protected":false},"author":1,"featured_media":0,"parent":0,"menu_order":0,"comment_status":"closed","ping_status":"closed","template":"","meta":{"_crdt_document":"","footnotes":""},"class_list":["post-1045","page","type-page","status-publish","hentry","wpbf-post"],"_links":{"self":[{"href":"https:\/\/kiwi-kulturinitiative.de\/index.html\/wp-json\/wp\/v2\/pages\/1045","targetHints":{"allow":["GET"]}}],"collection":[{"href":"https:\/\/kiwi-kulturinitiative.de\/index.html\/wp-json\/wp\/v2\/pages"}],"about":[{"href":"https:\/\/kiwi-kulturinitiative.de\/index.html\/wp-json\/wp\/v2\/types\/page"}],"author":[{"embeddable":true,"href":"https:\/\/kiwi-kulturinitiative.de\/index.html\/wp-json\/wp\/v2\/users\/1"}],"replies":[{"embeddable":true,"href":"https:\/\/kiwi-kulturinitiative.de\/index.html\/wp-json\/wp\/v2\/comments?post=1045"}],"version-history":[{"count":1,"href":"https:\/\/kiwi-kulturinitiative.de\/index.html\/wp-json\/wp\/v2\/pages\/1045\/revisions"}],"predecessor-version":[{"id":1047,"href":"https:\/\/kiwi-kulturinitiative.de\/index.html\/wp-json\/wp\/v2\/pages\/1045\/revisions\/1047"}],"wp:attachment":[{"href":"https:\/\/kiwi-kulturinitiative.de\/index.html\/wp-json\/wp\/v2\/media?parent=1045"}],"curies":[{"name":"wp","href":"https:\/\/api.w.org\/{rel}","templated":true}]}}